{"id":9703,"date":"2024-07-08T09:03:39","date_gmt":"2024-12-03T12:41:02","guid":{"rendered":"https:\/\/syncro-group.com\/syncro-dry\/?post_type=product&#038;p=9703"},"modified":"2025-10-28T16:05:27","modified_gmt":"2025-10-28T15:05:27","slug":"crystallize-to-melt-ctm","status":"publish","type":"product","link":"https:\/\/www.sy-dry.com\/it\/product\/crystallize-to-melt-ctm\/","title":{"rendered":"C2M"},"content":{"rendered":"<ul class=\"advantages\"><li>EASY ACCESS\u201d E OPZIONE \u201cHYGINIC DESIGN\u201d I cristallizzatori della serie CTM si distinguono per la semplicit\u00e0 di accesso alla tramoggia mescolata: la loro caratteristica sagoma \u201csquadrata\u201d \u00e8 stata progettata per garantire la facile pulizia delle parti interne, cos\u00ec da ridurre al minimo i tempi di riavvio tra una campagna e l\u2019altra. Nell\u2019esclusiva versione in \u201chygienic design\u201d, inoltre, sono perfetti per tutti gli utilizzatori che hanno non solo necessit\u00e0 di cambio di materiale, ma anche di bonifica completa dell\u2019apparecchiatura per evitare ogni minima contaminazione (per esempio, i produttori di masterbatch a base di PET).<\/li><li>FUNZIONE DI START-UP In fase di avvio del processo \u2013 ovvero quando il cristallizzatore \u00e8 vuoto \u2013 il materiale viene ricircolato dal basso verso l\u2019alto per mantenerlo fluido durante la cosiddetta \u201ctransizione vetrosa\u201d. Terminato l\u2019avviamento, il cristallizzatore \u00e8 pronto a lavorare in modalit\u00e0 continua. Tutta la fase \u00e8 gestita in modalit\u00e0 automatica.<\/li><li>SISTEMA DI MESCOLAZIONE \u201cANTIPOLVERE\u201d La mescolazione del materiale in trattamento avviene attraverso un aspo a rotazione lenta e velocit\u00e0 impostabile, che riduce al minimo la formazione di polveri per sfregamento.<\/li><li>ACCIAIO INOX AISI 304 Tutte le parti in contatto con la materia prima sono realizzate in acciaio inox AISI 304, che garantisce l\u2019igiene e la completa assenza di contaminazioni.<\/li><li>INDUSTRY 4.0 & IOT I cristallizzatori CTM sono tutti gestiti da PLC Siemens che consentono un elevato grado di configurabilit\u00e0 sia orizzontale (in termini di I\/O) che verticale (in termini di accesso e controllo remoto, interscambio dati e supervisione ). Tutte le unit\u00e0 sono provviste di interfaccia operatore HMI touch-screen da 7\u201d.<\/li><\/ul>\n","protected":false},"excerpt":{"rendered":"<p class=\"p2\">Cristallizzatori ad aria calda <strong>CRYSTALLIZE TO MELT (CTM)<\/strong> per polimeri e biopolimeri amorfi (A-PET, R-PET, PLA, ecc\u2026).<\/p>\n<p class=\"p2\">I cristallizzatori della serie <strong>CTM<\/strong> sono costituiti da un generatore di aria a temperatura controllata e una tramoggia mescolata dove viene stoccato il <strong>PET<\/strong> amorfo o semi-cristallino. L\u2019aria utilizzata per la cristallizzazione \u00e8 ottimizzata in termini di temperatura, portata e pressione, fattori che garantiscono l\u2019estrazione efficiente del glicole etilenico (EG), composto che il <strong>PET<\/strong> rilascia insieme all\u2019acqua durante il passaggio di stato da amorfo a cristallino. La tramoggia \u00e8 invece provvista di un aspo di mescolazione lenta che, in fase di transizione vetrosa, mantiene i granuli o i macinati divisi, evitando che si solidifichino in un unico blocco durante il processo di cristallizzazione del <strong>PET<\/strong>.<\/p>\n","protected":false},"featured_media":10316,"template":"","meta":{"_acf_changed":false,"_themeisle_gutenberg_block_has_review":false},"product_brand":[],"product_cat":[506,312],"product_tag":[],"class_list":{"0":"post-9703","1":"product","2":"type-product","3":"status-publish","4":"has-post-thumbnail","6":"product_cat-essicazione-deumidificazione","7":"product_cat-trattamento-pet","9":"first","10":"instock","11":"shipping-taxable","12":"product-type-simple"},"acf":[],"yoast_head":"<!-- This site is optimized with the Yoast SEO plugin v25.0 - https:\/\/yoast.com\/wordpress\/plugins\/seo\/ -->\n<title>C2M - SYDRY<\/title>\n<meta name=\"robots\" content=\"index, follow, max-snippet:-1, max-image-preview:large, max-video-preview:-1\" \/>\n<link rel=\"canonical\" href=\"https:\/\/www.sy-dry.com\/it\/product\/crystallize-to-melt-ctm\/\" \/>\n<meta property=\"og:locale\" content=\"it_IT\" \/>\n<meta property=\"og:type\" content=\"article\" \/>\n<meta property=\"og:title\" content=\"C2M - SYDRY\" \/>\n<meta property=\"og:description\" content=\"Cristallizzatori ad aria calda CRYSTALLIZE TO MELT (CTM) per polimeri e biopolimeri amorfi (A-PET, R-PET, PLA, ecc\u2026). I cristallizzatori della serie CTM sono costituiti da un generatore di aria a temperatura controllata e una tramoggia mescolata dove viene stoccato il PET amorfo o semi-cristallino. L\u2019aria utilizzata per la cristallizzazione \u00e8 ottimizzata in termini di temperatura, portata e pressione, fattori che garantiscono l\u2019estrazione efficiente del glicole etilenico (EG), composto che il PET rilascia insieme all\u2019acqua durante il passaggio di stato da amorfo a cristallino. La tramoggia \u00e8 invece provvista di un aspo di mescolazione lenta che, in fase di transizione vetrosa, mantiene i granuli o i macinati divisi, evitando che si solidifichino in un unico blocco durante il processo di cristallizzazione del PET.\" \/>\n<meta property=\"og:url\" content=\"https:\/\/www.sy-dry.com\/it\/product\/crystallize-to-melt-ctm\/\" \/>\n<meta property=\"og:site_name\" content=\"SYDRY\" \/>\n<meta property=\"article:modified_time\" content=\"2025-10-28T15:05:27+00:00\" \/>\n<meta property=\"og:image\" content=\"https:\/\/www.sy-dry.com\/wp-content\/uploads\/2024\/07\/C2M.png\" \/>\n\t<meta property=\"og:image:width\" content=\"1250\" \/>\n\t<meta property=\"og:image:height\" content=\"1236\" \/>\n\t<meta property=\"og:image:type\" content=\"image\/png\" \/>\n<meta name=\"twitter:card\" content=\"summary_large_image\" \/>\n<meta name=\"twitter:label1\" content=\"Tempo di lettura stimato\" \/>\n\t<meta name=\"twitter:data1\" content=\"1 minuto\" \/>\n<script type=\"application\/ld+json\" class=\"yoast-schema-graph\">{\"@context\":\"https:\/\/schema.org\",\"@graph\":[{\"@type\":\"WebPage\",\"@id\":\"https:\/\/www.sy-dry.com\/it\/product\/crystallize-to-melt-ctm\/\",\"url\":\"https:\/\/www.sy-dry.com\/it\/product\/crystallize-to-melt-ctm\/\",\"name\":\"C2M - SYDRY\",\"isPartOf\":{\"@id\":\"https:\/\/www.sy-dry.com\/it\/#website\"},\"primaryImageOfPage\":{\"@id\":\"https:\/\/www.sy-dry.com\/it\/product\/crystallize-to-melt-ctm\/#primaryimage\"},\"image\":{\"@id\":\"https:\/\/www.sy-dry.com\/it\/product\/crystallize-to-melt-ctm\/#primaryimage\"},\"thumbnailUrl\":\"https:\/\/www.sy-dry.com\/wp-content\/uploads\/2024\/07\/C2M.png\",\"datePublished\":\"2024-12-03T12:41:02+00:00\",\"dateModified\":\"2025-10-28T15:05:27+00:00\",\"breadcrumb\":{\"@id\":\"https:\/\/www.sy-dry.com\/it\/product\/crystallize-to-melt-ctm\/#breadcrumb\"},\"inLanguage\":\"it-IT\",\"potentialAction\":[{\"@type\":\"ReadAction\",\"target\":[\"https:\/\/www.sy-dry.com\/it\/product\/crystallize-to-melt-ctm\/\"]}]},{\"@type\":\"ImageObject\",\"inLanguage\":\"it-IT\",\"@id\":\"https:\/\/www.sy-dry.com\/it\/product\/crystallize-to-melt-ctm\/#primaryimage\",\"url\":\"https:\/\/www.sy-dry.com\/wp-content\/uploads\/2024\/07\/C2M.png\",\"contentUrl\":\"https:\/\/www.sy-dry.com\/wp-content\/uploads\/2024\/07\/C2M.png\",\"width\":1250,\"height\":1236},{\"@type\":\"BreadcrumbList\",\"@id\":\"https:\/\/www.sy-dry.com\/it\/product\/crystallize-to-melt-ctm\/#breadcrumb\",\"itemListElement\":[{\"@type\":\"ListItem\",\"position\":1,\"name\":\"Home\",\"item\":\"https:\/\/www.sy-dry.com\/it\/\"},{\"@type\":\"ListItem\",\"position\":2,\"name\":\"Prodotti\",\"item\":\"https:\/\/www.sy-dry.com\/products\/\"},{\"@type\":\"ListItem\",\"position\":3,\"name\":\"C2M\"}]},{\"@type\":\"WebSite\",\"@id\":\"https:\/\/www.sy-dry.com\/it\/#website\",\"url\":\"https:\/\/www.sy-dry.com\/it\/\",\"name\":\"SYDRY\",\"description\":\"\",\"potentialAction\":[{\"@type\":\"SearchAction\",\"target\":{\"@type\":\"EntryPoint\",\"urlTemplate\":\"https:\/\/www.sy-dry.com\/it\/?s={search_term_string}\"},\"query-input\":{\"@type\":\"PropertyValueSpecification\",\"valueRequired\":true,\"valueName\":\"search_term_string\"}}],\"inLanguage\":\"it-IT\"}]}<\/script>\n<!-- \/ Yoast SEO plugin. -->","yoast_head_json":{"title":"C2M - SYDRY","robots":{"index":"index","follow":"follow","max-snippet":"max-snippet:-1","max-image-preview":"max-image-preview:large","max-video-preview":"max-video-preview:-1"},"canonical":"https:\/\/www.sy-dry.com\/it\/product\/crystallize-to-melt-ctm\/","og_locale":"it_IT","og_type":"article","og_title":"C2M - SYDRY","og_description":"Cristallizzatori ad aria calda CRYSTALLIZE TO MELT (CTM) per polimeri e biopolimeri amorfi (A-PET, R-PET, PLA, ecc\u2026). I cristallizzatori della serie CTM sono costituiti da un generatore di aria a temperatura controllata e una tramoggia mescolata dove viene stoccato il PET amorfo o semi-cristallino. L\u2019aria utilizzata per la cristallizzazione \u00e8 ottimizzata in termini di temperatura, portata e pressione, fattori che garantiscono l\u2019estrazione efficiente del glicole etilenico (EG), composto che il PET rilascia insieme all\u2019acqua durante il passaggio di stato da amorfo a cristallino. La tramoggia \u00e8 invece provvista di un aspo di mescolazione lenta che, in fase di transizione vetrosa, mantiene i granuli o i macinati divisi, evitando che si solidifichino in un unico blocco durante il processo di cristallizzazione del PET.","og_url":"https:\/\/www.sy-dry.com\/it\/product\/crystallize-to-melt-ctm\/","og_site_name":"SYDRY","article_modified_time":"2025-10-28T15:05:27+00:00","og_image":[{"width":1250,"height":1236,"url":"https:\/\/www.sy-dry.com\/wp-content\/uploads\/2024\/07\/C2M.png","type":"image\/png"}],"twitter_card":"summary_large_image","twitter_misc":{"Tempo di lettura stimato":"1 minuto"},"schema":{"@context":"https:\/\/schema.org","@graph":[{"@type":"WebPage","@id":"https:\/\/www.sy-dry.com\/it\/product\/crystallize-to-melt-ctm\/","url":"https:\/\/www.sy-dry.com\/it\/product\/crystallize-to-melt-ctm\/","name":"C2M - SYDRY","isPartOf":{"@id":"https:\/\/www.sy-dry.com\/it\/#website"},"primaryImageOfPage":{"@id":"https:\/\/www.sy-dry.com\/it\/product\/crystallize-to-melt-ctm\/#primaryimage"},"image":{"@id":"https:\/\/www.sy-dry.com\/it\/product\/crystallize-to-melt-ctm\/#primaryimage"},"thumbnailUrl":"https:\/\/www.sy-dry.com\/wp-content\/uploads\/2024\/07\/C2M.png","datePublished":"2024-12-03T12:41:02+00:00","dateModified":"2025-10-28T15:05:27+00:00","breadcrumb":{"@id":"https:\/\/www.sy-dry.com\/it\/product\/crystallize-to-melt-ctm\/#breadcrumb"},"inLanguage":"it-IT","potentialAction":[{"@type":"ReadAction","target":["https:\/\/www.sy-dry.com\/it\/product\/crystallize-to-melt-ctm\/"]}]},{"@type":"ImageObject","inLanguage":"it-IT","@id":"https:\/\/www.sy-dry.com\/it\/product\/crystallize-to-melt-ctm\/#primaryimage","url":"https:\/\/www.sy-dry.com\/wp-content\/uploads\/2024\/07\/C2M.png","contentUrl":"https:\/\/www.sy-dry.com\/wp-content\/uploads\/2024\/07\/C2M.png","width":1250,"height":1236},{"@type":"BreadcrumbList","@id":"https:\/\/www.sy-dry.com\/it\/product\/crystallize-to-melt-ctm\/#breadcrumb","itemListElement":[{"@type":"ListItem","position":1,"name":"Home","item":"https:\/\/www.sy-dry.com\/it\/"},{"@type":"ListItem","position":2,"name":"Prodotti","item":"https:\/\/www.sy-dry.com\/products\/"},{"@type":"ListItem","position":3,"name":"C2M"}]},{"@type":"WebSite","@id":"https:\/\/www.sy-dry.com\/it\/#website","url":"https:\/\/www.sy-dry.com\/it\/","name":"SYDRY","description":"","potentialAction":[{"@type":"SearchAction","target":{"@type":"EntryPoint","urlTemplate":"https:\/\/www.sy-dry.com\/it\/?s={search_term_string}"},"query-input":{"@type":"PropertyValueSpecification","valueRequired":true,"valueName":"search_term_string"}}],"inLanguage":"it-IT"}]}},"_links":{"self":[{"href":"https:\/\/www.sy-dry.com\/it\/wp-json\/wp\/v2\/product\/9703","targetHints":{"allow":["GET"]}}],"collection":[{"href":"https:\/\/www.sy-dry.com\/it\/wp-json\/wp\/v2\/product"}],"about":[{"href":"https:\/\/www.sy-dry.com\/it\/wp-json\/wp\/v2\/types\/product"}],"wp:featuredmedia":[{"embeddable":true,"href":"https:\/\/www.sy-dry.com\/it\/wp-json\/wp\/v2\/media\/10316"}],"wp:attachment":[{"href":"https:\/\/www.sy-dry.com\/it\/wp-json\/wp\/v2\/media?parent=9703"}],"wp:term":[{"taxonomy":"product_brand","embeddable":true,"href":"https:\/\/www.sy-dry.com\/it\/wp-json\/wp\/v2\/product_brand?post=9703"},{"taxonomy":"product_cat","embeddable":true,"href":"https:\/\/www.sy-dry.com\/it\/wp-json\/wp\/v2\/product_cat?post=9703"},{"taxonomy":"product_tag","embeddable":true,"href":"https:\/\/www.sy-dry.com\/it\/wp-json\/wp\/v2\/product_tag?post=9703"}],"curies":[{"name":"wp","href":"https:\/\/api.w.org\/{rel}","templated":true}]}}