{"id":9690,"date":"2024-09-24T09:28:38","date_gmt":"2024-12-03T11:35:06","guid":{"rendered":"https:\/\/syncro-group.com\/syncro-dry\/?post_type=product&#038;p=9690"},"modified":"2025-10-28T14:51:37","modified_gmt":"2025-10-28T13:51:37","slug":"wheel-to-dry","status":"publish","type":"product","link":"https:\/\/www.sy-dry.com\/it\/product\/wheel-to-dry\/","title":{"rendered":"W2M"},"content":{"rendered":"<ul class=\"advantages\"><li>COMPATTO ED EFFICIENTE - Il numero ridotto di parti in movimento permette al sistema di essere molto compatto. I filtri sono facilmente accessibili dal pannello frontale, per una manutenzione veloce e sicura.<\/li><li>ALTA EFFICIENZA - Capacit\u00e0 di regolare il Dew Point tra 0 e -40C, nonch\u00e9 il controllo integrato \u201cPID\u201d per una accuratezza nel riscaldamento di \u00b11\u00b0C. L\u2019assenza normale di raffreddamento, necessario solo per alcuni tipi di materiale o in certe condizioni, comporta inoltre una riduzione del consumo energetico.<\/li><li>RIDUZIONE FATTORE DI DIFETTOSIT\u00c0 - Grazie al basso numero di parti in movimento il deumidificatore \u201cWheel to dry\u201d ha un basso coefficiente di difettosit\u00e0, e di conseguenza una riduzione dei possibili fermi-macchina, nonch\u00e9 un incremento della vita dello stesso deumidificatore.<\/li><li>AMPIA GAMMA DI MODELLI - Ampia gamma, partendo da 40 a 4.000 mc\/h di portata d\u2019aria (Da 50 a 4.500 mc\/h a 60 Hz).<\/li><li>FLESSIBILIT\u00c0 - Regolazione del Set Point. Regolazione della portata d\u2019aria. Modularit\u00e0, utilizzando una o pi\u00f9 tramogge con portate e temperature di processo differenti.<\/li><li>INDUSTRY 4.0 & IoT - Grazie all\u2019interfaccia e al controller con il protocollo OPC-UA la macchina pu\u00f2 essere facilmente connessa ad un MES\/ERP per poter dialogare e lavorare in \u201cIndustria 4.0\u201d.<\/li><li>OPZIONI - Monitor aggiuntivo integrato per il Dew Point Energy Drying Management System: Regolazione della portata aria dal 100 al 40%. Versione Multi-Tramoggia.<\/li><\/ul>\n","protected":false},"excerpt":{"rendered":"<p class=\"p2\"><strong>W2M<\/strong> \u00e9 un deumidificatore ad alte prestazioni, indispensabile per il corretto trattamento dei materiali plastici. La gamma \u201cW2M\u201d \u00e8 uno strumento importante per la corretta deumidificazione e, conseguentemente, un aumento della qualit\u00e0 del prodotto finale con una riduzione della difettosit\u00e0 ed una ottimizzazione dei costi energetici.<\/p>\n<p>Passando attraverso il rotore di deumidificazione l\u2019aria rilascia l\u2019umidit\u00e0 che aveva precedentemente assorbito dal materiale. Una volta che la parte del rotore \u00e8 saturata, viene rigenerata attraverso un flusso di aria calda. Una volta rigenerata, la sezione del rotore viene raffreddata ed \u00e8 poi pronta ad assorbire ancora umidit\u00e0 dai materiali plastici. La possibilit\u00e0 di ridurre il flusso d\u2019aria dal 100 al 40%, nonch\u00e9 la regolazione del Dew Point tra -40 e 0\u00b0C sono vantaggi \u201cenormi\u201d nell\u2019industria plastica.<\/p>\n","protected":false},"featured_media":10301,"template":"","meta":{"_acf_changed":false,"_themeisle_gutenberg_block_has_review":false},"product_brand":[],"product_cat":[506],"product_tag":[],"class_list":{"0":"post-9690","1":"product","2":"type-product","3":"status-publish","4":"has-post-thumbnail","6":"product_cat-essicazione-deumidificazione","8":"first","9":"instock","10":"shipping-taxable","11":"product-type-simple"},"acf":[],"yoast_head":"<!-- This site is optimized with the Yoast SEO plugin v25.0 - https:\/\/yoast.com\/wordpress\/plugins\/seo\/ -->\n<title>W2M - SYDRY<\/title>\n<meta name=\"robots\" content=\"index, follow, max-snippet:-1, max-image-preview:large, max-video-preview:-1\" \/>\n<link rel=\"canonical\" href=\"https:\/\/www.sy-dry.com\/it\/product\/wheel-to-dry\/\" \/>\n<meta property=\"og:locale\" content=\"it_IT\" \/>\n<meta property=\"og:type\" content=\"article\" \/>\n<meta property=\"og:title\" content=\"W2M - SYDRY\" \/>\n<meta property=\"og:description\" content=\"W2M \u00e9 un deumidificatore ad alte prestazioni, indispensabile per il corretto trattamento dei materiali plastici. La gamma \u201cW2M\u201d \u00e8 uno strumento importante per la corretta deumidificazione e, conseguentemente, un aumento della qualit\u00e0 del prodotto finale con una riduzione della difettosit\u00e0 ed una ottimizzazione dei costi energetici. Passando attraverso il rotore di deumidificazione l\u2019aria rilascia l\u2019umidit\u00e0 che aveva precedentemente assorbito dal materiale. Una volta che la parte del rotore \u00e8 saturata, viene rigenerata attraverso un flusso di aria calda. Una volta rigenerata, la sezione del rotore viene raffreddata ed \u00e8 poi pronta ad assorbire ancora umidit\u00e0 dai materiali plastici. La possibilit\u00e0 di ridurre il flusso d\u2019aria dal 100 al 40%, nonch\u00e9 la regolazione del Dew Point tra -40 e 0\u00b0C sono vantaggi \u201cenormi\u201d nell\u2019industria plastica.\" \/>\n<meta property=\"og:url\" content=\"https:\/\/www.sy-dry.com\/it\/product\/wheel-to-dry\/\" \/>\n<meta property=\"og:site_name\" content=\"SYDRY\" \/>\n<meta property=\"article:modified_time\" content=\"2025-10-28T13:51:37+00:00\" \/>\n<meta property=\"og:image\" content=\"https:\/\/www.sy-dry.com\/wp-content\/uploads\/2024\/09\/W2M_render-3.png\" \/>\n\t<meta property=\"og:image:width\" content=\"2048\" \/>\n\t<meta property=\"og:image:height\" content=\"1583\" \/>\n\t<meta property=\"og:image:type\" content=\"image\/png\" \/>\n<meta name=\"twitter:card\" content=\"summary_large_image\" \/>\n<meta name=\"twitter:label1\" content=\"Tempo di lettura stimato\" \/>\n\t<meta name=\"twitter:data1\" content=\"1 minuto\" \/>\n<script type=\"application\/ld+json\" class=\"yoast-schema-graph\">{\"@context\":\"https:\/\/schema.org\",\"@graph\":[{\"@type\":\"WebPage\",\"@id\":\"https:\/\/www.sy-dry.com\/it\/product\/wheel-to-dry\/\",\"url\":\"https:\/\/www.sy-dry.com\/it\/product\/wheel-to-dry\/\",\"name\":\"W2M - SYDRY\",\"isPartOf\":{\"@id\":\"https:\/\/www.sy-dry.com\/it\/#website\"},\"primaryImageOfPage\":{\"@id\":\"https:\/\/www.sy-dry.com\/it\/product\/wheel-to-dry\/#primaryimage\"},\"image\":{\"@id\":\"https:\/\/www.sy-dry.com\/it\/product\/wheel-to-dry\/#primaryimage\"},\"thumbnailUrl\":\"https:\/\/www.sy-dry.com\/wp-content\/uploads\/2024\/09\/W2M_render-3.png\",\"datePublished\":\"2024-12-03T11:35:06+00:00\",\"dateModified\":\"2025-10-28T13:51:37+00:00\",\"breadcrumb\":{\"@id\":\"https:\/\/www.sy-dry.com\/it\/product\/wheel-to-dry\/#breadcrumb\"},\"inLanguage\":\"it-IT\",\"potentialAction\":[{\"@type\":\"ReadAction\",\"target\":[\"https:\/\/www.sy-dry.com\/it\/product\/wheel-to-dry\/\"]}]},{\"@type\":\"ImageObject\",\"inLanguage\":\"it-IT\",\"@id\":\"https:\/\/www.sy-dry.com\/it\/product\/wheel-to-dry\/#primaryimage\",\"url\":\"https:\/\/www.sy-dry.com\/wp-content\/uploads\/2024\/09\/W2M_render-3.png\",\"contentUrl\":\"https:\/\/www.sy-dry.com\/wp-content\/uploads\/2024\/09\/W2M_render-3.png\",\"width\":2048,\"height\":1583},{\"@type\":\"BreadcrumbList\",\"@id\":\"https:\/\/www.sy-dry.com\/it\/product\/wheel-to-dry\/#breadcrumb\",\"itemListElement\":[{\"@type\":\"ListItem\",\"position\":1,\"name\":\"Home\",\"item\":\"https:\/\/www.sy-dry.com\/it\/\"},{\"@type\":\"ListItem\",\"position\":2,\"name\":\"Prodotti\",\"item\":\"https:\/\/www.sy-dry.com\/products\/\"},{\"@type\":\"ListItem\",\"position\":3,\"name\":\"W2M\"}]},{\"@type\":\"WebSite\",\"@id\":\"https:\/\/www.sy-dry.com\/it\/#website\",\"url\":\"https:\/\/www.sy-dry.com\/it\/\",\"name\":\"SYDRY\",\"description\":\"\",\"potentialAction\":[{\"@type\":\"SearchAction\",\"target\":{\"@type\":\"EntryPoint\",\"urlTemplate\":\"https:\/\/www.sy-dry.com\/it\/?s={search_term_string}\"},\"query-input\":{\"@type\":\"PropertyValueSpecification\",\"valueRequired\":true,\"valueName\":\"search_term_string\"}}],\"inLanguage\":\"it-IT\"}]}<\/script>\n<!-- \/ Yoast SEO plugin. -->","yoast_head_json":{"title":"W2M - SYDRY","robots":{"index":"index","follow":"follow","max-snippet":"max-snippet:-1","max-image-preview":"max-image-preview:large","max-video-preview":"max-video-preview:-1"},"canonical":"https:\/\/www.sy-dry.com\/it\/product\/wheel-to-dry\/","og_locale":"it_IT","og_type":"article","og_title":"W2M - SYDRY","og_description":"W2M \u00e9 un deumidificatore ad alte prestazioni, indispensabile per il corretto trattamento dei materiali plastici. La gamma \u201cW2M\u201d \u00e8 uno strumento importante per la corretta deumidificazione e, conseguentemente, un aumento della qualit\u00e0 del prodotto finale con una riduzione della difettosit\u00e0 ed una ottimizzazione dei costi energetici. Passando attraverso il rotore di deumidificazione l\u2019aria rilascia l\u2019umidit\u00e0 che aveva precedentemente assorbito dal materiale. Una volta che la parte del rotore \u00e8 saturata, viene rigenerata attraverso un flusso di aria calda. Una volta rigenerata, la sezione del rotore viene raffreddata ed \u00e8 poi pronta ad assorbire ancora umidit\u00e0 dai materiali plastici. La possibilit\u00e0 di ridurre il flusso d\u2019aria dal 100 al 40%, nonch\u00e9 la regolazione del Dew Point tra -40 e 0\u00b0C sono vantaggi \u201cenormi\u201d nell\u2019industria plastica.","og_url":"https:\/\/www.sy-dry.com\/it\/product\/wheel-to-dry\/","og_site_name":"SYDRY","article_modified_time":"2025-10-28T13:51:37+00:00","og_image":[{"width":2048,"height":1583,"url":"https:\/\/www.sy-dry.com\/wp-content\/uploads\/2024\/09\/W2M_render-3.png","type":"image\/png"}],"twitter_card":"summary_large_image","twitter_misc":{"Tempo di lettura stimato":"1 minuto"},"schema":{"@context":"https:\/\/schema.org","@graph":[{"@type":"WebPage","@id":"https:\/\/www.sy-dry.com\/it\/product\/wheel-to-dry\/","url":"https:\/\/www.sy-dry.com\/it\/product\/wheel-to-dry\/","name":"W2M - SYDRY","isPartOf":{"@id":"https:\/\/www.sy-dry.com\/it\/#website"},"primaryImageOfPage":{"@id":"https:\/\/www.sy-dry.com\/it\/product\/wheel-to-dry\/#primaryimage"},"image":{"@id":"https:\/\/www.sy-dry.com\/it\/product\/wheel-to-dry\/#primaryimage"},"thumbnailUrl":"https:\/\/www.sy-dry.com\/wp-content\/uploads\/2024\/09\/W2M_render-3.png","datePublished":"2024-12-03T11:35:06+00:00","dateModified":"2025-10-28T13:51:37+00:00","breadcrumb":{"@id":"https:\/\/www.sy-dry.com\/it\/product\/wheel-to-dry\/#breadcrumb"},"inLanguage":"it-IT","potentialAction":[{"@type":"ReadAction","target":["https:\/\/www.sy-dry.com\/it\/product\/wheel-to-dry\/"]}]},{"@type":"ImageObject","inLanguage":"it-IT","@id":"https:\/\/www.sy-dry.com\/it\/product\/wheel-to-dry\/#primaryimage","url":"https:\/\/www.sy-dry.com\/wp-content\/uploads\/2024\/09\/W2M_render-3.png","contentUrl":"https:\/\/www.sy-dry.com\/wp-content\/uploads\/2024\/09\/W2M_render-3.png","width":2048,"height":1583},{"@type":"BreadcrumbList","@id":"https:\/\/www.sy-dry.com\/it\/product\/wheel-to-dry\/#breadcrumb","itemListElement":[{"@type":"ListItem","position":1,"name":"Home","item":"https:\/\/www.sy-dry.com\/it\/"},{"@type":"ListItem","position":2,"name":"Prodotti","item":"https:\/\/www.sy-dry.com\/products\/"},{"@type":"ListItem","position":3,"name":"W2M"}]},{"@type":"WebSite","@id":"https:\/\/www.sy-dry.com\/it\/#website","url":"https:\/\/www.sy-dry.com\/it\/","name":"SYDRY","description":"","potentialAction":[{"@type":"SearchAction","target":{"@type":"EntryPoint","urlTemplate":"https:\/\/www.sy-dry.com\/it\/?s={search_term_string}"},"query-input":{"@type":"PropertyValueSpecification","valueRequired":true,"valueName":"search_term_string"}}],"inLanguage":"it-IT"}]}},"_links":{"self":[{"href":"https:\/\/www.sy-dry.com\/it\/wp-json\/wp\/v2\/product\/9690","targetHints":{"allow":["GET"]}}],"collection":[{"href":"https:\/\/www.sy-dry.com\/it\/wp-json\/wp\/v2\/product"}],"about":[{"href":"https:\/\/www.sy-dry.com\/it\/wp-json\/wp\/v2\/types\/product"}],"wp:featuredmedia":[{"embeddable":true,"href":"https:\/\/www.sy-dry.com\/it\/wp-json\/wp\/v2\/media\/10301"}],"wp:attachment":[{"href":"https:\/\/www.sy-dry.com\/it\/wp-json\/wp\/v2\/media?parent=9690"}],"wp:term":[{"taxonomy":"product_brand","embeddable":true,"href":"https:\/\/www.sy-dry.com\/it\/wp-json\/wp\/v2\/product_brand?post=9690"},{"taxonomy":"product_cat","embeddable":true,"href":"https:\/\/www.sy-dry.com\/it\/wp-json\/wp\/v2\/product_cat?post=9690"},{"taxonomy":"product_tag","embeddable":true,"href":"https:\/\/www.sy-dry.com\/it\/wp-json\/wp\/v2\/product_tag?post=9690"}],"curies":[{"name":"wp","href":"https:\/\/api.w.org\/{rel}","templated":true}]}}