{"id":9404,"date":"2024-10-18T10:19:10","date_gmt":"2024-10-18T08:19:16","guid":{"rendered":"https:\/\/syncro-group.com\/syncro-dry\/?post_type=product&#038;p=9404"},"modified":"2026-03-25T14:12:26","modified_gmt":"2026-03-25T13:12:26","slug":"wheel-to-dry-mini-copy","status":"publish","type":"product","link":"https:\/\/www.sy-dry.com\/it\/product\/wheel-to-dry-mini-copy\/","title":{"rendered":"Easycolor"},"content":{"rendered":"<ul class=\"advantages\"><li>Motore passo-passo senza spazzole.<\/li><li>Dotato di adattatore per l'accoppiamento diretto alla macchina.<\/li><li>Spina ad innesto rapido per l'adattatore.<\/li><li>Regolazione digitale e display di controllo.<\/li><li>Pannello di controllo indipendente.<\/li><li>Dimensioni compatte e facile da installare.<\/li><li>Pu\u00f2 essere montato su un miscelatore statico quando le densit\u00e0 dei materiali sono simili o su un miscelatore dinamico quando \u00e8 richiesta un'omogeneizzazione pi\u00f9 profonda.<\/li><li>Sensore di livello e tramoggia centrale di permanenza come optional.<\/li><\/ul>\n","protected":false},"excerpt":{"rendered":"<p class=\"p2\"><strong>EASYCOLOR<\/strong> \u00e8 una valida alternativa economica alla soluzione di dosaggio gravimetrico, quando \u00e8 ancora richiesta una buona precisione e un controllo semplice, senza la necessit\u00e0 di un controllo del peso. EASYCOLOR \u00e8 adatto per dosare masterbatches o additivi, sia su macchine di stampaggio a iniezione che su estrusori. According to the internal programming, <strong>EASYCOLOR<\/strong> can work in different ways:<\/p>\n<p class=\"p3\">When on an IMM, <strong>EASYCOLOR<\/strong> doses a certain quantity of MB or additive only during the plastification phase of the IMM. This quantity can be programmed, and it will be always the same at each cycle of the IMM.<\/p>\n<p class=\"p3\">When on an extruder <strong>EASYCOLOR<\/strong> doses a certain quantity of MB or additive continuously. This quantity can be programmed, but also the dosing speed of the doser is syncronysed to the speed of the extruder, changing automatically at every variation, so that at the end always the same percentage of additive is dosed.<\/p>\n","protected":false},"featured_media":9418,"template":"","meta":{"_acf_changed":false,"_themeisle_gutenberg_block_has_review":false},"product_brand":[],"product_cat":[308],"product_tag":[],"class_list":{"0":"post-9404","1":"product","2":"type-product","3":"status-publish","4":"has-post-thumbnail","6":"product_cat-dosaggio-mescolazione","8":"first","9":"instock","10":"shipping-taxable","11":"product-type-simple"},"acf":[],"yoast_head":"<!-- This site is optimized with the Yoast SEO plugin v25.0 - https:\/\/yoast.com\/wordpress\/plugins\/seo\/ -->\n<title>Easycolor - SYDRY<\/title>\n<meta name=\"robots\" content=\"index, follow, max-snippet:-1, max-image-preview:large, max-video-preview:-1\" \/>\n<link rel=\"canonical\" href=\"https:\/\/www.sy-dry.com\/it\/product\/wheel-to-dry-mini-copy\/\" \/>\n<meta property=\"og:locale\" content=\"it_IT\" \/>\n<meta property=\"og:type\" content=\"article\" \/>\n<meta property=\"og:title\" content=\"Easycolor - SYDRY\" \/>\n<meta property=\"og:description\" content=\"EASYCOLOR \u00e8 una valida alternativa economica alla soluzione di dosaggio gravimetrico, quando \u00e8 ancora richiesta una buona precisione e un controllo semplice, senza la necessit\u00e0 di un controllo del peso. EASYCOLOR \u00e8 adatto per dosare masterbatches o additivi, sia su macchine di stampaggio a iniezione che su estrusori. According to the internal programming, EASYCOLOR can work in different ways: When on an IMM, EASYCOLOR doses a certain quantity of MB or additive only during the plastification phase of the IMM. This quantity can be programmed, and it will be always the same at each cycle of the IMM. When on an extruder EASYCOLOR doses a certain quantity of MB or additive continuously. This quantity can be programmed, but also the dosing speed of the doser is syncronysed to the speed of the extruder, changing automatically at every variation, so that at the end always the same percentage of additive is dosed.\" \/>\n<meta property=\"og:url\" content=\"https:\/\/www.sy-dry.com\/it\/product\/wheel-to-dry-mini-copy\/\" \/>\n<meta property=\"og:site_name\" content=\"SYDRY\" \/>\n<meta property=\"article:modified_time\" content=\"2026-03-25T13:12:26+00:00\" \/>\n<meta property=\"og:image\" content=\"https:\/\/www.sy-dry.com\/wp-content\/uploads\/2024\/10\/Easycolor-color.png\" \/>\n\t<meta property=\"og:image:width\" content=\"1590\" \/>\n\t<meta property=\"og:image:height\" content=\"1828\" \/>\n\t<meta property=\"og:image:type\" content=\"image\/png\" \/>\n<meta name=\"twitter:card\" content=\"summary_large_image\" \/>\n<meta name=\"twitter:label1\" content=\"Tempo di lettura stimato\" \/>\n\t<meta name=\"twitter:data1\" content=\"1 minuto\" \/>\n<script type=\"application\/ld+json\" class=\"yoast-schema-graph\">{\"@context\":\"https:\/\/schema.org\",\"@graph\":[{\"@type\":\"WebPage\",\"@id\":\"https:\/\/www.sy-dry.com\/it\/product\/wheel-to-dry-mini-copy\/\",\"url\":\"https:\/\/www.sy-dry.com\/it\/product\/wheel-to-dry-mini-copy\/\",\"name\":\"Easycolor - SYDRY\",\"isPartOf\":{\"@id\":\"https:\/\/www.sy-dry.com\/it\/#website\"},\"primaryImageOfPage\":{\"@id\":\"https:\/\/www.sy-dry.com\/it\/product\/wheel-to-dry-mini-copy\/#primaryimage\"},\"image\":{\"@id\":\"https:\/\/www.sy-dry.com\/it\/product\/wheel-to-dry-mini-copy\/#primaryimage\"},\"thumbnailUrl\":\"https:\/\/www.sy-dry.com\/wp-content\/uploads\/2024\/10\/Easycolor-color.png\",\"datePublished\":\"2024-10-18T08:19:16+00:00\",\"dateModified\":\"2026-03-25T13:12:26+00:00\",\"breadcrumb\":{\"@id\":\"https:\/\/www.sy-dry.com\/it\/product\/wheel-to-dry-mini-copy\/#breadcrumb\"},\"inLanguage\":\"it-IT\",\"potentialAction\":[{\"@type\":\"ReadAction\",\"target\":[\"https:\/\/www.sy-dry.com\/it\/product\/wheel-to-dry-mini-copy\/\"]}]},{\"@type\":\"ImageObject\",\"inLanguage\":\"it-IT\",\"@id\":\"https:\/\/www.sy-dry.com\/it\/product\/wheel-to-dry-mini-copy\/#primaryimage\",\"url\":\"https:\/\/www.sy-dry.com\/wp-content\/uploads\/2024\/10\/Easycolor-color.png\",\"contentUrl\":\"https:\/\/www.sy-dry.com\/wp-content\/uploads\/2024\/10\/Easycolor-color.png\",\"width\":1590,\"height\":1828},{\"@type\":\"BreadcrumbList\",\"@id\":\"https:\/\/www.sy-dry.com\/it\/product\/wheel-to-dry-mini-copy\/#breadcrumb\",\"itemListElement\":[{\"@type\":\"ListItem\",\"position\":1,\"name\":\"Home\",\"item\":\"https:\/\/www.sy-dry.com\/it\/\"},{\"@type\":\"ListItem\",\"position\":2,\"name\":\"Prodotti\",\"item\":\"https:\/\/www.sy-dry.com\/products\/\"},{\"@type\":\"ListItem\",\"position\":3,\"name\":\"Easycolor\"}]},{\"@type\":\"WebSite\",\"@id\":\"https:\/\/www.sy-dry.com\/it\/#website\",\"url\":\"https:\/\/www.sy-dry.com\/it\/\",\"name\":\"SYDRY\",\"description\":\"\",\"potentialAction\":[{\"@type\":\"SearchAction\",\"target\":{\"@type\":\"EntryPoint\",\"urlTemplate\":\"https:\/\/www.sy-dry.com\/it\/?s={search_term_string}\"},\"query-input\":{\"@type\":\"PropertyValueSpecification\",\"valueRequired\":true,\"valueName\":\"search_term_string\"}}],\"inLanguage\":\"it-IT\"}]}<\/script>\n<!-- \/ Yoast SEO plugin. -->","yoast_head_json":{"title":"Easycolor - SYDRY","robots":{"index":"index","follow":"follow","max-snippet":"max-snippet:-1","max-image-preview":"max-image-preview:large","max-video-preview":"max-video-preview:-1"},"canonical":"https:\/\/www.sy-dry.com\/it\/product\/wheel-to-dry-mini-copy\/","og_locale":"it_IT","og_type":"article","og_title":"Easycolor - SYDRY","og_description":"EASYCOLOR \u00e8 una valida alternativa economica alla soluzione di dosaggio gravimetrico, quando \u00e8 ancora richiesta una buona precisione e un controllo semplice, senza la necessit\u00e0 di un controllo del peso. EASYCOLOR \u00e8 adatto per dosare masterbatches o additivi, sia su macchine di stampaggio a iniezione che su estrusori. According to the internal programming, EASYCOLOR can work in different ways: When on an IMM, EASYCOLOR doses a certain quantity of MB or additive only during the plastification phase of the IMM. This quantity can be programmed, and it will be always the same at each cycle of the IMM. When on an extruder EASYCOLOR doses a certain quantity of MB or additive continuously. This quantity can be programmed, but also the dosing speed of the doser is syncronysed to the speed of the extruder, changing automatically at every variation, so that at the end always the same percentage of additive is dosed.","og_url":"https:\/\/www.sy-dry.com\/it\/product\/wheel-to-dry-mini-copy\/","og_site_name":"SYDRY","article_modified_time":"2026-03-25T13:12:26+00:00","og_image":[{"width":1590,"height":1828,"url":"https:\/\/www.sy-dry.com\/wp-content\/uploads\/2024\/10\/Easycolor-color.png","type":"image\/png"}],"twitter_card":"summary_large_image","twitter_misc":{"Tempo di lettura stimato":"1 minuto"},"schema":{"@context":"https:\/\/schema.org","@graph":[{"@type":"WebPage","@id":"https:\/\/www.sy-dry.com\/it\/product\/wheel-to-dry-mini-copy\/","url":"https:\/\/www.sy-dry.com\/it\/product\/wheel-to-dry-mini-copy\/","name":"Easycolor - SYDRY","isPartOf":{"@id":"https:\/\/www.sy-dry.com\/it\/#website"},"primaryImageOfPage":{"@id":"https:\/\/www.sy-dry.com\/it\/product\/wheel-to-dry-mini-copy\/#primaryimage"},"image":{"@id":"https:\/\/www.sy-dry.com\/it\/product\/wheel-to-dry-mini-copy\/#primaryimage"},"thumbnailUrl":"https:\/\/www.sy-dry.com\/wp-content\/uploads\/2024\/10\/Easycolor-color.png","datePublished":"2024-10-18T08:19:16+00:00","dateModified":"2026-03-25T13:12:26+00:00","breadcrumb":{"@id":"https:\/\/www.sy-dry.com\/it\/product\/wheel-to-dry-mini-copy\/#breadcrumb"},"inLanguage":"it-IT","potentialAction":[{"@type":"ReadAction","target":["https:\/\/www.sy-dry.com\/it\/product\/wheel-to-dry-mini-copy\/"]}]},{"@type":"ImageObject","inLanguage":"it-IT","@id":"https:\/\/www.sy-dry.com\/it\/product\/wheel-to-dry-mini-copy\/#primaryimage","url":"https:\/\/www.sy-dry.com\/wp-content\/uploads\/2024\/10\/Easycolor-color.png","contentUrl":"https:\/\/www.sy-dry.com\/wp-content\/uploads\/2024\/10\/Easycolor-color.png","width":1590,"height":1828},{"@type":"BreadcrumbList","@id":"https:\/\/www.sy-dry.com\/it\/product\/wheel-to-dry-mini-copy\/#breadcrumb","itemListElement":[{"@type":"ListItem","position":1,"name":"Home","item":"https:\/\/www.sy-dry.com\/it\/"},{"@type":"ListItem","position":2,"name":"Prodotti","item":"https:\/\/www.sy-dry.com\/products\/"},{"@type":"ListItem","position":3,"name":"Easycolor"}]},{"@type":"WebSite","@id":"https:\/\/www.sy-dry.com\/it\/#website","url":"https:\/\/www.sy-dry.com\/it\/","name":"SYDRY","description":"","potentialAction":[{"@type":"SearchAction","target":{"@type":"EntryPoint","urlTemplate":"https:\/\/www.sy-dry.com\/it\/?s={search_term_string}"},"query-input":{"@type":"PropertyValueSpecification","valueRequired":true,"valueName":"search_term_string"}}],"inLanguage":"it-IT"}]}},"_links":{"self":[{"href":"https:\/\/www.sy-dry.com\/it\/wp-json\/wp\/v2\/product\/9404","targetHints":{"allow":["GET"]}}],"collection":[{"href":"https:\/\/www.sy-dry.com\/it\/wp-json\/wp\/v2\/product"}],"about":[{"href":"https:\/\/www.sy-dry.com\/it\/wp-json\/wp\/v2\/types\/product"}],"wp:featuredmedia":[{"embeddable":true,"href":"https:\/\/www.sy-dry.com\/it\/wp-json\/wp\/v2\/media\/9418"}],"wp:attachment":[{"href":"https:\/\/www.sy-dry.com\/it\/wp-json\/wp\/v2\/media?parent=9404"}],"wp:term":[{"taxonomy":"product_brand","embeddable":true,"href":"https:\/\/www.sy-dry.com\/it\/wp-json\/wp\/v2\/product_brand?post=9404"},{"taxonomy":"product_cat","embeddable":true,"href":"https:\/\/www.sy-dry.com\/it\/wp-json\/wp\/v2\/product_cat?post=9404"},{"taxonomy":"product_tag","embeddable":true,"href":"https:\/\/www.sy-dry.com\/it\/wp-json\/wp\/v2\/product_tag?post=9404"}],"curies":[{"name":"wp","href":"https:\/\/api.w.org\/{rel}","templated":true}]}}