{"id":9369,"date":"2024-09-24T09:42:23","date_gmt":"2024-09-27T07:27:43","guid":{"rendered":"https:\/\/syncro-group.com\/syncro-dry\/?post_type=product&#038;p=9369"},"modified":"2025-10-06T11:33:31","modified_gmt":"2025-10-06T09:33:31","slug":"wheeltodry-mini","status":"publish","type":"product","link":"https:\/\/www.sy-dry.com\/it\/product\/wheeltodry-mini\/","title":{"rendered":"W2M \u2022 Mini"},"content":{"rendered":"<ul class=\"advantages\"><li>COMPATTEZZA ED EFFICIENZA - Poche parti mobili permettono di avere un ingombro molto compatto. Tutte le parti sono comunque facilmente accessibili per una facile e veloce pulizia, manutenzione o riparazione.<\/li><li>HIGH PERFORMANCE - Possibilit\u00e0 di regolare il Dew point tr -40\u00b0C e 0\u00b0C. Controllo PID per una precisione nel riscaldamento di \u00b11\u00b0C. L\u2019assenza di raffreddamento, necessario solo per alcuni materiali critici, permette una riduzione dell\u2019energia utilizzata.<\/li><li>RIDUZIONE DI FERMO MACCHINA - Utilizzando poche parti mobili, il \u201cWheeltodry\u2022mini\u201d ha un basso indice di difettosit\u00e0, e di conseguenza sia una riduzione dei possibili fermi macchina, che un incremento della Shel Life.<\/li><li>OTTIMIZZAZIONE AUTOMATICA - La funzione \u201dAdaptive Energy Saving\u201d, Optional, regola automaticamente la portata d\u2019aria e la temperatura di processo, in base al materiale specifico e al suo consumo orario; inoltre riduce anche il rischio di overdrying.<\/li><li>GAMMA DI MODELLI - Tre modelli con portate e dimensioni differenti, per una produzione oraria nominale fino a 25 kg\/h, in base al materiale utilizzato.<\/li><li>FLESSIBILIT\u00c0 - La regolazione del Dew-Point permette al cliente di lavorare secondo le Sue specifiche.<\/li><li>FACILIT\u00c0 - Progettato per essere montato direttamente sopra la macchina trasformatrice, o anche sulle stazioni di dosatura qualora fosse necessario deumidificare anche un additivo o un masterbatch.<\/li><li>OPTIONS - Visualizzatore di Dew Point. Energy Drying Management System (regolazione della portata da 100% a 40%).<\/li><li>PLC, INDUSTRIA 4.0 E IOT - Tutte le macchine SYncro sono pronte per essere integrate con i controlli di supervisione di terze parti e con sistemi ERP utilizzando come standard protocolli OPC-UA di ultima generazione.<\/li><\/ul>\n","protected":false},"excerpt":{"rendered":"<p class=\"p2\">Il <strong>W2M <span class=\"s2\">\u2022 <\/span>MINI<\/strong> \u00e9 un deumidificatore compatto dalle elevate prestazioni, necessario per la corretta deumidificazione di materiali plastici, progettato per piccole produzioni fino a 25 kg\/h nominali. Grazie alle sue dimensioni compatte pu\u00f2 essere installato direttamente sopra le macchine trasformatrici o sopra un dosatore qualora fosse necessario deumidificare anche additivi o masterbatches. La serie W2M identifica un dispositivo molto performante per la corretta deumidificazione dei materiali plastici. Il cuore del dispositivo \u00e8 un rotore, diviso in tre sezioni: nella prima sezione l\u2019aria viene deumidificata per poter assorbire in seguito l\u2019umidit\u00e0 dai materiali plastici; nella seconda sezione avviene la rigenerazione, ovvero tutta l\u2019umidit\u00e0 assorbita viene espulsa. Nella terza sezione avviene il suo raffreddamento, per essere cos\u00ec pronta ad assorbire di nuovo l\u2019umidit\u00e0 dei granuli. Il tutto funziona in continuo, ad anello. La compattezza, la portabilit\u00e0, la possibilit\u00e0 di ridurre il valore della portata aria dal 40 al 100%, ed infine la possibilit\u00e0 di regolare il Dew Point da -40\u00b0C a 0\u00b0C sono vantaggi notevole nell\u2019industria della plastica.<\/p>\n","protected":false},"featured_media":10258,"template":"","meta":{"_acf_changed":false,"_themeisle_gutenberg_block_has_review":false},"product_brand":[],"product_cat":[506],"product_tag":[],"class_list":{"0":"post-9369","1":"product","2":"type-product","3":"status-publish","4":"has-post-thumbnail","6":"product_cat-essicazione-deumidificazione","8":"first","9":"instock","10":"shipping-taxable","11":"product-type-simple"},"acf":[],"yoast_head":"<!-- This site is optimized with the Yoast SEO plugin v25.0 - https:\/\/yoast.com\/wordpress\/plugins\/seo\/ -->\n<title>W2M \u2022 Mini - SYDRY<\/title>\n<meta name=\"robots\" content=\"index, follow, max-snippet:-1, max-image-preview:large, max-video-preview:-1\" \/>\n<link rel=\"canonical\" href=\"https:\/\/www.sy-dry.com\/it\/product\/wheeltodry-mini\/\" \/>\n<meta property=\"og:locale\" content=\"it_IT\" \/>\n<meta property=\"og:type\" content=\"article\" \/>\n<meta property=\"og:title\" content=\"W2M \u2022 Mini - SYDRY\" \/>\n<meta property=\"og:description\" content=\"Il W2M \u2022 MINI \u00e9 un deumidificatore compatto dalle elevate prestazioni, necessario per la corretta deumidificazione di materiali plastici, progettato per piccole produzioni fino a 25 kg\/h nominali. Grazie alle sue dimensioni compatte pu\u00f2 essere installato direttamente sopra le macchine trasformatrici o sopra un dosatore qualora fosse necessario deumidificare anche additivi o masterbatches. La serie W2M identifica un dispositivo molto performante per la corretta deumidificazione dei materiali plastici. Il cuore del dispositivo \u00e8 un rotore, diviso in tre sezioni: nella prima sezione l\u2019aria viene deumidificata per poter assorbire in seguito l\u2019umidit\u00e0 dai materiali plastici; nella seconda sezione avviene la rigenerazione, ovvero tutta l\u2019umidit\u00e0 assorbita viene espulsa. Nella terza sezione avviene il suo raffreddamento, per essere cos\u00ec pronta ad assorbire di nuovo l\u2019umidit\u00e0 dei granuli. Il tutto funziona in continuo, ad anello. La compattezza, la portabilit\u00e0, la possibilit\u00e0 di ridurre il valore della portata aria dal 40 al 100%, ed infine la possibilit\u00e0 di regolare il Dew Point da -40\u00b0C a 0\u00b0C sono vantaggi notevole nell\u2019industria della plastica.\" \/>\n<meta property=\"og:url\" content=\"https:\/\/www.sy-dry.com\/it\/product\/wheeltodry-mini\/\" \/>\n<meta property=\"og:site_name\" content=\"SYDRY\" \/>\n<meta property=\"article:modified_time\" content=\"2025-10-06T09:33:31+00:00\" \/>\n<meta property=\"og:image\" content=\"https:\/\/www.sy-dry.com\/wp-content\/uploads\/2024\/09\/MINI_render_DAN_sydry.png\" \/>\n\t<meta property=\"og:image:width\" content=\"3001\" \/>\n\t<meta property=\"og:image:height\" content=\"2319\" \/>\n\t<meta property=\"og:image:type\" content=\"image\/png\" \/>\n<meta name=\"twitter:card\" content=\"summary_large_image\" \/>\n<meta name=\"twitter:label1\" content=\"Tempo di lettura stimato\" \/>\n\t<meta name=\"twitter:data1\" content=\"1 minuto\" \/>\n<script type=\"application\/ld+json\" class=\"yoast-schema-graph\">{\"@context\":\"https:\/\/schema.org\",\"@graph\":[{\"@type\":\"WebPage\",\"@id\":\"https:\/\/www.sy-dry.com\/it\/product\/wheeltodry-mini\/\",\"url\":\"https:\/\/www.sy-dry.com\/it\/product\/wheeltodry-mini\/\",\"name\":\"W2M \u2022 Mini - SYDRY\",\"isPartOf\":{\"@id\":\"https:\/\/www.sy-dry.com\/it\/#website\"},\"primaryImageOfPage\":{\"@id\":\"https:\/\/www.sy-dry.com\/it\/product\/wheeltodry-mini\/#primaryimage\"},\"image\":{\"@id\":\"https:\/\/www.sy-dry.com\/it\/product\/wheeltodry-mini\/#primaryimage\"},\"thumbnailUrl\":\"https:\/\/www.sy-dry.com\/wp-content\/uploads\/2024\/09\/MINI_render_DAN_sydry.png\",\"datePublished\":\"2024-09-27T07:27:43+00:00\",\"dateModified\":\"2025-10-06T09:33:31+00:00\",\"breadcrumb\":{\"@id\":\"https:\/\/www.sy-dry.com\/it\/product\/wheeltodry-mini\/#breadcrumb\"},\"inLanguage\":\"it-IT\",\"potentialAction\":[{\"@type\":\"ReadAction\",\"target\":[\"https:\/\/www.sy-dry.com\/it\/product\/wheeltodry-mini\/\"]}]},{\"@type\":\"ImageObject\",\"inLanguage\":\"it-IT\",\"@id\":\"https:\/\/www.sy-dry.com\/it\/product\/wheeltodry-mini\/#primaryimage\",\"url\":\"https:\/\/www.sy-dry.com\/wp-content\/uploads\/2024\/09\/MINI_render_DAN_sydry.png\",\"contentUrl\":\"https:\/\/www.sy-dry.com\/wp-content\/uploads\/2024\/09\/MINI_render_DAN_sydry.png\",\"width\":3001,\"height\":2319},{\"@type\":\"BreadcrumbList\",\"@id\":\"https:\/\/www.sy-dry.com\/it\/product\/wheeltodry-mini\/#breadcrumb\",\"itemListElement\":[{\"@type\":\"ListItem\",\"position\":1,\"name\":\"Home\",\"item\":\"https:\/\/www.sy-dry.com\/it\/\"},{\"@type\":\"ListItem\",\"position\":2,\"name\":\"Prodotti\",\"item\":\"https:\/\/www.sy-dry.com\/products\/\"},{\"@type\":\"ListItem\",\"position\":3,\"name\":\"W2M \u2022 Mini\"}]},{\"@type\":\"WebSite\",\"@id\":\"https:\/\/www.sy-dry.com\/it\/#website\",\"url\":\"https:\/\/www.sy-dry.com\/it\/\",\"name\":\"SYDRY\",\"description\":\"\",\"potentialAction\":[{\"@type\":\"SearchAction\",\"target\":{\"@type\":\"EntryPoint\",\"urlTemplate\":\"https:\/\/www.sy-dry.com\/it\/?s={search_term_string}\"},\"query-input\":{\"@type\":\"PropertyValueSpecification\",\"valueRequired\":true,\"valueName\":\"search_term_string\"}}],\"inLanguage\":\"it-IT\"}]}<\/script>\n<!-- \/ Yoast SEO plugin. -->","yoast_head_json":{"title":"W2M \u2022 Mini - SYDRY","robots":{"index":"index","follow":"follow","max-snippet":"max-snippet:-1","max-image-preview":"max-image-preview:large","max-video-preview":"max-video-preview:-1"},"canonical":"https:\/\/www.sy-dry.com\/it\/product\/wheeltodry-mini\/","og_locale":"it_IT","og_type":"article","og_title":"W2M \u2022 Mini - SYDRY","og_description":"Il W2M \u2022 MINI \u00e9 un deumidificatore compatto dalle elevate prestazioni, necessario per la corretta deumidificazione di materiali plastici, progettato per piccole produzioni fino a 25 kg\/h nominali. Grazie alle sue dimensioni compatte pu\u00f2 essere installato direttamente sopra le macchine trasformatrici o sopra un dosatore qualora fosse necessario deumidificare anche additivi o masterbatches. La serie W2M identifica un dispositivo molto performante per la corretta deumidificazione dei materiali plastici. Il cuore del dispositivo \u00e8 un rotore, diviso in tre sezioni: nella prima sezione l\u2019aria viene deumidificata per poter assorbire in seguito l\u2019umidit\u00e0 dai materiali plastici; nella seconda sezione avviene la rigenerazione, ovvero tutta l\u2019umidit\u00e0 assorbita viene espulsa. Nella terza sezione avviene il suo raffreddamento, per essere cos\u00ec pronta ad assorbire di nuovo l\u2019umidit\u00e0 dei granuli. Il tutto funziona in continuo, ad anello. La compattezza, la portabilit\u00e0, la possibilit\u00e0 di ridurre il valore della portata aria dal 40 al 100%, ed infine la possibilit\u00e0 di regolare il Dew Point da -40\u00b0C a 0\u00b0C sono vantaggi notevole nell\u2019industria della plastica.","og_url":"https:\/\/www.sy-dry.com\/it\/product\/wheeltodry-mini\/","og_site_name":"SYDRY","article_modified_time":"2025-10-06T09:33:31+00:00","og_image":[{"width":3001,"height":2319,"url":"https:\/\/www.sy-dry.com\/wp-content\/uploads\/2024\/09\/MINI_render_DAN_sydry.png","type":"image\/png"}],"twitter_card":"summary_large_image","twitter_misc":{"Tempo di lettura stimato":"1 minuto"},"schema":{"@context":"https:\/\/schema.org","@graph":[{"@type":"WebPage","@id":"https:\/\/www.sy-dry.com\/it\/product\/wheeltodry-mini\/","url":"https:\/\/www.sy-dry.com\/it\/product\/wheeltodry-mini\/","name":"W2M \u2022 Mini - SYDRY","isPartOf":{"@id":"https:\/\/www.sy-dry.com\/it\/#website"},"primaryImageOfPage":{"@id":"https:\/\/www.sy-dry.com\/it\/product\/wheeltodry-mini\/#primaryimage"},"image":{"@id":"https:\/\/www.sy-dry.com\/it\/product\/wheeltodry-mini\/#primaryimage"},"thumbnailUrl":"https:\/\/www.sy-dry.com\/wp-content\/uploads\/2024\/09\/MINI_render_DAN_sydry.png","datePublished":"2024-09-27T07:27:43+00:00","dateModified":"2025-10-06T09:33:31+00:00","breadcrumb":{"@id":"https:\/\/www.sy-dry.com\/it\/product\/wheeltodry-mini\/#breadcrumb"},"inLanguage":"it-IT","potentialAction":[{"@type":"ReadAction","target":["https:\/\/www.sy-dry.com\/it\/product\/wheeltodry-mini\/"]}]},{"@type":"ImageObject","inLanguage":"it-IT","@id":"https:\/\/www.sy-dry.com\/it\/product\/wheeltodry-mini\/#primaryimage","url":"https:\/\/www.sy-dry.com\/wp-content\/uploads\/2024\/09\/MINI_render_DAN_sydry.png","contentUrl":"https:\/\/www.sy-dry.com\/wp-content\/uploads\/2024\/09\/MINI_render_DAN_sydry.png","width":3001,"height":2319},{"@type":"BreadcrumbList","@id":"https:\/\/www.sy-dry.com\/it\/product\/wheeltodry-mini\/#breadcrumb","itemListElement":[{"@type":"ListItem","position":1,"name":"Home","item":"https:\/\/www.sy-dry.com\/it\/"},{"@type":"ListItem","position":2,"name":"Prodotti","item":"https:\/\/www.sy-dry.com\/products\/"},{"@type":"ListItem","position":3,"name":"W2M \u2022 Mini"}]},{"@type":"WebSite","@id":"https:\/\/www.sy-dry.com\/it\/#website","url":"https:\/\/www.sy-dry.com\/it\/","name":"SYDRY","description":"","potentialAction":[{"@type":"SearchAction","target":{"@type":"EntryPoint","urlTemplate":"https:\/\/www.sy-dry.com\/it\/?s={search_term_string}"},"query-input":{"@type":"PropertyValueSpecification","valueRequired":true,"valueName":"search_term_string"}}],"inLanguage":"it-IT"}]}},"_links":{"self":[{"href":"https:\/\/www.sy-dry.com\/it\/wp-json\/wp\/v2\/product\/9369","targetHints":{"allow":["GET"]}}],"collection":[{"href":"https:\/\/www.sy-dry.com\/it\/wp-json\/wp\/v2\/product"}],"about":[{"href":"https:\/\/www.sy-dry.com\/it\/wp-json\/wp\/v2\/types\/product"}],"wp:featuredmedia":[{"embeddable":true,"href":"https:\/\/www.sy-dry.com\/it\/wp-json\/wp\/v2\/media\/10258"}],"wp:attachment":[{"href":"https:\/\/www.sy-dry.com\/it\/wp-json\/wp\/v2\/media?parent=9369"}],"wp:term":[{"taxonomy":"product_brand","embeddable":true,"href":"https:\/\/www.sy-dry.com\/it\/wp-json\/wp\/v2\/product_brand?post=9369"},{"taxonomy":"product_cat","embeddable":true,"href":"https:\/\/www.sy-dry.com\/it\/wp-json\/wp\/v2\/product_cat?post=9369"},{"taxonomy":"product_tag","embeddable":true,"href":"https:\/\/www.sy-dry.com\/it\/wp-json\/wp\/v2\/product_tag?post=9369"}],"curies":[{"name":"wp","href":"https:\/\/api.w.org\/{rel}","templated":true}]}}