{"id":86,"date":"2013-08-11T19:06:15","date_gmt":"2013-08-11T19:06:15","guid":{"rendered":"http:\/\/localhost:8888\/test\/?page_id=520"},"modified":"2025-10-01T09:27:40","modified_gmt":"2025-10-01T07:27:40","slug":"about","status":"publish","type":"page","link":"https:\/\/www.sy-dry.com\/it\/about\/","title":{"rendered":"About us"},"content":{"rendered":"\n  <div class=\"banner has-hover has-parallax\" id=\"banner-726196237\">\n          <div class=\"banner-inner fill\">\n        <div class=\"banner-bg fill\" data-parallax=\"-3\" data-parallax-container=\".banner\" data-parallax-background>\n            <div class=\"bg fill bg-fill \"><\/div>\n                                    \n                    <\/div>\n\t\t\n        <div class=\"banner-layers container\">\n            <div class=\"fill banner-link\"><\/div>            \n   <div id=\"text-box-766028148\" class=\"text-box banner-layer text-box-square x15 md-x15 lg-x15 y50 md-y50 lg-y50 res-text\">\n                                <div class=\"text-box-content text dark\">\n              \n              <div class=\"text-inner text-center\">\n                  \n<div class=\"main_slider_text_container\">\n<h3 class=\"uppercase\"><strong>About<\/strong> us<\/h3>\n<p>WHATEVER WE ACCOMPLISH<\/p>\n<p>IS DUE TO THE COMBINED EFFORD<\/p>\n<\/div>\n              <\/div>\n           <\/div>\n                            \n<style>\n#text-box-766028148 .text-box-content {\n  background-color: rgba(255, 255, 255, 0.15);\n  font-size: 100%;\n}\n#text-box-766028148 {\n  width: 31%;\n}\n<\/style>\n    <\/div>\n \n        <\/div>\n      <\/div>\n\n            \n<style>\n#banner-726196237 {\n  padding-top: 484px;\n}\n#banner-726196237 .bg.bg-loaded {\n  background-image: url(https:\/\/www.sy-dry.com\/wp-content\/uploads\/2020\/07\/Gatto-e-tigre-largo-17000.jpg);\n}\n#banner-726196237 .bg {\n  background-position: 61% 53%;\n}\n#banner-726196237 .ux-shape-divider--top svg {\n  height: 150px;\n  --divider-top-width: 100%;\n}\n#banner-726196237 .ux-shape-divider--bottom svg {\n  height: 150px;\n  --divider-width: 100%;\n}\n<\/style>\n  <\/div>\n\n\n<div class=\"row\"  id=\"row-1059053188\">\n\n\t<div id=\"col-477129783\" class=\"col small-12 large-12\"  >\n\t\t\t\t<div class=\"col-inner\"  >\n\t\t\t\n\t\t\t\n<div>\n<p><strong><br \/>\nSiamo lieti di informarVi che SYDRY Srl \u00e8 pienamente operativa e pronta ad assicurare a tutti i clienti SB DRY Srl il pieno supporto a tutte le loro esigenze tecnico\/commerciali.<\/strong><\/p>\n<p><strong>In forza di contratto di affitto di ramo di azienda stipulato in data 17.07.2025, SYDRY Srl\u00a0\u00e8 subentrata nella attivit\u00e0 di SB Dry Srl ed \u00e8 divenuta titolare della concessione d\u2019uso del relativo marchio.<\/strong><\/p>\n<p><strong>Grazie alla salvaguardia di un\u2019esperienza pluridecennale e all\u2019impiego delle pi\u00f9 avanzate tecnologie nei settori della deumidificazione, cristallizzazione, dosaggio e caricamento,\u00a0SYDRY Srl \u00e8 in grado di offrirVi non solo macchinari all\u2019avanguardia, ma anche di prestare un servizio tecnico di assistenza post-vendita altamente qualificato, garantito da professionisti di comprovata competenza.<\/strong><\/p>\n<p><strong>Il nostro team \u00e8 a Vostra completa disposizione per supportarVi con tempestivit\u00e0 ed efficienza.<br \/>\nDi seguito i contatti:<\/strong><\/p>\n<ul>\n<li><strong>Contatto Telefonico: 0331.123.00.20<\/strong><\/li>\n<li><strong>Ufficio Commerciale\u00a0<\/strong><a href=\"mailto:sales@sy-dry.com\"><strong>sales@sy-dry.com<\/strong><\/a><\/li>\n<li><strong>Service \u00a0<\/strong><a href=\"mailto:service@sy-dry.com\"><strong>service@sy-dry.com<\/strong><\/a><\/li>\n<\/ul>\n<p><strong>Certi di poter continuare a meritare la Vostra fiducia, restiamo a disposizione per ogni ulteriore approfondimento o necessit\u00e0.<\/strong><\/p>\n<p>&nbsp;<\/p>\n<\/div>\n\t\t<\/div>\n\t\t\t\t\t<\/div>\n\n\t\n<\/div>\n","protected":false},"excerpt":{"rendered":"","protected":false},"author":1,"featured_media":0,"parent":0,"menu_order":0,"comment_status":"closed","ping_status":"closed","template":"page-blank.php","meta":{"_acf_changed":false,"_themeisle_gutenberg_block_has_review":false,"footnotes":""},"class_list":["post-86","page","type-page","status-publish","hentry"],"acf":[],"yoast_head":"<!-- This site is optimized with the Yoast SEO plugin v25.0 - https:\/\/yoast.com\/wordpress\/plugins\/seo\/ -->\n<title>About us - SYDRY<\/title>\n<meta name=\"robots\" content=\"index, follow, max-snippet:-1, max-image-preview:large, max-video-preview:-1\" \/>\n<link rel=\"canonical\" href=\"https:\/\/www.sy-dry.com\/it\/about\/\" \/>\n<meta property=\"og:locale\" content=\"it_IT\" \/>\n<meta property=\"og:type\" content=\"article\" \/>\n<meta property=\"og:title\" content=\"About us - SYDRY\" \/>\n<meta property=\"og:url\" content=\"https:\/\/www.sy-dry.com\/it\/about\/\" \/>\n<meta property=\"og:site_name\" content=\"SYDRY\" \/>\n<meta property=\"article:modified_time\" content=\"2025-10-01T07:27:40+00:00\" \/>\n<meta name=\"twitter:card\" content=\"summary_large_image\" \/>\n<meta name=\"twitter:label1\" content=\"Tempo di lettura stimato\" \/>\n\t<meta name=\"twitter:data1\" content=\"1 minuto\" \/>\n<script type=\"application\/ld+json\" class=\"yoast-schema-graph\">{\"@context\":\"https:\/\/schema.org\",\"@graph\":[{\"@type\":\"WebPage\",\"@id\":\"https:\/\/www.sy-dry.com\/it\/about\/\",\"url\":\"https:\/\/www.sy-dry.com\/it\/about\/\",\"name\":\"About us - SYDRY\",\"isPartOf\":{\"@id\":\"https:\/\/www.sy-dry.com\/it\/#website\"},\"datePublished\":\"2013-08-11T19:06:15+00:00\",\"dateModified\":\"2025-10-01T07:27:40+00:00\",\"breadcrumb\":{\"@id\":\"https:\/\/www.sy-dry.com\/it\/about\/#breadcrumb\"},\"inLanguage\":\"it-IT\",\"potentialAction\":[{\"@type\":\"ReadAction\",\"target\":[\"https:\/\/www.sy-dry.com\/it\/about\/\"]}]},{\"@type\":\"BreadcrumbList\",\"@id\":\"https:\/\/www.sy-dry.com\/it\/about\/#breadcrumb\",\"itemListElement\":[{\"@type\":\"ListItem\",\"position\":1,\"name\":\"Home\",\"item\":\"https:\/\/www.sy-dry.com\/it\/\"},{\"@type\":\"ListItem\",\"position\":2,\"name\":\"About us\"}]},{\"@type\":\"WebSite\",\"@id\":\"https:\/\/www.sy-dry.com\/it\/#website\",\"url\":\"https:\/\/www.sy-dry.com\/it\/\",\"name\":\"SYDRY\",\"description\":\"\",\"potentialAction\":[{\"@type\":\"SearchAction\",\"target\":{\"@type\":\"EntryPoint\",\"urlTemplate\":\"https:\/\/www.sy-dry.com\/it\/?s={search_term_string}\"},\"query-input\":{\"@type\":\"PropertyValueSpecification\",\"valueRequired\":true,\"valueName\":\"search_term_string\"}}],\"inLanguage\":\"it-IT\"}]}<\/script>\n<!-- \/ Yoast SEO plugin. -->","yoast_head_json":{"title":"About us - SYDRY","robots":{"index":"index","follow":"follow","max-snippet":"max-snippet:-1","max-image-preview":"max-image-preview:large","max-video-preview":"max-video-preview:-1"},"canonical":"https:\/\/www.sy-dry.com\/it\/about\/","og_locale":"it_IT","og_type":"article","og_title":"About us - SYDRY","og_url":"https:\/\/www.sy-dry.com\/it\/about\/","og_site_name":"SYDRY","article_modified_time":"2025-10-01T07:27:40+00:00","twitter_card":"summary_large_image","twitter_misc":{"Tempo di lettura stimato":"1 minuto"},"schema":{"@context":"https:\/\/schema.org","@graph":[{"@type":"WebPage","@id":"https:\/\/www.sy-dry.com\/it\/about\/","url":"https:\/\/www.sy-dry.com\/it\/about\/","name":"About us - SYDRY","isPartOf":{"@id":"https:\/\/www.sy-dry.com\/it\/#website"},"datePublished":"2013-08-11T19:06:15+00:00","dateModified":"2025-10-01T07:27:40+00:00","breadcrumb":{"@id":"https:\/\/www.sy-dry.com\/it\/about\/#breadcrumb"},"inLanguage":"it-IT","potentialAction":[{"@type":"ReadAction","target":["https:\/\/www.sy-dry.com\/it\/about\/"]}]},{"@type":"BreadcrumbList","@id":"https:\/\/www.sy-dry.com\/it\/about\/#breadcrumb","itemListElement":[{"@type":"ListItem","position":1,"name":"Home","item":"https:\/\/www.sy-dry.com\/it\/"},{"@type":"ListItem","position":2,"name":"About us"}]},{"@type":"WebSite","@id":"https:\/\/www.sy-dry.com\/it\/#website","url":"https:\/\/www.sy-dry.com\/it\/","name":"SYDRY","description":"","potentialAction":[{"@type":"SearchAction","target":{"@type":"EntryPoint","urlTemplate":"https:\/\/www.sy-dry.com\/it\/?s={search_term_string}"},"query-input":{"@type":"PropertyValueSpecification","valueRequired":true,"valueName":"search_term_string"}}],"inLanguage":"it-IT"}]}},"_links":{"self":[{"href":"https:\/\/www.sy-dry.com\/it\/wp-json\/wp\/v2\/pages\/86","targetHints":{"allow":["GET"]}}],"collection":[{"href":"https:\/\/www.sy-dry.com\/it\/wp-json\/wp\/v2\/pages"}],"about":[{"href":"https:\/\/www.sy-dry.com\/it\/wp-json\/wp\/v2\/types\/page"}],"author":[{"embeddable":true,"href":"https:\/\/www.sy-dry.com\/it\/wp-json\/wp\/v2\/users\/1"}],"replies":[{"embeddable":true,"href":"https:\/\/www.sy-dry.com\/it\/wp-json\/wp\/v2\/comments?post=86"}],"version-history":[{"count":10,"href":"https:\/\/www.sy-dry.com\/it\/wp-json\/wp\/v2\/pages\/86\/revisions"}],"predecessor-version":[{"id":10246,"href":"https:\/\/www.sy-dry.com\/it\/wp-json\/wp\/v2\/pages\/86\/revisions\/10246"}],"wp:attachment":[{"href":"https:\/\/www.sy-dry.com\/it\/wp-json\/wp\/v2\/media?parent=86"}],"curies":[{"name":"wp","href":"https:\/\/api.w.org\/{rel}","templated":true}]}}