{"id":6461,"date":"2020-06-30T22:12:16","date_gmt":"2020-06-30T20:12:16","guid":{"rendered":"https:\/\/syncro-group.com\/plantech-cst\/product\/c-vybro-feeding-unit-with-vibrating-tray\/"},"modified":"2021-04-14T11:44:24","modified_gmt":"2021-04-14T09:44:24","slug":"c-vybro-feeding-unit-with-vibrating-tray","status":"publish","type":"product","link":"https:\/\/www.sy-dry.com\/es\/producto\/c-vybro-feeding-unit-with-vibrating-tray\/","title":{"rendered":"C-VYBRO"},"content":{"rendered":"<ul class=\"advantages\"><li>ALTO RENDIMIENTO - C-VYBRO puede garantizar una alta precisi\u00f3n en la alimentaci\u00f3n (+\/- 0,5%) en un rango de 1:10.<\/li><li>AMPLIA GAMA DE MODELOS - La amplia gama de diferentes unidades de dosificaci\u00f3n permite al usuario alimentar desde 0,1 hasta 14000 dm3\/h.<\/li><li>TOLVAS MODULARES - Varias formas y tama\u00f1os de tolvas est\u00e1ndar pueden combinarse perfectamente con varias extensiones de medici\u00f3n, elegidas en relaci\u00f3n con el caudal para satisfacer las diferentes necesidades de dosificaci\u00f3n.<\/li><li>SISTEMA DE PESO - Las unidades gravim\u00e9tricas C-VYBRO pueden instalarse en la b\u00e1scula de plataforma. Caracter\u00edsticas de la c\u00e9lula de carga anal\u00f3gica: Resoluci\u00f3n: 1:8388608 (\u00b1 23 bits) Precisi\u00f3n: \u00b1 0,03%.<\/li><li>INSTALACIONES - C-VYBRO se suministra siempre precableado con cajas de conexi\u00f3n para permitir una instalaci\u00f3n f\u00e1cil y r\u00e1pida. Los alimentadores C-VYBRO pueden instalarse en un bastidor independiente o en un bastidor modular de estaci\u00f3n de dosificaci\u00f3n multicomponente C-MULTY que est\u00e1 disponible en varias configuraciones: DS-4, DS-6 y DS-8, de 2 a 8 unidades de alimentaci\u00f3n.<\/li><li>SISTEMA DE CONTROL & INDUSTRIA 4.0 - El sistema de control del alimentador puede gestionar desde un solo alimentador hasta varios alimentadores y l\u00edneas de producci\u00f3n. El PLC se suministra con el protocolo OPC\/UA integrado, lo que hace que cada m\u00e1quina sea modular y est\u00e9 preparada para la industria 4.0.<\/li><li>HMI - El sistema de control de alimentaci\u00f3n est\u00e1 equipado con una pantalla t\u00e1ctil HMI de f\u00e1cil uso (7\"-9\"-15\").<\/li><li>OPCIONES DISPONIBLES - Como opci\u00f3n, el C-VYBRO puede ser equipado con un agitador vertical o con boquillas de fluidificaci\u00f3n, dise\u00f1ado para altas temperaturas, compatible con ATEX y\/o con la FDA.<\/li><\/ul>\n","protected":false},"excerpt":{"rendered":"<p><strong>C-VYBRO<\/strong> es una <strong>unidad de alimentaci\u00f3n<\/strong> <strong>con bandeja vibratoria<\/strong>, dise\u00f1ada en diferentes tama\u00f1os para alimentar materiales fr\u00e1giles, abrasivos y de flujo libre, como gr\u00e1nulos, copos y fibras, y est\u00e1 disponible en versiones gravim\u00e9tricas o volum\u00e9tricas. En los m\u00f3dulos de p\u00e9rdida de peso se instala una c\u00e9lula de carga anal\u00f3gica que garantiza una gran precisi\u00f3n de pesaje.<\/p>\n","protected":false},"featured_media":6411,"template":"","meta":{"_acf_changed":false,"_themeisle_gutenberg_block_has_review":false},"product_brand":[],"product_cat":[691],"product_tag":[771,711,705,767,720,770,747,677,688,769],"class_list":{"0":"post-6461","1":"product","2":"type-product","3":"status-publish","4":"has-post-thumbnail","6":"product_cat-dosing-and-mixing-es","7":"product_tag-abrasive-product-feeder-es","8":"product_tag-atex-es","9":"product_tag-feeding-unit-es","10":"product_tag-fibres-dosing-es","11":"product_tag-flake-dosing-es","12":"product_tag-fragile-product-feeder-es","13":"product_tag-free-flowing-material-feeder-es","14":"product_tag-granule-and-pellet-dosing-es","15":"product_tag-plantech-cst-es","16":"product_tag-vibrating-tray-es","18":"first","19":"instock","20":"shipping-taxable","21":"product-type-simple"},"acf":[],"yoast_head":"<!-- This site is optimized with the Yoast SEO plugin v25.0 - https:\/\/yoast.com\/wordpress\/plugins\/seo\/ -->\n<title>C-VYBRO - SYDRY<\/title>\n<meta name=\"description\" content=\"C-VYBRO is a feeding unit with a vibrating tray to feed fragile, abrasive and free flowing materials, such as granules, flakes and fibers.\" \/>\n<meta name=\"robots\" content=\"index, follow, max-snippet:-1, max-image-preview:large, max-video-preview:-1\" \/>\n<link rel=\"canonical\" href=\"https:\/\/www.sy-dry.com\/es\/producto\/c-vybro-feeding-unit-with-vibrating-tray\/\" \/>\n<meta property=\"og:locale\" content=\"es_ES\" \/>\n<meta property=\"og:type\" content=\"article\" \/>\n<meta property=\"og:title\" content=\"C-VYBRO - SYDRY\" \/>\n<meta property=\"og:description\" content=\"C-VYBRO is a feeding unit with a vibrating tray to feed fragile, abrasive and free flowing materials, such as granules, flakes and fibers.\" \/>\n<meta property=\"og:url\" content=\"https:\/\/www.sy-dry.com\/es\/producto\/c-vybro-feeding-unit-with-vibrating-tray\/\" \/>\n<meta property=\"og:site_name\" content=\"SYDRY\" \/>\n<meta property=\"article:modified_time\" content=\"2021-04-14T09:44:24+00:00\" \/>\n<meta property=\"og:image\" content=\"https:\/\/www.sy-dry.com\/wp-content\/uploads\/2020\/06\/C-VYBRO-1024.jpg\" \/>\n\t<meta property=\"og:image:width\" content=\"1024\" \/>\n\t<meta property=\"og:image:height\" content=\"1024\" \/>\n\t<meta property=\"og:image:type\" content=\"image\/jpeg\" \/>\n<meta name=\"twitter:card\" content=\"summary_large_image\" \/>\n<script type=\"application\/ld+json\" class=\"yoast-schema-graph\">{\"@context\":\"https:\/\/schema.org\",\"@graph\":[{\"@type\":\"WebPage\",\"@id\":\"https:\/\/www.sy-dry.com\/es\/producto\/c-vybro-feeding-unit-with-vibrating-tray\/\",\"url\":\"https:\/\/www.sy-dry.com\/es\/producto\/c-vybro-feeding-unit-with-vibrating-tray\/\",\"name\":\"C-VYBRO - SYDRY\",\"isPartOf\":{\"@id\":\"https:\/\/www.sy-dry.com\/es\/#website\"},\"primaryImageOfPage\":{\"@id\":\"https:\/\/www.sy-dry.com\/es\/producto\/c-vybro-feeding-unit-with-vibrating-tray\/#primaryimage\"},\"image\":{\"@id\":\"https:\/\/www.sy-dry.com\/es\/producto\/c-vybro-feeding-unit-with-vibrating-tray\/#primaryimage\"},\"thumbnailUrl\":\"https:\/\/www.sy-dry.com\/wp-content\/uploads\/2020\/06\/C-VYBRO-1024.jpg\",\"datePublished\":\"2020-06-30T20:12:16+00:00\",\"dateModified\":\"2021-04-14T09:44:24+00:00\",\"description\":\"C-VYBRO is a feeding unit with a vibrating tray to feed fragile, abrasive and free flowing materials, such as granules, flakes and fibers.\",\"breadcrumb\":{\"@id\":\"https:\/\/www.sy-dry.com\/es\/producto\/c-vybro-feeding-unit-with-vibrating-tray\/#breadcrumb\"},\"inLanguage\":\"es\",\"potentialAction\":[{\"@type\":\"ReadAction\",\"target\":[\"https:\/\/www.sy-dry.com\/es\/producto\/c-vybro-feeding-unit-with-vibrating-tray\/\"]}]},{\"@type\":\"ImageObject\",\"inLanguage\":\"es\",\"@id\":\"https:\/\/www.sy-dry.com\/es\/producto\/c-vybro-feeding-unit-with-vibrating-tray\/#primaryimage\",\"url\":\"https:\/\/www.sy-dry.com\/wp-content\/uploads\/2020\/06\/C-VYBRO-1024.jpg\",\"contentUrl\":\"https:\/\/www.sy-dry.com\/wp-content\/uploads\/2020\/06\/C-VYBRO-1024.jpg\",\"width\":1024,\"height\":1024,\"caption\":\"Dosing System\"},{\"@type\":\"BreadcrumbList\",\"@id\":\"https:\/\/www.sy-dry.com\/es\/producto\/c-vybro-feeding-unit-with-vibrating-tray\/#breadcrumb\",\"itemListElement\":[{\"@type\":\"ListItem\",\"position\":1,\"name\":\"Home\",\"item\":\"https:\/\/www.sy-dry.com\/es\/simple-corporate\/\"},{\"@type\":\"ListItem\",\"position\":2,\"name\":\"Products\",\"item\":\"https:\/\/www.sy-dry.com\/products\/\"},{\"@type\":\"ListItem\",\"position\":3,\"name\":\"C-VYBRO\"}]},{\"@type\":\"WebSite\",\"@id\":\"https:\/\/www.sy-dry.com\/es\/#website\",\"url\":\"https:\/\/www.sy-dry.com\/es\/\",\"name\":\"SYDRY\",\"description\":\"\",\"potentialAction\":[{\"@type\":\"SearchAction\",\"target\":{\"@type\":\"EntryPoint\",\"urlTemplate\":\"https:\/\/www.sy-dry.com\/es\/?s={search_term_string}\"},\"query-input\":{\"@type\":\"PropertyValueSpecification\",\"valueRequired\":true,\"valueName\":\"search_term_string\"}}],\"inLanguage\":\"es\"}]}<\/script>\n<!-- \/ Yoast SEO plugin. -->","yoast_head_json":{"title":"C-VYBRO - SYDRY","description":"C-VYBRO is a feeding unit with a vibrating tray to feed fragile, abrasive and free flowing materials, such as granules, flakes and fibers.","robots":{"index":"index","follow":"follow","max-snippet":"max-snippet:-1","max-image-preview":"max-image-preview:large","max-video-preview":"max-video-preview:-1"},"canonical":"https:\/\/www.sy-dry.com\/es\/producto\/c-vybro-feeding-unit-with-vibrating-tray\/","og_locale":"es_ES","og_type":"article","og_title":"C-VYBRO - SYDRY","og_description":"C-VYBRO is a feeding unit with a vibrating tray to feed fragile, abrasive and free flowing materials, such as granules, flakes and fibers.","og_url":"https:\/\/www.sy-dry.com\/es\/producto\/c-vybro-feeding-unit-with-vibrating-tray\/","og_site_name":"SYDRY","article_modified_time":"2021-04-14T09:44:24+00:00","og_image":[{"width":1024,"height":1024,"url":"https:\/\/www.sy-dry.com\/wp-content\/uploads\/2020\/06\/C-VYBRO-1024.jpg","type":"image\/jpeg"}],"twitter_card":"summary_large_image","schema":{"@context":"https:\/\/schema.org","@graph":[{"@type":"WebPage","@id":"https:\/\/www.sy-dry.com\/es\/producto\/c-vybro-feeding-unit-with-vibrating-tray\/","url":"https:\/\/www.sy-dry.com\/es\/producto\/c-vybro-feeding-unit-with-vibrating-tray\/","name":"C-VYBRO - SYDRY","isPartOf":{"@id":"https:\/\/www.sy-dry.com\/es\/#website"},"primaryImageOfPage":{"@id":"https:\/\/www.sy-dry.com\/es\/producto\/c-vybro-feeding-unit-with-vibrating-tray\/#primaryimage"},"image":{"@id":"https:\/\/www.sy-dry.com\/es\/producto\/c-vybro-feeding-unit-with-vibrating-tray\/#primaryimage"},"thumbnailUrl":"https:\/\/www.sy-dry.com\/wp-content\/uploads\/2020\/06\/C-VYBRO-1024.jpg","datePublished":"2020-06-30T20:12:16+00:00","dateModified":"2021-04-14T09:44:24+00:00","description":"C-VYBRO is a feeding unit with a vibrating tray to feed fragile, abrasive and free flowing materials, such as granules, flakes and fibers.","breadcrumb":{"@id":"https:\/\/www.sy-dry.com\/es\/producto\/c-vybro-feeding-unit-with-vibrating-tray\/#breadcrumb"},"inLanguage":"es","potentialAction":[{"@type":"ReadAction","target":["https:\/\/www.sy-dry.com\/es\/producto\/c-vybro-feeding-unit-with-vibrating-tray\/"]}]},{"@type":"ImageObject","inLanguage":"es","@id":"https:\/\/www.sy-dry.com\/es\/producto\/c-vybro-feeding-unit-with-vibrating-tray\/#primaryimage","url":"https:\/\/www.sy-dry.com\/wp-content\/uploads\/2020\/06\/C-VYBRO-1024.jpg","contentUrl":"https:\/\/www.sy-dry.com\/wp-content\/uploads\/2020\/06\/C-VYBRO-1024.jpg","width":1024,"height":1024,"caption":"Dosing System"},{"@type":"BreadcrumbList","@id":"https:\/\/www.sy-dry.com\/es\/producto\/c-vybro-feeding-unit-with-vibrating-tray\/#breadcrumb","itemListElement":[{"@type":"ListItem","position":1,"name":"Home","item":"https:\/\/www.sy-dry.com\/es\/simple-corporate\/"},{"@type":"ListItem","position":2,"name":"Products","item":"https:\/\/www.sy-dry.com\/products\/"},{"@type":"ListItem","position":3,"name":"C-VYBRO"}]},{"@type":"WebSite","@id":"https:\/\/www.sy-dry.com\/es\/#website","url":"https:\/\/www.sy-dry.com\/es\/","name":"SYDRY","description":"","potentialAction":[{"@type":"SearchAction","target":{"@type":"EntryPoint","urlTemplate":"https:\/\/www.sy-dry.com\/es\/?s={search_term_string}"},"query-input":{"@type":"PropertyValueSpecification","valueRequired":true,"valueName":"search_term_string"}}],"inLanguage":"es"}]}},"_links":{"self":[{"href":"https:\/\/www.sy-dry.com\/es\/wp-json\/wp\/v2\/product\/6461","targetHints":{"allow":["GET"]}}],"collection":[{"href":"https:\/\/www.sy-dry.com\/es\/wp-json\/wp\/v2\/product"}],"about":[{"href":"https:\/\/www.sy-dry.com\/es\/wp-json\/wp\/v2\/types\/product"}],"wp:featuredmedia":[{"embeddable":true,"href":"https:\/\/www.sy-dry.com\/es\/wp-json\/wp\/v2\/media\/6411"}],"wp:attachment":[{"href":"https:\/\/www.sy-dry.com\/es\/wp-json\/wp\/v2\/media?parent=6461"}],"wp:term":[{"taxonomy":"product_brand","embeddable":true,"href":"https:\/\/www.sy-dry.com\/es\/wp-json\/wp\/v2\/product_brand?post=6461"},{"taxonomy":"product_cat","embeddable":true,"href":"https:\/\/www.sy-dry.com\/es\/wp-json\/wp\/v2\/product_cat?post=6461"},{"taxonomy":"product_tag","embeddable":true,"href":"https:\/\/www.sy-dry.com\/es\/wp-json\/wp\/v2\/product_tag?post=6461"}],"curies":[{"name":"wp","href":"https:\/\/api.w.org\/{rel}","templated":true}]}}