{"id":6459,"date":"2020-06-30T22:15:43","date_gmt":"2020-06-30T20:15:43","guid":{"rendered":"https:\/\/syncro-group.com\/plantech-cst\/product\/c-multy-dosing-station\/"},"modified":"2021-04-13T17:25:41","modified_gmt":"2021-04-13T15:25:41","slug":"c-multy-dosing-station","status":"publish","type":"product","link":"https:\/\/www.sy-dry.com\/es\/producto\/c-multy-dosing-station\/","title":{"rendered":"C-MULTY"},"content":{"rendered":"<ul class=\"advantages\"><li>ALTO RENDIMIENTO C-MULTY - puede garantizar una alta precisi\u00f3n en la alimentaci\u00f3n (+\/- 0,5%) de cada uno de los componentes.<\/li><li>AMPLIA GAMA DE CONFIGURACIONES - La amplia gama de configuraciones diferentes permite al usuario alimentar cualquier tipo de producto.<\/li><li>DISE\u00d1O MODULAR - El dise\u00f1o permite tener una gran cantidad de configuraciones diferentes de alimentadores.<\/li><li>INSTALACIONES - C-MULTY se suministra siempre precableado con cajas de conexi\u00f3n para permitir una instalaci\u00f3n f\u00e1cil y r\u00e1pida.<\/li><li>SISTEMA DE CONTROL & INDUSTRIA 4.0 - El sistema de control del alimentador puede gestionar varios alimentadores y l\u00edneas de producci\u00f3n. El PLC se suministra con el protocolo OPC\/UA integrado, lo que hace que cada m\u00e1quina sea modular y est\u00e9 preparada para la industria 4.0.<\/li><li>HMI - El sistema de control de alimentaci\u00f3n est\u00e1 equipado con una pantalla t\u00e1ctil HMI de f\u00e1cil uso (7\"-9\"-15\").<\/li><li>OPCIONES DISPONIBLES - Como opci\u00f3n, la C-MULTY puede ser equipada con un marco de extensi\u00f3n para auto-soportar la parte de relleno.<\/li><\/ul>\n","protected":false},"excerpt":{"rendered":"<p><strong>C-MULTY<\/strong> es una estaci\u00f3n modular de <strong>alimentaci\u00f3n gravim\u00e9trica continua<\/strong> de varios componentes y de mezcla, adecuada para <strong>sistemas de extrusi\u00f3n de alimentaci\u00f3n de hambre y de tornillo &#8220;completo&#8221;<\/strong>. La estaci\u00f3n de dosificaci\u00f3n se puede personalizar completamente para la receta del cliente. Toda la gama de alimentadores<strong> PLANTECH-CST<\/strong> puede combinarse para garantizar un flujo constante de cada componente independientemente de las especificaciones del producto.<\/p>\n","protected":false},"featured_media":6400,"template":"","meta":{"_acf_changed":false,"_themeisle_gutenberg_block_has_review":false},"product_brand":[],"product_cat":[691],"product_tag":[697,695,767,720,699,677,696,693,768,694,710,678,698],"class_list":{"0":"post-6459","1":"product","2":"type-product","3":"status-publish","4":"has-post-thumbnail","6":"product_cat-dosing-and-mixing-es","7":"product_tag-continuous-blender-es","8":"product_tag-continuous-feeder-es","9":"product_tag-fibres-dosing-es","10":"product_tag-flake-dosing-es","11":"product_tag-full-screw-extrusion-system-es","12":"product_tag-granule-and-pellet-dosing-es","13":"product_tag-gravimetric-feeder-es","14":"product_tag-loss-in-weight-es","15":"product_tag-multi-component-dosing-es","16":"product_tag-multi-component-dosing-unit-es","17":"product_tag-powder-dosing-es","18":"product_tag-regrind-dosing-es","19":"product_tag-starve-feed-extrusion-es","21":"first","22":"instock","23":"shipping-taxable","24":"product-type-simple"},"acf":[],"yoast_head":"<!-- This site is optimized with the Yoast SEO plugin v25.0 - https:\/\/yoast.com\/wordpress\/plugins\/seo\/ -->\n<title>C-MULTY - SYDRY<\/title>\n<meta name=\"description\" content=\"C-MULTY is a modular multi component continuous gravimetric feeding\/blending station suitable for starve feed extrusion and \u201cfull\u201d screw extrusion system.\" \/>\n<meta name=\"robots\" content=\"index, follow, max-snippet:-1, max-image-preview:large, max-video-preview:-1\" \/>\n<link rel=\"canonical\" href=\"https:\/\/www.sy-dry.com\/es\/producto\/c-multy-dosing-station\/\" \/>\n<meta property=\"og:locale\" content=\"es_ES\" \/>\n<meta property=\"og:type\" content=\"article\" \/>\n<meta property=\"og:title\" content=\"C-MULTY - SYDRY\" \/>\n<meta property=\"og:description\" content=\"C-MULTY is a modular multi component continuous gravimetric feeding\/blending station suitable for starve feed extrusion and \u201cfull\u201d screw extrusion system.\" \/>\n<meta property=\"og:url\" content=\"https:\/\/www.sy-dry.com\/es\/producto\/c-multy-dosing-station\/\" \/>\n<meta property=\"og:site_name\" content=\"SYDRY\" \/>\n<meta property=\"article:modified_time\" content=\"2021-04-13T15:25:41+00:00\" \/>\n<meta property=\"og:image\" content=\"https:\/\/www.sy-dry.com\/wp-content\/uploads\/2020\/06\/C-MULTI-1024.jpg\" \/>\n\t<meta property=\"og:image:width\" content=\"1024\" \/>\n\t<meta property=\"og:image:height\" content=\"1024\" \/>\n\t<meta property=\"og:image:type\" content=\"image\/jpeg\" \/>\n<meta name=\"twitter:card\" content=\"summary_large_image\" \/>\n<script type=\"application\/ld+json\" class=\"yoast-schema-graph\">{\"@context\":\"https:\/\/schema.org\",\"@graph\":[{\"@type\":\"WebPage\",\"@id\":\"https:\/\/www.sy-dry.com\/es\/producto\/c-multy-dosing-station\/\",\"url\":\"https:\/\/www.sy-dry.com\/es\/producto\/c-multy-dosing-station\/\",\"name\":\"C-MULTY - SYDRY\",\"isPartOf\":{\"@id\":\"https:\/\/www.sy-dry.com\/es\/#website\"},\"primaryImageOfPage\":{\"@id\":\"https:\/\/www.sy-dry.com\/es\/producto\/c-multy-dosing-station\/#primaryimage\"},\"image\":{\"@id\":\"https:\/\/www.sy-dry.com\/es\/producto\/c-multy-dosing-station\/#primaryimage\"},\"thumbnailUrl\":\"https:\/\/www.sy-dry.com\/wp-content\/uploads\/2020\/06\/C-MULTI-1024.jpg\",\"datePublished\":\"2020-06-30T20:15:43+00:00\",\"dateModified\":\"2021-04-13T15:25:41+00:00\",\"description\":\"C-MULTY is a modular multi component continuous gravimetric feeding\/blending station suitable for starve feed extrusion and \u201cfull\u201d screw extrusion system.\",\"breadcrumb\":{\"@id\":\"https:\/\/www.sy-dry.com\/es\/producto\/c-multy-dosing-station\/#breadcrumb\"},\"inLanguage\":\"es\",\"potentialAction\":[{\"@type\":\"ReadAction\",\"target\":[\"https:\/\/www.sy-dry.com\/es\/producto\/c-multy-dosing-station\/\"]}]},{\"@type\":\"ImageObject\",\"inLanguage\":\"es\",\"@id\":\"https:\/\/www.sy-dry.com\/es\/producto\/c-multy-dosing-station\/#primaryimage\",\"url\":\"https:\/\/www.sy-dry.com\/wp-content\/uploads\/2020\/06\/C-MULTI-1024.jpg\",\"contentUrl\":\"https:\/\/www.sy-dry.com\/wp-content\/uploads\/2020\/06\/C-MULTI-1024.jpg\",\"width\":1024,\"height\":1024,\"caption\":\"Dosing system\"},{\"@type\":\"BreadcrumbList\",\"@id\":\"https:\/\/www.sy-dry.com\/es\/producto\/c-multy-dosing-station\/#breadcrumb\",\"itemListElement\":[{\"@type\":\"ListItem\",\"position\":1,\"name\":\"Home\",\"item\":\"https:\/\/www.sy-dry.com\/es\/simple-corporate\/\"},{\"@type\":\"ListItem\",\"position\":2,\"name\":\"Products\",\"item\":\"https:\/\/www.sy-dry.com\/products\/\"},{\"@type\":\"ListItem\",\"position\":3,\"name\":\"C-MULTY\"}]},{\"@type\":\"WebSite\",\"@id\":\"https:\/\/www.sy-dry.com\/es\/#website\",\"url\":\"https:\/\/www.sy-dry.com\/es\/\",\"name\":\"SYDRY\",\"description\":\"\",\"potentialAction\":[{\"@type\":\"SearchAction\",\"target\":{\"@type\":\"EntryPoint\",\"urlTemplate\":\"https:\/\/www.sy-dry.com\/es\/?s={search_term_string}\"},\"query-input\":{\"@type\":\"PropertyValueSpecification\",\"valueRequired\":true,\"valueName\":\"search_term_string\"}}],\"inLanguage\":\"es\"}]}<\/script>\n<!-- \/ Yoast SEO plugin. -->","yoast_head_json":{"title":"C-MULTY - SYDRY","description":"C-MULTY is a modular multi component continuous gravimetric feeding\/blending station suitable for starve feed extrusion and \u201cfull\u201d screw extrusion system.","robots":{"index":"index","follow":"follow","max-snippet":"max-snippet:-1","max-image-preview":"max-image-preview:large","max-video-preview":"max-video-preview:-1"},"canonical":"https:\/\/www.sy-dry.com\/es\/producto\/c-multy-dosing-station\/","og_locale":"es_ES","og_type":"article","og_title":"C-MULTY - SYDRY","og_description":"C-MULTY is a modular multi component continuous gravimetric feeding\/blending station suitable for starve feed extrusion and \u201cfull\u201d screw extrusion system.","og_url":"https:\/\/www.sy-dry.com\/es\/producto\/c-multy-dosing-station\/","og_site_name":"SYDRY","article_modified_time":"2021-04-13T15:25:41+00:00","og_image":[{"width":1024,"height":1024,"url":"https:\/\/www.sy-dry.com\/wp-content\/uploads\/2020\/06\/C-MULTI-1024.jpg","type":"image\/jpeg"}],"twitter_card":"summary_large_image","schema":{"@context":"https:\/\/schema.org","@graph":[{"@type":"WebPage","@id":"https:\/\/www.sy-dry.com\/es\/producto\/c-multy-dosing-station\/","url":"https:\/\/www.sy-dry.com\/es\/producto\/c-multy-dosing-station\/","name":"C-MULTY - SYDRY","isPartOf":{"@id":"https:\/\/www.sy-dry.com\/es\/#website"},"primaryImageOfPage":{"@id":"https:\/\/www.sy-dry.com\/es\/producto\/c-multy-dosing-station\/#primaryimage"},"image":{"@id":"https:\/\/www.sy-dry.com\/es\/producto\/c-multy-dosing-station\/#primaryimage"},"thumbnailUrl":"https:\/\/www.sy-dry.com\/wp-content\/uploads\/2020\/06\/C-MULTI-1024.jpg","datePublished":"2020-06-30T20:15:43+00:00","dateModified":"2021-04-13T15:25:41+00:00","description":"C-MULTY is a modular multi component continuous gravimetric feeding\/blending station suitable for starve feed extrusion and \u201cfull\u201d screw extrusion system.","breadcrumb":{"@id":"https:\/\/www.sy-dry.com\/es\/producto\/c-multy-dosing-station\/#breadcrumb"},"inLanguage":"es","potentialAction":[{"@type":"ReadAction","target":["https:\/\/www.sy-dry.com\/es\/producto\/c-multy-dosing-station\/"]}]},{"@type":"ImageObject","inLanguage":"es","@id":"https:\/\/www.sy-dry.com\/es\/producto\/c-multy-dosing-station\/#primaryimage","url":"https:\/\/www.sy-dry.com\/wp-content\/uploads\/2020\/06\/C-MULTI-1024.jpg","contentUrl":"https:\/\/www.sy-dry.com\/wp-content\/uploads\/2020\/06\/C-MULTI-1024.jpg","width":1024,"height":1024,"caption":"Dosing system"},{"@type":"BreadcrumbList","@id":"https:\/\/www.sy-dry.com\/es\/producto\/c-multy-dosing-station\/#breadcrumb","itemListElement":[{"@type":"ListItem","position":1,"name":"Home","item":"https:\/\/www.sy-dry.com\/es\/simple-corporate\/"},{"@type":"ListItem","position":2,"name":"Products","item":"https:\/\/www.sy-dry.com\/products\/"},{"@type":"ListItem","position":3,"name":"C-MULTY"}]},{"@type":"WebSite","@id":"https:\/\/www.sy-dry.com\/es\/#website","url":"https:\/\/www.sy-dry.com\/es\/","name":"SYDRY","description":"","potentialAction":[{"@type":"SearchAction","target":{"@type":"EntryPoint","urlTemplate":"https:\/\/www.sy-dry.com\/es\/?s={search_term_string}"},"query-input":{"@type":"PropertyValueSpecification","valueRequired":true,"valueName":"search_term_string"}}],"inLanguage":"es"}]}},"_links":{"self":[{"href":"https:\/\/www.sy-dry.com\/es\/wp-json\/wp\/v2\/product\/6459","targetHints":{"allow":["GET"]}}],"collection":[{"href":"https:\/\/www.sy-dry.com\/es\/wp-json\/wp\/v2\/product"}],"about":[{"href":"https:\/\/www.sy-dry.com\/es\/wp-json\/wp\/v2\/types\/product"}],"wp:featuredmedia":[{"embeddable":true,"href":"https:\/\/www.sy-dry.com\/es\/wp-json\/wp\/v2\/media\/6400"}],"wp:attachment":[{"href":"https:\/\/www.sy-dry.com\/es\/wp-json\/wp\/v2\/media?parent=6459"}],"wp:term":[{"taxonomy":"product_brand","embeddable":true,"href":"https:\/\/www.sy-dry.com\/es\/wp-json\/wp\/v2\/product_brand?post=6459"},{"taxonomy":"product_cat","embeddable":true,"href":"https:\/\/www.sy-dry.com\/es\/wp-json\/wp\/v2\/product_cat?post=6459"},{"taxonomy":"product_tag","embeddable":true,"href":"https:\/\/www.sy-dry.com\/es\/wp-json\/wp\/v2\/product_tag?post=6459"}],"curies":[{"name":"wp","href":"https:\/\/api.w.org\/{rel}","templated":true}]}}