{"id":6458,"date":"2020-06-30T22:23:26","date_gmt":"2020-06-30T20:23:26","guid":{"rendered":"https:\/\/syncro-group.com\/plantech-cst\/product\/hl-hopper-loader-for-powders\/"},"modified":"2021-04-14T12:49:26","modified_gmt":"2021-04-14T10:49:26","slug":"hl-hopper-loader-for-powders","status":"publish","type":"product","link":"https:\/\/www.sy-dry.com\/es\/producto\/hl-hopper-loader-for-powders\/","title":{"rendered":"HL &#8211; Cargador de tolva para polvos"},"content":{"rendered":"<ul class=\"advantages\"><li>DIFERENTES FILTROS - De acuerdo con el tipo de producto a transportar, el receptor HL puede estar equipado con filtros tipo manga o tipo cartucho de diferentes materiales. El tipo de filtro elegido est\u00e1 en funci\u00f3n del producto a transportar y de la velocidad de alimentaci\u00f3n de la l\u00ednea.<\/li><li>SISTEMA DE AUTOLIMPIEZA - El receptor HL est\u00e1 equipado con un tanque de aire comprimido y v\u00e1lvulas de limpieza, durante el ciclo de transporte se inyecta aire comprimido en la parte interior del filtro para mantenerlo limpio. Los ciclos de limpieza, as\u00ed como la intensidad del flujo de aire de limpieza pueden ser controlados a trav\u00e9s del PLC o por una tarjeta electr\u00f3nica.<\/li><li>F\u00c1CIL OPERACI\u00d3N DE MANTENIMIENTO - Durante las operaciones de mantenimiento de la l\u00ednea, el receptor HL se puede desmontar f\u00e1cilmente a trav\u00e9s de una puerta frontal o mediante abrazaderas sin necesidad de herramientas.<\/li><li>DIFERENTES CAPACIDADES DE TOLVA - La modularidad del receptor HL permite utilizarlo para diferentes capacidades de tolva de descarga que van desde 15L hasta 600L.<\/li><li>SISTEMAS DE EXTRACCI\u00d3N - Cuando el producto no es de flujo libre, el receptor HL puede ser suministrado con varias ayudas de flujo como boquillas de fluidificaci\u00f3n y vibradores neum\u00e1ticos o electro neum\u00e1ticos.<\/li><li>INSTALACIONES - El receptor HL se suministra siempre precableado con cajas de conexi\u00f3n para permitir una instalaci\u00f3n f\u00e1cil y r\u00e1pida.<\/li><li>SISTEMA DE PESO - Si se requiere, el receptor HL puede ser instalado con c\u00e9lulas de carga para el pesaje del material, un kit est\u00e1ndar est\u00e1 disponible para todos los tama\u00f1os.<\/li><li>SISTEMA DE CONTROL E INDUSTRIA 4.0 - El sistema de control de transporte puede gestionar desde un solo receptor hasta varios receptores y l\u00edneas de producci\u00f3n. El PLC se suministra con el protocolo OPC\/UA integrado, lo que hace que cada m\u00e1quina sea modular y est\u00e9 preparada para la industria 4.0.<\/li><li>HMI - El sistema de control de transporte est\u00e1 equipado con una pantalla t\u00e1ctil HMI de f\u00e1cil uso (7\"-9\"-15\").<\/li><li>OPCIONES DISPONIBLES - Como opci\u00f3n, el receptor HL puede ser dise\u00f1ado para altas temperaturas, conforme a ATEX y\/o conforme a la FDA.<\/li><\/ul>\n","protected":false},"excerpt":{"rendered":"<p>El <strong>cargador de tolva de la serie HL<\/strong> es el receptor de <strong>Plantech-CST<\/strong> para <strong>materiales a granel en polvo o polvorientos<\/strong>. Este equipo puede utilizarse en <strong>sistemas de transporte aut\u00f3nomos o centralizados<\/strong>, tanto en situaciones de presi\u00f3n como de vac\u00edo. La amplia gama de tama\u00f1os permite <strong>transportar desde 1Kg\/h hasta 4000 Kg\/h<\/strong>.<\/p>\n<p>El producto recogido de un dispositivo de almacenamiento a trav\u00e9s de una sonda de aspiraci\u00f3n\/tornillo\/v\u00e1lvula rotativa se transporta neum\u00e1ticamente por vac\u00edo o presi\u00f3n mediante una bomba de transporte. El producto se transfiere a los receptores HL. Durante esta fase los filtros integrados se limpian mediante la pulsaci\u00f3n de aire comprimido, cuando el ciclo se completa el producto se descarga desde una v\u00e1lvula de mariposa instalada en el fondo de los receptores.<\/p>\n","protected":false},"featured_media":6381,"template":"","meta":{"_acf_changed":false,"_themeisle_gutenberg_block_has_review":false},"product_brand":[],"product_cat":[761],"product_tag":[763,765,737,766,725,762,764,726],"class_list":{"0":"post-6458","1":"product","2":"type-product","3":"status-publish","4":"has-post-thumbnail","6":"product_cat-dilute-phase-conveying-es","7":"product_tag-bulk-material-es","8":"product_tag-centralized-conveying-system-es","9":"product_tag-dusty-material-es","10":"product_tag-hopper-es","11":"product_tag-pressure-conveying-es","12":"product_tag-receiver-for-powders-es","13":"product_tag-stand-aloneconveying-system-es","14":"product_tag-vacuum-conveying-es","16":"first","17":"instock","18":"shipping-taxable","19":"product-type-simple"},"acf":[],"yoast_head":"<!-- This site is optimized with the Yoast SEO plugin v25.0 - https:\/\/yoast.com\/wordpress\/plugins\/seo\/ -->\n<title>HL - Cargador de tolva para polvos - SYDRY<\/title>\n<meta name=\"description\" content=\"HL is Plantech-CST\u2019s receiver for powdery or dusty bulk materials that can be used in stand alone or centralized conveying systems both in pressure and vacuum situations.\" \/>\n<meta name=\"robots\" content=\"index, follow, max-snippet:-1, max-image-preview:large, max-video-preview:-1\" \/>\n<link rel=\"canonical\" href=\"https:\/\/www.sy-dry.com\/es\/producto\/hl-hopper-loader-for-powders\/\" \/>\n<meta property=\"og:locale\" content=\"es_ES\" \/>\n<meta property=\"og:type\" content=\"article\" \/>\n<meta property=\"og:title\" content=\"HL - Cargador de tolva para polvos - SYDRY\" \/>\n<meta property=\"og:description\" content=\"HL is Plantech-CST\u2019s receiver for powdery or dusty bulk materials that can be used in stand alone or centralized conveying systems both in pressure and vacuum situations.\" \/>\n<meta property=\"og:url\" content=\"https:\/\/www.sy-dry.com\/es\/producto\/hl-hopper-loader-for-powders\/\" \/>\n<meta property=\"og:site_name\" content=\"SYDRY\" \/>\n<meta property=\"article:modified_time\" content=\"2021-04-14T10:49:26+00:00\" \/>\n<meta property=\"og:image\" content=\"https:\/\/www.sy-dry.com\/wp-content\/uploads\/2020\/06\/Hoper-loader-HL-1024.jpg\" \/>\n\t<meta property=\"og:image:width\" content=\"1024\" \/>\n\t<meta property=\"og:image:height\" content=\"1024\" \/>\n\t<meta property=\"og:image:type\" content=\"image\/jpeg\" \/>\n<meta name=\"twitter:card\" content=\"summary_large_image\" \/>\n<script type=\"application\/ld+json\" class=\"yoast-schema-graph\">{\"@context\":\"https:\/\/schema.org\",\"@graph\":[{\"@type\":\"WebPage\",\"@id\":\"https:\/\/www.sy-dry.com\/es\/producto\/hl-hopper-loader-for-powders\/\",\"url\":\"https:\/\/www.sy-dry.com\/es\/producto\/hl-hopper-loader-for-powders\/\",\"name\":\"HL - Cargador de tolva para polvos - SYDRY\",\"isPartOf\":{\"@id\":\"https:\/\/www.sy-dry.com\/es\/#website\"},\"primaryImageOfPage\":{\"@id\":\"https:\/\/www.sy-dry.com\/es\/producto\/hl-hopper-loader-for-powders\/#primaryimage\"},\"image\":{\"@id\":\"https:\/\/www.sy-dry.com\/es\/producto\/hl-hopper-loader-for-powders\/#primaryimage\"},\"thumbnailUrl\":\"https:\/\/www.sy-dry.com\/wp-content\/uploads\/2020\/06\/Hoper-loader-HL-1024.jpg\",\"datePublished\":\"2020-06-30T20:23:26+00:00\",\"dateModified\":\"2021-04-14T10:49:26+00:00\",\"description\":\"HL is Plantech-CST\u2019s receiver for powdery or dusty bulk materials that can be used in stand alone or centralized conveying systems both in pressure and vacuum situations.\",\"breadcrumb\":{\"@id\":\"https:\/\/www.sy-dry.com\/es\/producto\/hl-hopper-loader-for-powders\/#breadcrumb\"},\"inLanguage\":\"es\",\"potentialAction\":[{\"@type\":\"ReadAction\",\"target\":[\"https:\/\/www.sy-dry.com\/es\/producto\/hl-hopper-loader-for-powders\/\"]}]},{\"@type\":\"ImageObject\",\"inLanguage\":\"es\",\"@id\":\"https:\/\/www.sy-dry.com\/es\/producto\/hl-hopper-loader-for-powders\/#primaryimage\",\"url\":\"https:\/\/www.sy-dry.com\/wp-content\/uploads\/2020\/06\/Hoper-loader-HL-1024.jpg\",\"contentUrl\":\"https:\/\/www.sy-dry.com\/wp-content\/uploads\/2020\/06\/Hoper-loader-HL-1024.jpg\",\"width\":1024,\"height\":1024,\"caption\":\"Dilute phase conveying\"},{\"@type\":\"BreadcrumbList\",\"@id\":\"https:\/\/www.sy-dry.com\/es\/producto\/hl-hopper-loader-for-powders\/#breadcrumb\",\"itemListElement\":[{\"@type\":\"ListItem\",\"position\":1,\"name\":\"Home\",\"item\":\"https:\/\/www.sy-dry.com\/es\/simple-corporate\/\"},{\"@type\":\"ListItem\",\"position\":2,\"name\":\"Products\",\"item\":\"https:\/\/www.sy-dry.com\/products\/\"},{\"@type\":\"ListItem\",\"position\":3,\"name\":\"HL &#8211; Cargador de tolva para polvos\"}]},{\"@type\":\"WebSite\",\"@id\":\"https:\/\/www.sy-dry.com\/es\/#website\",\"url\":\"https:\/\/www.sy-dry.com\/es\/\",\"name\":\"SYDRY\",\"description\":\"\",\"potentialAction\":[{\"@type\":\"SearchAction\",\"target\":{\"@type\":\"EntryPoint\",\"urlTemplate\":\"https:\/\/www.sy-dry.com\/es\/?s={search_term_string}\"},\"query-input\":{\"@type\":\"PropertyValueSpecification\",\"valueRequired\":true,\"valueName\":\"search_term_string\"}}],\"inLanguage\":\"es\"}]}<\/script>\n<!-- \/ Yoast SEO plugin. -->","yoast_head_json":{"title":"HL - Cargador de tolva para polvos - SYDRY","description":"HL is Plantech-CST\u2019s receiver for powdery or dusty bulk materials that can be used in stand alone or centralized conveying systems both in pressure and vacuum situations.","robots":{"index":"index","follow":"follow","max-snippet":"max-snippet:-1","max-image-preview":"max-image-preview:large","max-video-preview":"max-video-preview:-1"},"canonical":"https:\/\/www.sy-dry.com\/es\/producto\/hl-hopper-loader-for-powders\/","og_locale":"es_ES","og_type":"article","og_title":"HL - Cargador de tolva para polvos - SYDRY","og_description":"HL is Plantech-CST\u2019s receiver for powdery or dusty bulk materials that can be used in stand alone or centralized conveying systems both in pressure and vacuum situations.","og_url":"https:\/\/www.sy-dry.com\/es\/producto\/hl-hopper-loader-for-powders\/","og_site_name":"SYDRY","article_modified_time":"2021-04-14T10:49:26+00:00","og_image":[{"width":1024,"height":1024,"url":"https:\/\/www.sy-dry.com\/wp-content\/uploads\/2020\/06\/Hoper-loader-HL-1024.jpg","type":"image\/jpeg"}],"twitter_card":"summary_large_image","schema":{"@context":"https:\/\/schema.org","@graph":[{"@type":"WebPage","@id":"https:\/\/www.sy-dry.com\/es\/producto\/hl-hopper-loader-for-powders\/","url":"https:\/\/www.sy-dry.com\/es\/producto\/hl-hopper-loader-for-powders\/","name":"HL - Cargador de tolva para polvos - SYDRY","isPartOf":{"@id":"https:\/\/www.sy-dry.com\/es\/#website"},"primaryImageOfPage":{"@id":"https:\/\/www.sy-dry.com\/es\/producto\/hl-hopper-loader-for-powders\/#primaryimage"},"image":{"@id":"https:\/\/www.sy-dry.com\/es\/producto\/hl-hopper-loader-for-powders\/#primaryimage"},"thumbnailUrl":"https:\/\/www.sy-dry.com\/wp-content\/uploads\/2020\/06\/Hoper-loader-HL-1024.jpg","datePublished":"2020-06-30T20:23:26+00:00","dateModified":"2021-04-14T10:49:26+00:00","description":"HL is Plantech-CST\u2019s receiver for powdery or dusty bulk materials that can be used in stand alone or centralized conveying systems both in pressure and vacuum situations.","breadcrumb":{"@id":"https:\/\/www.sy-dry.com\/es\/producto\/hl-hopper-loader-for-powders\/#breadcrumb"},"inLanguage":"es","potentialAction":[{"@type":"ReadAction","target":["https:\/\/www.sy-dry.com\/es\/producto\/hl-hopper-loader-for-powders\/"]}]},{"@type":"ImageObject","inLanguage":"es","@id":"https:\/\/www.sy-dry.com\/es\/producto\/hl-hopper-loader-for-powders\/#primaryimage","url":"https:\/\/www.sy-dry.com\/wp-content\/uploads\/2020\/06\/Hoper-loader-HL-1024.jpg","contentUrl":"https:\/\/www.sy-dry.com\/wp-content\/uploads\/2020\/06\/Hoper-loader-HL-1024.jpg","width":1024,"height":1024,"caption":"Dilute phase conveying"},{"@type":"BreadcrumbList","@id":"https:\/\/www.sy-dry.com\/es\/producto\/hl-hopper-loader-for-powders\/#breadcrumb","itemListElement":[{"@type":"ListItem","position":1,"name":"Home","item":"https:\/\/www.sy-dry.com\/es\/simple-corporate\/"},{"@type":"ListItem","position":2,"name":"Products","item":"https:\/\/www.sy-dry.com\/products\/"},{"@type":"ListItem","position":3,"name":"HL &#8211; Cargador de tolva para polvos"}]},{"@type":"WebSite","@id":"https:\/\/www.sy-dry.com\/es\/#website","url":"https:\/\/www.sy-dry.com\/es\/","name":"SYDRY","description":"","potentialAction":[{"@type":"SearchAction","target":{"@type":"EntryPoint","urlTemplate":"https:\/\/www.sy-dry.com\/es\/?s={search_term_string}"},"query-input":{"@type":"PropertyValueSpecification","valueRequired":true,"valueName":"search_term_string"}}],"inLanguage":"es"}]}},"_links":{"self":[{"href":"https:\/\/www.sy-dry.com\/es\/wp-json\/wp\/v2\/product\/6458","targetHints":{"allow":["GET"]}}],"collection":[{"href":"https:\/\/www.sy-dry.com\/es\/wp-json\/wp\/v2\/product"}],"about":[{"href":"https:\/\/www.sy-dry.com\/es\/wp-json\/wp\/v2\/types\/product"}],"wp:featuredmedia":[{"embeddable":true,"href":"https:\/\/www.sy-dry.com\/es\/wp-json\/wp\/v2\/media\/6381"}],"wp:attachment":[{"href":"https:\/\/www.sy-dry.com\/es\/wp-json\/wp\/v2\/media?parent=6458"}],"wp:term":[{"taxonomy":"product_brand","embeddable":true,"href":"https:\/\/www.sy-dry.com\/es\/wp-json\/wp\/v2\/product_brand?post=6458"},{"taxonomy":"product_cat","embeddable":true,"href":"https:\/\/www.sy-dry.com\/es\/wp-json\/wp\/v2\/product_cat?post=6458"},{"taxonomy":"product_tag","embeddable":true,"href":"https:\/\/www.sy-dry.com\/es\/wp-json\/wp\/v2\/product_tag?post=6458"}],"curies":[{"name":"wp","href":"https:\/\/api.w.org\/{rel}","templated":true}]}}