{"id":6457,"date":"2020-06-30T22:26:25","date_gmt":"2020-06-30T20:26:25","guid":{"rendered":"https:\/\/syncro-group.com\/plantech-cst\/product\/weighing-hopper\/"},"modified":"2021-04-14T13:07:48","modified_gmt":"2021-04-14T11:07:48","slug":"weighing-hopper","status":"publish","type":"product","link":"https:\/\/www.sy-dry.com\/es\/producto\/weighing-hopper\/","title":{"rendered":"WHL &#8211; Cargador de tolva de pesaje"},"content":{"rendered":"<ul class=\"advantages\"><li>La alta experiencia de PLANTECH desarrollada en el campo del pesaje y transporte permite sistemas de hasta 7-8 toneladas \/ h con una precisi\u00f3n muy alta en la dosificaci\u00f3n.<\/li><li>La alta modularidad es la caracter\u00edstica principal de todos los equipos PLANTECH-CST.<\/li><\/ul>\n","protected":false},"excerpt":{"rendered":"<p>Para alimentar una planta de mezcla o de almacenamiento donde hay que transportar neum\u00e1ticamente y dosificar diversos productos, PLANTECH-CST propone la soluci\u00f3n WHL (cargador de tolva de pesaje). El sistema se realiza mediante el pesaje de un filtro cicl\u00f3n en combinaci\u00f3n con un accesorio de m\u00faltiples v\u00e1lvulas que selecciona las diferentes l\u00edneas de los respectivos productos.<\/p>\n","protected":false},"featured_media":6366,"template":"","meta":{"_acf_changed":false,"_themeisle_gutenberg_block_has_review":false},"product_brand":[],"product_cat":[761],"product_tag":[],"class_list":{"0":"post-6457","1":"product","2":"type-product","3":"status-publish","4":"has-post-thumbnail","6":"product_cat-dilute-phase-conveying-es","8":"first","9":"instock","10":"shipping-taxable","11":"product-type-simple"},"acf":[],"yoast_head":"<!-- This site is optimized with the Yoast SEO plugin v25.0 - https:\/\/yoast.com\/wordpress\/plugins\/seo\/ -->\n<title>WHL - Cargador de tolva de pesaje - SYDRY<\/title>\n<meta name=\"description\" content=\"WHL (weighing hopper loader) is realized by weighing a cyclon filter in combination with a multi valves fitting that selects lines of respective products.\" \/>\n<meta name=\"robots\" content=\"index, follow, max-snippet:-1, max-image-preview:large, max-video-preview:-1\" \/>\n<link rel=\"canonical\" href=\"https:\/\/www.sy-dry.com\/es\/producto\/weighing-hopper\/\" \/>\n<meta property=\"og:locale\" content=\"es_ES\" \/>\n<meta property=\"og:type\" content=\"article\" \/>\n<meta property=\"og:title\" content=\"WHL - Cargador de tolva de pesaje - SYDRY\" \/>\n<meta property=\"og:description\" content=\"WHL (weighing hopper loader) is realized by weighing a cyclon filter in combination with a multi valves fitting that selects lines of respective products.\" \/>\n<meta property=\"og:url\" content=\"https:\/\/www.sy-dry.com\/es\/producto\/weighing-hopper\/\" \/>\n<meta property=\"og:site_name\" content=\"SYDRY\" \/>\n<meta property=\"article:modified_time\" content=\"2021-04-14T11:07:48+00:00\" \/>\n<meta property=\"og:image\" content=\"https:\/\/www.sy-dry.com\/wp-content\/uploads\/2020\/06\/Weighing-hopper.jpg\" \/>\n\t<meta property=\"og:image:width\" content=\"1000\" \/>\n\t<meta property=\"og:image:height\" content=\"750\" \/>\n\t<meta property=\"og:image:type\" content=\"image\/jpeg\" \/>\n<meta name=\"twitter:card\" content=\"summary_large_image\" \/>\n<script type=\"application\/ld+json\" class=\"yoast-schema-graph\">{\"@context\":\"https:\/\/schema.org\",\"@graph\":[{\"@type\":\"WebPage\",\"@id\":\"https:\/\/www.sy-dry.com\/es\/producto\/weighing-hopper\/\",\"url\":\"https:\/\/www.sy-dry.com\/es\/producto\/weighing-hopper\/\",\"name\":\"WHL - Cargador de tolva de pesaje - SYDRY\",\"isPartOf\":{\"@id\":\"https:\/\/www.sy-dry.com\/es\/#website\"},\"primaryImageOfPage\":{\"@id\":\"https:\/\/www.sy-dry.com\/es\/producto\/weighing-hopper\/#primaryimage\"},\"image\":{\"@id\":\"https:\/\/www.sy-dry.com\/es\/producto\/weighing-hopper\/#primaryimage\"},\"thumbnailUrl\":\"https:\/\/www.sy-dry.com\/wp-content\/uploads\/2020\/06\/Weighing-hopper.jpg\",\"datePublished\":\"2020-06-30T20:26:25+00:00\",\"dateModified\":\"2021-04-14T11:07:48+00:00\",\"description\":\"WHL (weighing hopper loader) is realized by weighing a cyclon filter in combination with a multi valves fitting that selects lines of respective products.\",\"breadcrumb\":{\"@id\":\"https:\/\/www.sy-dry.com\/es\/producto\/weighing-hopper\/#breadcrumb\"},\"inLanguage\":\"es\",\"potentialAction\":[{\"@type\":\"ReadAction\",\"target\":[\"https:\/\/www.sy-dry.com\/es\/producto\/weighing-hopper\/\"]}]},{\"@type\":\"ImageObject\",\"inLanguage\":\"es\",\"@id\":\"https:\/\/www.sy-dry.com\/es\/producto\/weighing-hopper\/#primaryimage\",\"url\":\"https:\/\/www.sy-dry.com\/wp-content\/uploads\/2020\/06\/Weighing-hopper.jpg\",\"contentUrl\":\"https:\/\/www.sy-dry.com\/wp-content\/uploads\/2020\/06\/Weighing-hopper.jpg\",\"width\":1000,\"height\":750,\"caption\":\"Dilute phase conveying\"},{\"@type\":\"BreadcrumbList\",\"@id\":\"https:\/\/www.sy-dry.com\/es\/producto\/weighing-hopper\/#breadcrumb\",\"itemListElement\":[{\"@type\":\"ListItem\",\"position\":1,\"name\":\"Home\",\"item\":\"https:\/\/www.sy-dry.com\/es\/simple-corporate\/\"},{\"@type\":\"ListItem\",\"position\":2,\"name\":\"Products\",\"item\":\"https:\/\/www.sy-dry.com\/products\/\"},{\"@type\":\"ListItem\",\"position\":3,\"name\":\"WHL &#8211; Cargador de tolva de pesaje\"}]},{\"@type\":\"WebSite\",\"@id\":\"https:\/\/www.sy-dry.com\/es\/#website\",\"url\":\"https:\/\/www.sy-dry.com\/es\/\",\"name\":\"SYDRY\",\"description\":\"\",\"potentialAction\":[{\"@type\":\"SearchAction\",\"target\":{\"@type\":\"EntryPoint\",\"urlTemplate\":\"https:\/\/www.sy-dry.com\/es\/?s={search_term_string}\"},\"query-input\":{\"@type\":\"PropertyValueSpecification\",\"valueRequired\":true,\"valueName\":\"search_term_string\"}}],\"inLanguage\":\"es\"}]}<\/script>\n<!-- \/ Yoast SEO plugin. -->","yoast_head_json":{"title":"WHL - Cargador de tolva de pesaje - SYDRY","description":"WHL (weighing hopper loader) is realized by weighing a cyclon filter in combination with a multi valves fitting that selects lines of respective products.","robots":{"index":"index","follow":"follow","max-snippet":"max-snippet:-1","max-image-preview":"max-image-preview:large","max-video-preview":"max-video-preview:-1"},"canonical":"https:\/\/www.sy-dry.com\/es\/producto\/weighing-hopper\/","og_locale":"es_ES","og_type":"article","og_title":"WHL - Cargador de tolva de pesaje - SYDRY","og_description":"WHL (weighing hopper loader) is realized by weighing a cyclon filter in combination with a multi valves fitting that selects lines of respective products.","og_url":"https:\/\/www.sy-dry.com\/es\/producto\/weighing-hopper\/","og_site_name":"SYDRY","article_modified_time":"2021-04-14T11:07:48+00:00","og_image":[{"width":1000,"height":750,"url":"https:\/\/www.sy-dry.com\/wp-content\/uploads\/2020\/06\/Weighing-hopper.jpg","type":"image\/jpeg"}],"twitter_card":"summary_large_image","schema":{"@context":"https:\/\/schema.org","@graph":[{"@type":"WebPage","@id":"https:\/\/www.sy-dry.com\/es\/producto\/weighing-hopper\/","url":"https:\/\/www.sy-dry.com\/es\/producto\/weighing-hopper\/","name":"WHL - Cargador de tolva de pesaje - SYDRY","isPartOf":{"@id":"https:\/\/www.sy-dry.com\/es\/#website"},"primaryImageOfPage":{"@id":"https:\/\/www.sy-dry.com\/es\/producto\/weighing-hopper\/#primaryimage"},"image":{"@id":"https:\/\/www.sy-dry.com\/es\/producto\/weighing-hopper\/#primaryimage"},"thumbnailUrl":"https:\/\/www.sy-dry.com\/wp-content\/uploads\/2020\/06\/Weighing-hopper.jpg","datePublished":"2020-06-30T20:26:25+00:00","dateModified":"2021-04-14T11:07:48+00:00","description":"WHL (weighing hopper loader) is realized by weighing a cyclon filter in combination with a multi valves fitting that selects lines of respective products.","breadcrumb":{"@id":"https:\/\/www.sy-dry.com\/es\/producto\/weighing-hopper\/#breadcrumb"},"inLanguage":"es","potentialAction":[{"@type":"ReadAction","target":["https:\/\/www.sy-dry.com\/es\/producto\/weighing-hopper\/"]}]},{"@type":"ImageObject","inLanguage":"es","@id":"https:\/\/www.sy-dry.com\/es\/producto\/weighing-hopper\/#primaryimage","url":"https:\/\/www.sy-dry.com\/wp-content\/uploads\/2020\/06\/Weighing-hopper.jpg","contentUrl":"https:\/\/www.sy-dry.com\/wp-content\/uploads\/2020\/06\/Weighing-hopper.jpg","width":1000,"height":750,"caption":"Dilute phase conveying"},{"@type":"BreadcrumbList","@id":"https:\/\/www.sy-dry.com\/es\/producto\/weighing-hopper\/#breadcrumb","itemListElement":[{"@type":"ListItem","position":1,"name":"Home","item":"https:\/\/www.sy-dry.com\/es\/simple-corporate\/"},{"@type":"ListItem","position":2,"name":"Products","item":"https:\/\/www.sy-dry.com\/products\/"},{"@type":"ListItem","position":3,"name":"WHL &#8211; Cargador de tolva de pesaje"}]},{"@type":"WebSite","@id":"https:\/\/www.sy-dry.com\/es\/#website","url":"https:\/\/www.sy-dry.com\/es\/","name":"SYDRY","description":"","potentialAction":[{"@type":"SearchAction","target":{"@type":"EntryPoint","urlTemplate":"https:\/\/www.sy-dry.com\/es\/?s={search_term_string}"},"query-input":{"@type":"PropertyValueSpecification","valueRequired":true,"valueName":"search_term_string"}}],"inLanguage":"es"}]}},"_links":{"self":[{"href":"https:\/\/www.sy-dry.com\/es\/wp-json\/wp\/v2\/product\/6457","targetHints":{"allow":["GET"]}}],"collection":[{"href":"https:\/\/www.sy-dry.com\/es\/wp-json\/wp\/v2\/product"}],"about":[{"href":"https:\/\/www.sy-dry.com\/es\/wp-json\/wp\/v2\/types\/product"}],"wp:featuredmedia":[{"embeddable":true,"href":"https:\/\/www.sy-dry.com\/es\/wp-json\/wp\/v2\/media\/6366"}],"wp:attachment":[{"href":"https:\/\/www.sy-dry.com\/es\/wp-json\/wp\/v2\/media?parent=6457"}],"wp:term":[{"taxonomy":"product_brand","embeddable":true,"href":"https:\/\/www.sy-dry.com\/es\/wp-json\/wp\/v2\/product_brand?post=6457"},{"taxonomy":"product_cat","embeddable":true,"href":"https:\/\/www.sy-dry.com\/es\/wp-json\/wp\/v2\/product_cat?post=6457"},{"taxonomy":"product_tag","embeddable":true,"href":"https:\/\/www.sy-dry.com\/es\/wp-json\/wp\/v2\/product_tag?post=6457"}],"curies":[{"name":"wp","href":"https:\/\/api.w.org\/{rel}","templated":true}]}}