{"id":6452,"date":"2020-06-30T22:28:13","date_gmt":"2020-06-30T20:28:13","guid":{"rendered":"https:\/\/syncro-group.com\/plantech-cst\/product\/pwb-belt-for-pre-weighed-additives\/"},"modified":"2021-04-14T13:02:06","modified_gmt":"2021-04-14T11:02:06","slug":"pwb-belt-for-pre-weighed-additives","status":"publish","type":"product","link":"https:\/\/www.sy-dry.com\/es\/producto\/pwb-belt-for-pre-weighed-additives\/","title":{"rendered":"PWB &#8211; Cinta para sacos de aditivos prepesados"},"content":{"rendered":"<ul class=\"advantages\"><li>AMPLIA GAMA DE MODELOS - La amplia gama de tama\u00f1os diferentes puede satisfacer todos los requisitos de producci\u00f3n. Se dispone de dos modelos est\u00e1ndar para 10 \u00f3 20 sacos, as\u00ed como la posibilidad de realizar una soluci\u00f3n personalizada para m\u00e1s sacos y con inclinaciones desde la horizontal hasta los 30\u00ba.<\/li><li>INSTALACIONES PWD - se suministra siempre precableado con cajas de conexi\u00f3n para permitir una instalaci\u00f3n f\u00e1cil y r\u00e1pida. El sistema est\u00e1 equipado con sensores capaces de comprobar la presencia, el movimiento y la descarga de los sacos. La cinta est\u00e1 dise\u00f1ada con espaciadores para permitir la colocaci\u00f3n de las bolsas en espacios dedicados para cada ciclo.<\/li><li>SISTEMA DE CONTROL Y INDUSTRIA 4.0 - El sistema de control puede integrarse con el sistema principal de supervisi\u00f3n de la producci\u00f3n, satisfaciendo el protocolo OPC\/UA, lo que hace que cada m\u00e1quina sea modular y est\u00e9 preparada para la industria 4.0.<\/li><\/ul>\n","protected":false},"excerpt":{"rendered":"<p>La <strong>cinta transportadora PWB<\/strong> es la soluci\u00f3n autom\u00e1tica para alimentar en el <strong>turbo mezclador bolsas prepesadas<\/strong>.<br \/>\nLos sacos prepesados que contienen peque\u00f1as cantidades de aditivos necesarios para la mezcla se colocan en la cinta, que puede manejar hasta 20 sacos. En cada ciclo de mezcla, una bolsa se descarga a trav\u00e9s de una tolva de descarga en la mezcladora junto con los componentes principales.<\/p>\n","protected":false},"featured_media":6362,"template":"","meta":{"_acf_changed":false,"_themeisle_gutenberg_block_has_review":false},"product_brand":[],"product_cat":[691],"product_tag":[758,688,760,759],"class_list":{"0":"post-6452","1":"product","2":"type-product","3":"status-publish","4":"has-post-thumbnail","6":"product_cat-dosing-and-mixing-es","7":"product_tag-conveyor-belt-es","8":"product_tag-plantech-cst-es","9":"product_tag-pre-weighed-additives-es","10":"product_tag-turbo-mixer-feeder-es","12":"first","13":"instock","14":"shipping-taxable","15":"product-type-simple"},"acf":[],"yoast_head":"<!-- This site is optimized with the Yoast SEO plugin v25.0 - https:\/\/yoast.com\/wordpress\/plugins\/seo\/ -->\n<title>PWB - Cinta para sacos de aditivos prepesados - SYDRY<\/title>\n<meta name=\"description\" content=\"The PWD conveyor belt for pre weighed additives is the automatic solution to feed in turbo mixer pre-weighed bags containing small quantities of additives.\" \/>\n<meta name=\"robots\" content=\"index, follow, max-snippet:-1, max-image-preview:large, max-video-preview:-1\" \/>\n<link rel=\"canonical\" href=\"https:\/\/www.sy-dry.com\/es\/producto\/pwb-belt-for-pre-weighed-additives\/\" \/>\n<meta property=\"og:locale\" content=\"es_ES\" \/>\n<meta property=\"og:type\" content=\"article\" \/>\n<meta property=\"og:title\" content=\"PWB - Cinta para sacos de aditivos prepesados - SYDRY\" \/>\n<meta property=\"og:description\" content=\"The PWD conveyor belt for pre weighed additives is the automatic solution to feed in turbo mixer pre-weighed bags containing small quantities of additives.\" \/>\n<meta property=\"og:url\" content=\"https:\/\/www.sy-dry.com\/es\/producto\/pwb-belt-for-pre-weighed-additives\/\" \/>\n<meta property=\"og:site_name\" content=\"SYDRY\" \/>\n<meta property=\"article:modified_time\" content=\"2021-04-14T11:02:06+00:00\" \/>\n<meta property=\"og:image\" content=\"https:\/\/www.sy-dry.com\/wp-content\/uploads\/2020\/06\/PWB-Nastro-1024.jpg\" \/>\n\t<meta property=\"og:image:width\" content=\"1024\" \/>\n\t<meta property=\"og:image:height\" content=\"1024\" \/>\n\t<meta property=\"og:image:type\" content=\"image\/jpeg\" \/>\n<meta name=\"twitter:card\" content=\"summary_large_image\" \/>\n<script type=\"application\/ld+json\" class=\"yoast-schema-graph\">{\"@context\":\"https:\/\/schema.org\",\"@graph\":[{\"@type\":\"WebPage\",\"@id\":\"https:\/\/www.sy-dry.com\/es\/producto\/pwb-belt-for-pre-weighed-additives\/\",\"url\":\"https:\/\/www.sy-dry.com\/es\/producto\/pwb-belt-for-pre-weighed-additives\/\",\"name\":\"PWB - Cinta para sacos de aditivos prepesados - SYDRY\",\"isPartOf\":{\"@id\":\"https:\/\/www.sy-dry.com\/es\/#website\"},\"primaryImageOfPage\":{\"@id\":\"https:\/\/www.sy-dry.com\/es\/producto\/pwb-belt-for-pre-weighed-additives\/#primaryimage\"},\"image\":{\"@id\":\"https:\/\/www.sy-dry.com\/es\/producto\/pwb-belt-for-pre-weighed-additives\/#primaryimage\"},\"thumbnailUrl\":\"https:\/\/www.sy-dry.com\/wp-content\/uploads\/2020\/06\/PWB-Nastro-1024.jpg\",\"datePublished\":\"2020-06-30T20:28:13+00:00\",\"dateModified\":\"2021-04-14T11:02:06+00:00\",\"description\":\"The PWD conveyor belt for pre weighed additives is the automatic solution to feed in turbo mixer pre-weighed bags containing small quantities of additives.\",\"breadcrumb\":{\"@id\":\"https:\/\/www.sy-dry.com\/es\/producto\/pwb-belt-for-pre-weighed-additives\/#breadcrumb\"},\"inLanguage\":\"es\",\"potentialAction\":[{\"@type\":\"ReadAction\",\"target\":[\"https:\/\/www.sy-dry.com\/es\/producto\/pwb-belt-for-pre-weighed-additives\/\"]}]},{\"@type\":\"ImageObject\",\"inLanguage\":\"es\",\"@id\":\"https:\/\/www.sy-dry.com\/es\/producto\/pwb-belt-for-pre-weighed-additives\/#primaryimage\",\"url\":\"https:\/\/www.sy-dry.com\/wp-content\/uploads\/2020\/06\/PWB-Nastro-1024.jpg\",\"contentUrl\":\"https:\/\/www.sy-dry.com\/wp-content\/uploads\/2020\/06\/PWB-Nastro-1024.jpg\",\"width\":1024,\"height\":1024,\"caption\":\"Mechanical Conveying\"},{\"@type\":\"BreadcrumbList\",\"@id\":\"https:\/\/www.sy-dry.com\/es\/producto\/pwb-belt-for-pre-weighed-additives\/#breadcrumb\",\"itemListElement\":[{\"@type\":\"ListItem\",\"position\":1,\"name\":\"Home\",\"item\":\"https:\/\/www.sy-dry.com\/es\/simple-corporate\/\"},{\"@type\":\"ListItem\",\"position\":2,\"name\":\"Products\",\"item\":\"https:\/\/www.sy-dry.com\/products\/\"},{\"@type\":\"ListItem\",\"position\":3,\"name\":\"PWB &#8211; Cinta para sacos de aditivos prepesados\"}]},{\"@type\":\"WebSite\",\"@id\":\"https:\/\/www.sy-dry.com\/es\/#website\",\"url\":\"https:\/\/www.sy-dry.com\/es\/\",\"name\":\"SYDRY\",\"description\":\"\",\"potentialAction\":[{\"@type\":\"SearchAction\",\"target\":{\"@type\":\"EntryPoint\",\"urlTemplate\":\"https:\/\/www.sy-dry.com\/es\/?s={search_term_string}\"},\"query-input\":{\"@type\":\"PropertyValueSpecification\",\"valueRequired\":true,\"valueName\":\"search_term_string\"}}],\"inLanguage\":\"es\"}]}<\/script>\n<!-- \/ Yoast SEO plugin. -->","yoast_head_json":{"title":"PWB - Cinta para sacos de aditivos prepesados - SYDRY","description":"The PWD conveyor belt for pre weighed additives is the automatic solution to feed in turbo mixer pre-weighed bags containing small quantities of additives.","robots":{"index":"index","follow":"follow","max-snippet":"max-snippet:-1","max-image-preview":"max-image-preview:large","max-video-preview":"max-video-preview:-1"},"canonical":"https:\/\/www.sy-dry.com\/es\/producto\/pwb-belt-for-pre-weighed-additives\/","og_locale":"es_ES","og_type":"article","og_title":"PWB - Cinta para sacos de aditivos prepesados - SYDRY","og_description":"The PWD conveyor belt for pre weighed additives is the automatic solution to feed in turbo mixer pre-weighed bags containing small quantities of additives.","og_url":"https:\/\/www.sy-dry.com\/es\/producto\/pwb-belt-for-pre-weighed-additives\/","og_site_name":"SYDRY","article_modified_time":"2021-04-14T11:02:06+00:00","og_image":[{"width":1024,"height":1024,"url":"https:\/\/www.sy-dry.com\/wp-content\/uploads\/2020\/06\/PWB-Nastro-1024.jpg","type":"image\/jpeg"}],"twitter_card":"summary_large_image","schema":{"@context":"https:\/\/schema.org","@graph":[{"@type":"WebPage","@id":"https:\/\/www.sy-dry.com\/es\/producto\/pwb-belt-for-pre-weighed-additives\/","url":"https:\/\/www.sy-dry.com\/es\/producto\/pwb-belt-for-pre-weighed-additives\/","name":"PWB - Cinta para sacos de aditivos prepesados - SYDRY","isPartOf":{"@id":"https:\/\/www.sy-dry.com\/es\/#website"},"primaryImageOfPage":{"@id":"https:\/\/www.sy-dry.com\/es\/producto\/pwb-belt-for-pre-weighed-additives\/#primaryimage"},"image":{"@id":"https:\/\/www.sy-dry.com\/es\/producto\/pwb-belt-for-pre-weighed-additives\/#primaryimage"},"thumbnailUrl":"https:\/\/www.sy-dry.com\/wp-content\/uploads\/2020\/06\/PWB-Nastro-1024.jpg","datePublished":"2020-06-30T20:28:13+00:00","dateModified":"2021-04-14T11:02:06+00:00","description":"The PWD conveyor belt for pre weighed additives is the automatic solution to feed in turbo mixer pre-weighed bags containing small quantities of additives.","breadcrumb":{"@id":"https:\/\/www.sy-dry.com\/es\/producto\/pwb-belt-for-pre-weighed-additives\/#breadcrumb"},"inLanguage":"es","potentialAction":[{"@type":"ReadAction","target":["https:\/\/www.sy-dry.com\/es\/producto\/pwb-belt-for-pre-weighed-additives\/"]}]},{"@type":"ImageObject","inLanguage":"es","@id":"https:\/\/www.sy-dry.com\/es\/producto\/pwb-belt-for-pre-weighed-additives\/#primaryimage","url":"https:\/\/www.sy-dry.com\/wp-content\/uploads\/2020\/06\/PWB-Nastro-1024.jpg","contentUrl":"https:\/\/www.sy-dry.com\/wp-content\/uploads\/2020\/06\/PWB-Nastro-1024.jpg","width":1024,"height":1024,"caption":"Mechanical Conveying"},{"@type":"BreadcrumbList","@id":"https:\/\/www.sy-dry.com\/es\/producto\/pwb-belt-for-pre-weighed-additives\/#breadcrumb","itemListElement":[{"@type":"ListItem","position":1,"name":"Home","item":"https:\/\/www.sy-dry.com\/es\/simple-corporate\/"},{"@type":"ListItem","position":2,"name":"Products","item":"https:\/\/www.sy-dry.com\/products\/"},{"@type":"ListItem","position":3,"name":"PWB &#8211; Cinta para sacos de aditivos prepesados"}]},{"@type":"WebSite","@id":"https:\/\/www.sy-dry.com\/es\/#website","url":"https:\/\/www.sy-dry.com\/es\/","name":"SYDRY","description":"","potentialAction":[{"@type":"SearchAction","target":{"@type":"EntryPoint","urlTemplate":"https:\/\/www.sy-dry.com\/es\/?s={search_term_string}"},"query-input":{"@type":"PropertyValueSpecification","valueRequired":true,"valueName":"search_term_string"}}],"inLanguage":"es"}]}},"_links":{"self":[{"href":"https:\/\/www.sy-dry.com\/es\/wp-json\/wp\/v2\/product\/6452","targetHints":{"allow":["GET"]}}],"collection":[{"href":"https:\/\/www.sy-dry.com\/es\/wp-json\/wp\/v2\/product"}],"about":[{"href":"https:\/\/www.sy-dry.com\/es\/wp-json\/wp\/v2\/types\/product"}],"wp:featuredmedia":[{"embeddable":true,"href":"https:\/\/www.sy-dry.com\/es\/wp-json\/wp\/v2\/media\/6362"}],"wp:attachment":[{"href":"https:\/\/www.sy-dry.com\/es\/wp-json\/wp\/v2\/media?parent=6452"}],"wp:term":[{"taxonomy":"product_brand","embeddable":true,"href":"https:\/\/www.sy-dry.com\/es\/wp-json\/wp\/v2\/product_brand?post=6452"},{"taxonomy":"product_cat","embeddable":true,"href":"https:\/\/www.sy-dry.com\/es\/wp-json\/wp\/v2\/product_cat?post=6452"},{"taxonomy":"product_tag","embeddable":true,"href":"https:\/\/www.sy-dry.com\/es\/wp-json\/wp\/v2\/product_tag?post=6452"}],"curies":[{"name":"wp","href":"https:\/\/api.w.org\/{rel}","templated":true}]}}