{"id":6450,"date":"2020-06-30T22:46:54","date_gmt":"2020-06-30T20:46:54","guid":{"rendered":"https:\/\/syncro-group.com\/plantech-cst\/product\/eb-manual-empty-bags\/"},"modified":"2021-04-14T12:08:11","modified_gmt":"2021-04-14T10:08:11","slug":"eb-manual-empty-bags","status":"publish","type":"product","link":"https:\/\/www.sy-dry.com\/es\/producto\/eb-manual-empty-bags\/","title":{"rendered":"EB &#8211; Bolsa de vac\u00edo manual"},"content":{"rendered":"<ul class=\"advantages\"><li>TOLVAS DE DESCARGA MODULAR - Se instala debajo de la rejilla de descarga una tolva con un dise\u00f1o basado en la fluidez del producto que se vac\u00eda. - Tolva est\u00e1ndar para productos de flujo libre - Tolva de fondo plano con agitador incorporado - Tolva con activador de cubo - Tolva con boquillas de fluidificaci\u00f3n y vibrador neum\u00e1tico o electroneum\u00e1tico.<\/li><li>DESCARGA DE BIG-BAGs - Si se desea, la estaci\u00f3n de vaciado de sacos EB puede equiparse con una conexi\u00f3n para descargar tambi\u00e9n big bags.<\/li><li>SISTEMA DE PESO - Si se requiere, la estaci\u00f3n de sacos vac\u00edos EB puede instalarse con c\u00e9lulas de carga para el pesaje del material.<\/li><li>INSTALACIONES - La estaci\u00f3n de sacos vac\u00edos EB se suministra siempre premontada y precableada con cajas de conexi\u00f3n (cuando se instalan dispositivos el\u00e9ctricos) para permitir una instalaci\u00f3n f\u00e1cil y r\u00e1pida.<\/li><li>OPCIONES DISPONIBLES - Como opci\u00f3n, la estaci\u00f3n de bolsas vac\u00edas EB puede ser dise\u00f1ada conforme a ATEX y\/o conforme a la FDA.<\/li><\/ul>\n","protected":false},"excerpt":{"rendered":"<p>La <strong>estaci\u00f3n de vaciado<\/strong> manual de sacos de la serie <strong>EB<\/strong> es la soluci\u00f3n modular de <strong>Plantech-CST<\/strong> para abrir y descargar sacos.<br \/>\nLa estaci\u00f3n de <strong>descarga puede manejar<\/strong> <strong>varios tama\u00f1os de sacos<\/strong> que contengan productos de flujo libre y de flujo pobre utilizando la tolva de descarga y la ayuda de flujo adecuadas.<br \/>\nLa serie de estaciones de sacos vac\u00edos est\u00e1 dise\u00f1ada ergon\u00f3micamente con una amplia puerta de alimentaci\u00f3n. Tras abrir la puerta sellada, la bolsa se abre manualmente sobre una rejilla mientras un ventilador y un sistema de filtrado eliminan el polvo para evitar fugas al exterior. El polvo del filtro se descarga de nuevo en la tolva cuando se cierra la puerta mediante un sistema de pulsaci\u00f3n de aire comprimido. Para los materiales no polvorientos no se instala la unidad de filtro y ventilador.<\/p>\n","protected":false},"featured_media":6345,"template":"","meta":{"_acf_changed":false,"_themeisle_gutenberg_block_has_review":false},"product_brand":[],"product_cat":[740],"product_tag":[711,755,756,754,689,688],"class_list":{"0":"post-6450","1":"product","2":"type-product","3":"status-publish","4":"has-post-thumbnail","6":"product_cat-bags-handling-es","7":"product_tag-atex-es","8":"product_tag-discharge-hopper-es","9":"product_tag-discharge-station-es","10":"product_tag-manual-empty-bag-station-es","11":"product_tag-not-free-flowing-materials-es","12":"product_tag-plantech-cst-es","14":"first","15":"instock","16":"shipping-taxable","17":"product-type-simple"},"acf":[],"yoast_head":"<!-- This site is optimized with the Yoast SEO plugin v25.0 - https:\/\/yoast.com\/wordpress\/plugins\/seo\/ -->\n<title>EB - Bolsa de vac\u00edo manual - SYDRY<\/title>\n<meta name=\"description\" content=\"The manual empty bag station series EB is Plantech-CST\u2019s modular solution to open and discharge bags. The discharge station can handle various size of bags.\" \/>\n<meta name=\"robots\" content=\"index, follow, max-snippet:-1, max-image-preview:large, max-video-preview:-1\" \/>\n<link rel=\"canonical\" href=\"https:\/\/www.sy-dry.com\/es\/producto\/eb-manual-empty-bags\/\" \/>\n<meta property=\"og:locale\" content=\"es_ES\" \/>\n<meta property=\"og:type\" content=\"article\" \/>\n<meta property=\"og:title\" content=\"EB - Bolsa de vac\u00edo manual - SYDRY\" \/>\n<meta property=\"og:description\" content=\"The manual empty bag station series EB is Plantech-CST\u2019s modular solution to open and discharge bags. The discharge station can handle various size of bags.\" \/>\n<meta property=\"og:url\" content=\"https:\/\/www.sy-dry.com\/es\/producto\/eb-manual-empty-bags\/\" \/>\n<meta property=\"og:site_name\" content=\"SYDRY\" \/>\n<meta property=\"article:modified_time\" content=\"2021-04-14T10:08:11+00:00\" \/>\n<meta property=\"og:image\" content=\"https:\/\/www.sy-dry.com\/wp-content\/uploads\/2020\/06\/EB-svuota-sacchi-manuale-1024.jpg\" \/>\n\t<meta property=\"og:image:width\" content=\"1024\" \/>\n\t<meta property=\"og:image:height\" content=\"1024\" \/>\n\t<meta property=\"og:image:type\" content=\"image\/jpeg\" \/>\n<meta name=\"twitter:card\" content=\"summary_large_image\" \/>\n<script type=\"application\/ld+json\" class=\"yoast-schema-graph\">{\"@context\":\"https:\/\/schema.org\",\"@graph\":[{\"@type\":\"WebPage\",\"@id\":\"https:\/\/www.sy-dry.com\/es\/producto\/eb-manual-empty-bags\/\",\"url\":\"https:\/\/www.sy-dry.com\/es\/producto\/eb-manual-empty-bags\/\",\"name\":\"EB - Bolsa de vac\u00edo manual - SYDRY\",\"isPartOf\":{\"@id\":\"https:\/\/www.sy-dry.com\/es\/#website\"},\"primaryImageOfPage\":{\"@id\":\"https:\/\/www.sy-dry.com\/es\/producto\/eb-manual-empty-bags\/#primaryimage\"},\"image\":{\"@id\":\"https:\/\/www.sy-dry.com\/es\/producto\/eb-manual-empty-bags\/#primaryimage\"},\"thumbnailUrl\":\"https:\/\/www.sy-dry.com\/wp-content\/uploads\/2020\/06\/EB-svuota-sacchi-manuale-1024.jpg\",\"datePublished\":\"2020-06-30T20:46:54+00:00\",\"dateModified\":\"2021-04-14T10:08:11+00:00\",\"description\":\"The manual empty bag station series EB is Plantech-CST\u2019s modular solution to open and discharge bags. The discharge station can handle various size of bags.\",\"breadcrumb\":{\"@id\":\"https:\/\/www.sy-dry.com\/es\/producto\/eb-manual-empty-bags\/#breadcrumb\"},\"inLanguage\":\"es\",\"potentialAction\":[{\"@type\":\"ReadAction\",\"target\":[\"https:\/\/www.sy-dry.com\/es\/producto\/eb-manual-empty-bags\/\"]}]},{\"@type\":\"ImageObject\",\"inLanguage\":\"es\",\"@id\":\"https:\/\/www.sy-dry.com\/es\/producto\/eb-manual-empty-bags\/#primaryimage\",\"url\":\"https:\/\/www.sy-dry.com\/wp-content\/uploads\/2020\/06\/EB-svuota-sacchi-manuale-1024.jpg\",\"contentUrl\":\"https:\/\/www.sy-dry.com\/wp-content\/uploads\/2020\/06\/EB-svuota-sacchi-manuale-1024.jpg\",\"width\":1024,\"height\":1024,\"caption\":\"Bags Handling\"},{\"@type\":\"BreadcrumbList\",\"@id\":\"https:\/\/www.sy-dry.com\/es\/producto\/eb-manual-empty-bags\/#breadcrumb\",\"itemListElement\":[{\"@type\":\"ListItem\",\"position\":1,\"name\":\"Home\",\"item\":\"https:\/\/www.sy-dry.com\/es\/simple-corporate\/\"},{\"@type\":\"ListItem\",\"position\":2,\"name\":\"Products\",\"item\":\"https:\/\/www.sy-dry.com\/products\/\"},{\"@type\":\"ListItem\",\"position\":3,\"name\":\"EB &#8211; Bolsa de vac\u00edo manual\"}]},{\"@type\":\"WebSite\",\"@id\":\"https:\/\/www.sy-dry.com\/es\/#website\",\"url\":\"https:\/\/www.sy-dry.com\/es\/\",\"name\":\"SYDRY\",\"description\":\"\",\"potentialAction\":[{\"@type\":\"SearchAction\",\"target\":{\"@type\":\"EntryPoint\",\"urlTemplate\":\"https:\/\/www.sy-dry.com\/es\/?s={search_term_string}\"},\"query-input\":{\"@type\":\"PropertyValueSpecification\",\"valueRequired\":true,\"valueName\":\"search_term_string\"}}],\"inLanguage\":\"es\"}]}<\/script>\n<!-- \/ Yoast SEO plugin. -->","yoast_head_json":{"title":"EB - Bolsa de vac\u00edo manual - SYDRY","description":"The manual empty bag station series EB is Plantech-CST\u2019s modular solution to open and discharge bags. The discharge station can handle various size of bags.","robots":{"index":"index","follow":"follow","max-snippet":"max-snippet:-1","max-image-preview":"max-image-preview:large","max-video-preview":"max-video-preview:-1"},"canonical":"https:\/\/www.sy-dry.com\/es\/producto\/eb-manual-empty-bags\/","og_locale":"es_ES","og_type":"article","og_title":"EB - Bolsa de vac\u00edo manual - SYDRY","og_description":"The manual empty bag station series EB is Plantech-CST\u2019s modular solution to open and discharge bags. The discharge station can handle various size of bags.","og_url":"https:\/\/www.sy-dry.com\/es\/producto\/eb-manual-empty-bags\/","og_site_name":"SYDRY","article_modified_time":"2021-04-14T10:08:11+00:00","og_image":[{"width":1024,"height":1024,"url":"https:\/\/www.sy-dry.com\/wp-content\/uploads\/2020\/06\/EB-svuota-sacchi-manuale-1024.jpg","type":"image\/jpeg"}],"twitter_card":"summary_large_image","schema":{"@context":"https:\/\/schema.org","@graph":[{"@type":"WebPage","@id":"https:\/\/www.sy-dry.com\/es\/producto\/eb-manual-empty-bags\/","url":"https:\/\/www.sy-dry.com\/es\/producto\/eb-manual-empty-bags\/","name":"EB - Bolsa de vac\u00edo manual - SYDRY","isPartOf":{"@id":"https:\/\/www.sy-dry.com\/es\/#website"},"primaryImageOfPage":{"@id":"https:\/\/www.sy-dry.com\/es\/producto\/eb-manual-empty-bags\/#primaryimage"},"image":{"@id":"https:\/\/www.sy-dry.com\/es\/producto\/eb-manual-empty-bags\/#primaryimage"},"thumbnailUrl":"https:\/\/www.sy-dry.com\/wp-content\/uploads\/2020\/06\/EB-svuota-sacchi-manuale-1024.jpg","datePublished":"2020-06-30T20:46:54+00:00","dateModified":"2021-04-14T10:08:11+00:00","description":"The manual empty bag station series EB is Plantech-CST\u2019s modular solution to open and discharge bags. The discharge station can handle various size of bags.","breadcrumb":{"@id":"https:\/\/www.sy-dry.com\/es\/producto\/eb-manual-empty-bags\/#breadcrumb"},"inLanguage":"es","potentialAction":[{"@type":"ReadAction","target":["https:\/\/www.sy-dry.com\/es\/producto\/eb-manual-empty-bags\/"]}]},{"@type":"ImageObject","inLanguage":"es","@id":"https:\/\/www.sy-dry.com\/es\/producto\/eb-manual-empty-bags\/#primaryimage","url":"https:\/\/www.sy-dry.com\/wp-content\/uploads\/2020\/06\/EB-svuota-sacchi-manuale-1024.jpg","contentUrl":"https:\/\/www.sy-dry.com\/wp-content\/uploads\/2020\/06\/EB-svuota-sacchi-manuale-1024.jpg","width":1024,"height":1024,"caption":"Bags Handling"},{"@type":"BreadcrumbList","@id":"https:\/\/www.sy-dry.com\/es\/producto\/eb-manual-empty-bags\/#breadcrumb","itemListElement":[{"@type":"ListItem","position":1,"name":"Home","item":"https:\/\/www.sy-dry.com\/es\/simple-corporate\/"},{"@type":"ListItem","position":2,"name":"Products","item":"https:\/\/www.sy-dry.com\/products\/"},{"@type":"ListItem","position":3,"name":"EB &#8211; Bolsa de vac\u00edo manual"}]},{"@type":"WebSite","@id":"https:\/\/www.sy-dry.com\/es\/#website","url":"https:\/\/www.sy-dry.com\/es\/","name":"SYDRY","description":"","potentialAction":[{"@type":"SearchAction","target":{"@type":"EntryPoint","urlTemplate":"https:\/\/www.sy-dry.com\/es\/?s={search_term_string}"},"query-input":{"@type":"PropertyValueSpecification","valueRequired":true,"valueName":"search_term_string"}}],"inLanguage":"es"}]}},"_links":{"self":[{"href":"https:\/\/www.sy-dry.com\/es\/wp-json\/wp\/v2\/product\/6450","targetHints":{"allow":["GET"]}}],"collection":[{"href":"https:\/\/www.sy-dry.com\/es\/wp-json\/wp\/v2\/product"}],"about":[{"href":"https:\/\/www.sy-dry.com\/es\/wp-json\/wp\/v2\/types\/product"}],"wp:featuredmedia":[{"embeddable":true,"href":"https:\/\/www.sy-dry.com\/es\/wp-json\/wp\/v2\/media\/6345"}],"wp:attachment":[{"href":"https:\/\/www.sy-dry.com\/es\/wp-json\/wp\/v2\/media?parent=6450"}],"wp:term":[{"taxonomy":"product_brand","embeddable":true,"href":"https:\/\/www.sy-dry.com\/es\/wp-json\/wp\/v2\/product_brand?post=6450"},{"taxonomy":"product_cat","embeddable":true,"href":"https:\/\/www.sy-dry.com\/es\/wp-json\/wp\/v2\/product_cat?post=6450"},{"taxonomy":"product_tag","embeddable":true,"href":"https:\/\/www.sy-dry.com\/es\/wp-json\/wp\/v2\/product_tag?post=6450"}],"curies":[{"name":"wp","href":"https:\/\/api.w.org\/{rel}","templated":true}]}}