{"id":6449,"date":"2020-06-30T22:51:10","date_gmt":"2020-06-30T20:51:10","guid":{"rendered":"https:\/\/syncro-group.com\/plantech-cst\/product\/empty-big-bags-stations-dbb\/"},"modified":"2021-04-14T11:51:09","modified_gmt":"2021-04-14T09:51:09","slug":"empty-big-bags-stations-dbb","status":"publish","type":"product","link":"https:\/\/www.sy-dry.com\/es\/producto\/empty-big-bags-stations-dbb\/","title":{"rendered":"Estaci\u00f3n de Big Bags vac\u00edos DBB"},"content":{"rendered":"<ul class=\"advantages\"><li>VERSIONES DISPONIBLES DBB-P. - Estaci\u00f3n de big bag vac\u00eda con polipasto el\u00e9ctrico de cadena DBB-F. Estaci\u00f3n de big bag vac\u00eda para una carretilla elevadora con bastidor telesc\u00f3pico.<\/li><li>DISPOSITIVOS DE DESCARGA MODULARES - Para descargar el producto del big bag, Plantech-CST ofrece varias soluciones. Desde una placa f\u00e1cil para polvos que fluyen libremente hasta pistones neum\u00e1ticos instalados en el lateral del big bag y p\u00e9talos neum\u00e1ticos instalados en el fondo del big bag para productos que fluyen mal.<\/li><li>TOLVAS DE DESCARGA MODULAR - En el extremo de descarga del big bag se instala una tolva con un dise\u00f1o basado en la fluidez del producto a vaciar.<\/li><li>CARGA DE BOLSOS - Si se desea, la tolva de descarga puede estar equipada con una puerta para el vaciado manual de los sacos normales en lugar de los big-bags.<\/li><li>SISTEMA DE CIERRE DE POLVO - Cuando el producto a manipular es muy polvoriento, se puede instalar una pinza r\u00e1pida con sistema de tensi\u00f3n a la salida del big-bag para evitar, durante las operaciones de apertura, las fugas de polvo en el entorno.<\/li><li>SISTEMA DE PESO - Si se desea, la estaci\u00f3n de big-bag vac\u00edo EB puede instalarse con c\u00e9lulas de carga para el pesaje del material.<\/li><li>INSTALACIONES - La estaci\u00f3n de big-bag vac\u00eda se suministra siempre premontada y precableada con cajas de conexi\u00f3n para permitir una instalaci\u00f3n f\u00e1cil y r\u00e1pida.<\/li><li>OPCIONES DISPONIBLES - Como opci\u00f3n, la estaci\u00f3n de big-bag vac\u00eda DBB-P puede dise\u00f1arse conforme a ATEX y\/o conforme a la FDA.<\/li><\/ul>\n","protected":false},"excerpt":{"rendered":"<p>La <strong>estaci\u00f3n de big bags vac\u00edo<\/strong>s de la serie <strong>DBB-P<\/strong> es la soluci\u00f3n modular de Plantech-CST para descargar big-bags mediante un polipasto de cadena o una carretilla elevadora. La estaci\u00f3n de descarga puede manipular big-bags que contienen productos de flujo libre y de flujo pobre utilizando la tolva de descarga y el auxiliar de flujo adecuados.<\/p>\n<p>La estaci\u00f3n de big-bags vac\u00edos de la serie DBB-P est\u00e1 dise\u00f1ada con un bastidor capaz de albergar big-bags de diferentes tama\u00f1os de hasta 2500 mm de altura, 1300 x 1300 mm de ancho y hasta 1500 kg de peso. El big-bag se engancha a un bastidor y con un polipasto el\u00e9ctrico de cadena o una carretilla elevadora, seg\u00fan la versi\u00f3n, se coloca en la parte superior de la estructura por encima de la tolva de descarga.<\/p>\n","protected":false},"featured_media":6335,"template":"","meta":{"_acf_changed":false,"_themeisle_gutenberg_block_has_review":false},"product_brand":[],"product_cat":[740],"product_tag":[753,752,748,750,747,689,749,751],"class_list":{"0":"post-6449","1":"product","2":"type-product","3":"status-publish","4":"has-post-thumbnail","6":"product_cat-bags-handling-es","7":"product_tag-big-bag-shacker-es","8":"product_tag-chain-host-discharge-es","9":"product_tag-empty-big-bag-station-es","10":"product_tag-forklift-discharge-es","11":"product_tag-free-flowing-material-feeder-es","12":"product_tag-not-free-flowing-materials-es","13":"product_tag-telescopic-structure-es","14":"product_tag-weight-control-es","16":"first","17":"instock","18":"shipping-taxable","19":"product-type-simple"},"acf":[],"yoast_head":"<!-- This site is optimized with the Yoast SEO plugin v25.0 - https:\/\/yoast.com\/wordpress\/plugins\/seo\/ -->\n<title>Estaci\u00f3n de Big Bags vac\u00edos DBB - SYDRY<\/title>\n<meta name=\"description\" content=\"The empty big bag station series DBB is Plantech-CST\u2019s modular solution to discharge big-bags by means of a chain hoist or a fork lift.\" \/>\n<meta name=\"robots\" content=\"index, follow, max-snippet:-1, max-image-preview:large, max-video-preview:-1\" \/>\n<link rel=\"canonical\" href=\"https:\/\/www.sy-dry.com\/es\/producto\/empty-big-bags-stations-dbb\/\" \/>\n<meta property=\"og:locale\" content=\"es_ES\" \/>\n<meta property=\"og:type\" content=\"article\" \/>\n<meta property=\"og:title\" content=\"Estaci\u00f3n de Big Bags vac\u00edos DBB - SYDRY\" \/>\n<meta property=\"og:description\" content=\"The empty big bag station series DBB is Plantech-CST\u2019s modular solution to discharge big-bags by means of a chain hoist or a fork lift.\" \/>\n<meta property=\"og:url\" content=\"https:\/\/www.sy-dry.com\/es\/producto\/empty-big-bags-stations-dbb\/\" \/>\n<meta property=\"og:site_name\" content=\"SYDRY\" \/>\n<meta property=\"article:modified_time\" content=\"2021-04-14T09:51:09+00:00\" \/>\n<meta property=\"og:image\" content=\"https:\/\/www.sy-dry.com\/wp-content\/uploads\/2020\/06\/SBBprop-quadrato.jpg\" \/>\n\t<meta property=\"og:image:width\" content=\"889\" \/>\n\t<meta property=\"og:image:height\" content=\"889\" \/>\n\t<meta property=\"og:image:type\" content=\"image\/jpeg\" \/>\n<meta name=\"twitter:card\" content=\"summary_large_image\" \/>\n<script type=\"application\/ld+json\" class=\"yoast-schema-graph\">{\"@context\":\"https:\/\/schema.org\",\"@graph\":[{\"@type\":\"WebPage\",\"@id\":\"https:\/\/www.sy-dry.com\/es\/producto\/empty-big-bags-stations-dbb\/\",\"url\":\"https:\/\/www.sy-dry.com\/es\/producto\/empty-big-bags-stations-dbb\/\",\"name\":\"Estaci\u00f3n de Big Bags vac\u00edos DBB - SYDRY\",\"isPartOf\":{\"@id\":\"https:\/\/www.sy-dry.com\/es\/#website\"},\"primaryImageOfPage\":{\"@id\":\"https:\/\/www.sy-dry.com\/es\/producto\/empty-big-bags-stations-dbb\/#primaryimage\"},\"image\":{\"@id\":\"https:\/\/www.sy-dry.com\/es\/producto\/empty-big-bags-stations-dbb\/#primaryimage\"},\"thumbnailUrl\":\"https:\/\/www.sy-dry.com\/wp-content\/uploads\/2020\/06\/SBBprop-quadrato.jpg\",\"datePublished\":\"2020-06-30T20:51:10+00:00\",\"dateModified\":\"2021-04-14T09:51:09+00:00\",\"description\":\"The empty big bag station series DBB is Plantech-CST\u2019s modular solution to discharge big-bags by means of a chain hoist or a fork lift.\",\"breadcrumb\":{\"@id\":\"https:\/\/www.sy-dry.com\/es\/producto\/empty-big-bags-stations-dbb\/#breadcrumb\"},\"inLanguage\":\"es\",\"potentialAction\":[{\"@type\":\"ReadAction\",\"target\":[\"https:\/\/www.sy-dry.com\/es\/producto\/empty-big-bags-stations-dbb\/\"]}]},{\"@type\":\"ImageObject\",\"inLanguage\":\"es\",\"@id\":\"https:\/\/www.sy-dry.com\/es\/producto\/empty-big-bags-stations-dbb\/#primaryimage\",\"url\":\"https:\/\/www.sy-dry.com\/wp-content\/uploads\/2020\/06\/SBBprop-quadrato.jpg\",\"contentUrl\":\"https:\/\/www.sy-dry.com\/wp-content\/uploads\/2020\/06\/SBBprop-quadrato.jpg\",\"width\":889,\"height\":889},{\"@type\":\"BreadcrumbList\",\"@id\":\"https:\/\/www.sy-dry.com\/es\/producto\/empty-big-bags-stations-dbb\/#breadcrumb\",\"itemListElement\":[{\"@type\":\"ListItem\",\"position\":1,\"name\":\"Home\",\"item\":\"https:\/\/www.sy-dry.com\/es\/simple-corporate\/\"},{\"@type\":\"ListItem\",\"position\":2,\"name\":\"Products\",\"item\":\"https:\/\/www.sy-dry.com\/products\/\"},{\"@type\":\"ListItem\",\"position\":3,\"name\":\"Estaci\u00f3n de Big Bags vac\u00edos DBB\"}]},{\"@type\":\"WebSite\",\"@id\":\"https:\/\/www.sy-dry.com\/es\/#website\",\"url\":\"https:\/\/www.sy-dry.com\/es\/\",\"name\":\"SYDRY\",\"description\":\"\",\"potentialAction\":[{\"@type\":\"SearchAction\",\"target\":{\"@type\":\"EntryPoint\",\"urlTemplate\":\"https:\/\/www.sy-dry.com\/es\/?s={search_term_string}\"},\"query-input\":{\"@type\":\"PropertyValueSpecification\",\"valueRequired\":true,\"valueName\":\"search_term_string\"}}],\"inLanguage\":\"es\"}]}<\/script>\n<!-- \/ Yoast SEO plugin. -->","yoast_head_json":{"title":"Estaci\u00f3n de Big Bags vac\u00edos DBB - SYDRY","description":"The empty big bag station series DBB is Plantech-CST\u2019s modular solution to discharge big-bags by means of a chain hoist or a fork lift.","robots":{"index":"index","follow":"follow","max-snippet":"max-snippet:-1","max-image-preview":"max-image-preview:large","max-video-preview":"max-video-preview:-1"},"canonical":"https:\/\/www.sy-dry.com\/es\/producto\/empty-big-bags-stations-dbb\/","og_locale":"es_ES","og_type":"article","og_title":"Estaci\u00f3n de Big Bags vac\u00edos DBB - SYDRY","og_description":"The empty big bag station series DBB is Plantech-CST\u2019s modular solution to discharge big-bags by means of a chain hoist or a fork lift.","og_url":"https:\/\/www.sy-dry.com\/es\/producto\/empty-big-bags-stations-dbb\/","og_site_name":"SYDRY","article_modified_time":"2021-04-14T09:51:09+00:00","og_image":[{"width":889,"height":889,"url":"https:\/\/www.sy-dry.com\/wp-content\/uploads\/2020\/06\/SBBprop-quadrato.jpg","type":"image\/jpeg"}],"twitter_card":"summary_large_image","schema":{"@context":"https:\/\/schema.org","@graph":[{"@type":"WebPage","@id":"https:\/\/www.sy-dry.com\/es\/producto\/empty-big-bags-stations-dbb\/","url":"https:\/\/www.sy-dry.com\/es\/producto\/empty-big-bags-stations-dbb\/","name":"Estaci\u00f3n de Big Bags vac\u00edos DBB - SYDRY","isPartOf":{"@id":"https:\/\/www.sy-dry.com\/es\/#website"},"primaryImageOfPage":{"@id":"https:\/\/www.sy-dry.com\/es\/producto\/empty-big-bags-stations-dbb\/#primaryimage"},"image":{"@id":"https:\/\/www.sy-dry.com\/es\/producto\/empty-big-bags-stations-dbb\/#primaryimage"},"thumbnailUrl":"https:\/\/www.sy-dry.com\/wp-content\/uploads\/2020\/06\/SBBprop-quadrato.jpg","datePublished":"2020-06-30T20:51:10+00:00","dateModified":"2021-04-14T09:51:09+00:00","description":"The empty big bag station series DBB is Plantech-CST\u2019s modular solution to discharge big-bags by means of a chain hoist or a fork lift.","breadcrumb":{"@id":"https:\/\/www.sy-dry.com\/es\/producto\/empty-big-bags-stations-dbb\/#breadcrumb"},"inLanguage":"es","potentialAction":[{"@type":"ReadAction","target":["https:\/\/www.sy-dry.com\/es\/producto\/empty-big-bags-stations-dbb\/"]}]},{"@type":"ImageObject","inLanguage":"es","@id":"https:\/\/www.sy-dry.com\/es\/producto\/empty-big-bags-stations-dbb\/#primaryimage","url":"https:\/\/www.sy-dry.com\/wp-content\/uploads\/2020\/06\/SBBprop-quadrato.jpg","contentUrl":"https:\/\/www.sy-dry.com\/wp-content\/uploads\/2020\/06\/SBBprop-quadrato.jpg","width":889,"height":889},{"@type":"BreadcrumbList","@id":"https:\/\/www.sy-dry.com\/es\/producto\/empty-big-bags-stations-dbb\/#breadcrumb","itemListElement":[{"@type":"ListItem","position":1,"name":"Home","item":"https:\/\/www.sy-dry.com\/es\/simple-corporate\/"},{"@type":"ListItem","position":2,"name":"Products","item":"https:\/\/www.sy-dry.com\/products\/"},{"@type":"ListItem","position":3,"name":"Estaci\u00f3n de Big Bags vac\u00edos DBB"}]},{"@type":"WebSite","@id":"https:\/\/www.sy-dry.com\/es\/#website","url":"https:\/\/www.sy-dry.com\/es\/","name":"SYDRY","description":"","potentialAction":[{"@type":"SearchAction","target":{"@type":"EntryPoint","urlTemplate":"https:\/\/www.sy-dry.com\/es\/?s={search_term_string}"},"query-input":{"@type":"PropertyValueSpecification","valueRequired":true,"valueName":"search_term_string"}}],"inLanguage":"es"}]}},"_links":{"self":[{"href":"https:\/\/www.sy-dry.com\/es\/wp-json\/wp\/v2\/product\/6449","targetHints":{"allow":["GET"]}}],"collection":[{"href":"https:\/\/www.sy-dry.com\/es\/wp-json\/wp\/v2\/product"}],"about":[{"href":"https:\/\/www.sy-dry.com\/es\/wp-json\/wp\/v2\/types\/product"}],"wp:featuredmedia":[{"embeddable":true,"href":"https:\/\/www.sy-dry.com\/es\/wp-json\/wp\/v2\/media\/6335"}],"wp:attachment":[{"href":"https:\/\/www.sy-dry.com\/es\/wp-json\/wp\/v2\/media?parent=6449"}],"wp:term":[{"taxonomy":"product_brand","embeddable":true,"href":"https:\/\/www.sy-dry.com\/es\/wp-json\/wp\/v2\/product_brand?post=6449"},{"taxonomy":"product_cat","embeddable":true,"href":"https:\/\/www.sy-dry.com\/es\/wp-json\/wp\/v2\/product_cat?post=6449"},{"taxonomy":"product_tag","embeddable":true,"href":"https:\/\/www.sy-dry.com\/es\/wp-json\/wp\/v2\/product_tag?post=6449"}],"curies":[{"name":"wp","href":"https:\/\/api.w.org\/{rel}","templated":true}]}}