{"id":6448,"date":"2020-06-30T22:53:18","date_gmt":"2020-06-30T20:53:18","guid":{"rendered":"https:\/\/syncro-group.com\/plantech-cst\/product\/big-bags-filling-stations-fbb\/"},"modified":"2021-04-14T12:21:49","modified_gmt":"2021-04-14T10:21:49","slug":"big-bags-filling-stations-fbb","status":"publish","type":"product","link":"https:\/\/www.sy-dry.com\/es\/producto\/big-bags-filling-stations-fbb\/","title":{"rendered":"FBB &#8211; Estaciones de llenado de Big Bags"},"content":{"rendered":"<ul class=\"advantages\"><li>ALTURA MODULAR - La altura ajustable del bastidor permite adaptarse a diferentes tama\u00f1os de big-bags.<\/li><li>SISTEMA DE TENSADO - Para llenar completamente el big-bag, la estaci\u00f3n de llenado de big-bags FBB puede estar equipada con un sistema autom\u00e1tico gestionado por pistones neum\u00e1ticos para tensar las cadenas y permitir el llenado completo.<\/li><li>SISTEMA DE SELLADO DE POLVO - Cuando el producto que se manipula es muy polvoriento, se puede instalar un sistema de sellado neum\u00e1tico en la entrada del big-bag para evitar las fugas de polvo al entorno.<\/li><li>CONEXI\u00d3N DE DESPU\u00c9S - El manguito de llenado puede estar equipado con una doble c\u00e1mara interna para ser conectado a un sistema de aspiraci\u00f3n de polvo.<\/li><li>SISTEMA DE PESO - Si es necesario, la estaci\u00f3n de llenado de big-bags FBB puede instalarse con c\u00e9lulas de carga para el pesaje del material.<\/li><li>INSTALACI\u00d3N - La estaci\u00f3n de llenado de big-bags FBB se suministra siempre premontada y precableada con cajas de conexi\u00f3n para permitir una instalaci\u00f3n f\u00e1cil y r\u00e1pida.<\/li><li>OPCIONES DISPONIBLES - Como opci\u00f3n, la estaci\u00f3n de big-bag vac\u00eda DBB-P puede dise\u00f1arse conforme a ATEX y\/o a la FDA.<\/li><\/ul>\n","protected":false},"excerpt":{"rendered":"<p>La serie de <strong>estaciones de llenado de big-bags FBB<\/strong> es la soluci\u00f3n modular de Plantech-CST para llenar <strong>autom\u00e1ticamente los big-bags<\/strong> y permitir su <strong>r\u00e1pida retirada y sustituci\u00f3n por una carretilla elevadora o una transpaleta manual<\/strong>.<br \/>\nEl big-bag se engancha en la estaci\u00f3n a trav\u00e9s de cadenas ajustables y se fija a la sonda de entrada del big-bag, cuando se completa el llenado el operador puede retirar el big-bag lleno. La estaci\u00f3n modular de llenado de big-bags FBB puede manejar una variedad de tama\u00f1os diferentes de big-bags.<\/p>\n","protected":false},"featured_media":6326,"template":"","meta":{"_acf_changed":false,"_themeisle_gutenberg_block_has_review":false},"product_brand":[],"product_cat":[740],"product_tag":[743,746,741,742,745,744],"class_list":{"0":"post-6448","1":"product","2":"type-product","3":"status-publish","4":"has-post-thumbnail","6":"product_cat-bags-handling-es","7":"product_tag-big-bags-es","8":"product_tag-de-dusting-system-es","9":"product_tag-filiing-big-bag-es","10":"product_tag-handling-plants-es","11":"product_tag-prevent-dust-leakages-es","12":"product_tag-very-dusty-product-es","14":"first","15":"instock","16":"shipping-taxable","17":"product-type-simple"},"acf":[],"yoast_head":"<!-- This site is optimized with the Yoast SEO plugin v25.0 - https:\/\/yoast.com\/wordpress\/plugins\/seo\/ -->\n<title>FBB - Estaciones de llenado de Big Bags - SYDRY<\/title>\n<meta name=\"description\" content=\"The FBB filling big-bag station series is Plantech-CST\u2019s modular solution to automatically fill big-bags and to allow their fast removal and replacement by a forklift or a manual pallet truck.\" \/>\n<meta name=\"robots\" content=\"index, follow, max-snippet:-1, max-image-preview:large, max-video-preview:-1\" \/>\n<link rel=\"canonical\" href=\"https:\/\/www.sy-dry.com\/es\/producto\/big-bags-filling-stations-fbb\/\" \/>\n<meta property=\"og:locale\" content=\"es_ES\" \/>\n<meta property=\"og:type\" content=\"article\" \/>\n<meta property=\"og:title\" content=\"FBB - Estaciones de llenado de Big Bags - SYDRY\" \/>\n<meta property=\"og:description\" content=\"The FBB filling big-bag station series is Plantech-CST\u2019s modular solution to automatically fill big-bags and to allow their fast removal and replacement by a forklift or a manual pallet truck.\" \/>\n<meta property=\"og:url\" content=\"https:\/\/www.sy-dry.com\/es\/producto\/big-bags-filling-stations-fbb\/\" \/>\n<meta property=\"og:site_name\" content=\"SYDRY\" \/>\n<meta property=\"article:modified_time\" content=\"2021-04-14T10:21:49+00:00\" \/>\n<meta property=\"og:image\" content=\"https:\/\/www.sy-dry.com\/wp-content\/uploads\/2020\/06\/Riempi-Big-Bag-FBB-1024.jpg\" \/>\n\t<meta property=\"og:image:width\" content=\"1024\" \/>\n\t<meta property=\"og:image:height\" content=\"1024\" \/>\n\t<meta property=\"og:image:type\" content=\"image\/jpeg\" \/>\n<meta name=\"twitter:card\" content=\"summary_large_image\" \/>\n<script type=\"application\/ld+json\" class=\"yoast-schema-graph\">{\"@context\":\"https:\/\/schema.org\",\"@graph\":[{\"@type\":\"WebPage\",\"@id\":\"https:\/\/www.sy-dry.com\/es\/producto\/big-bags-filling-stations-fbb\/\",\"url\":\"https:\/\/www.sy-dry.com\/es\/producto\/big-bags-filling-stations-fbb\/\",\"name\":\"FBB - Estaciones de llenado de Big Bags - SYDRY\",\"isPartOf\":{\"@id\":\"https:\/\/www.sy-dry.com\/es\/#website\"},\"primaryImageOfPage\":{\"@id\":\"https:\/\/www.sy-dry.com\/es\/producto\/big-bags-filling-stations-fbb\/#primaryimage\"},\"image\":{\"@id\":\"https:\/\/www.sy-dry.com\/es\/producto\/big-bags-filling-stations-fbb\/#primaryimage\"},\"thumbnailUrl\":\"https:\/\/www.sy-dry.com\/wp-content\/uploads\/2020\/06\/Riempi-Big-Bag-FBB-1024.jpg\",\"datePublished\":\"2020-06-30T20:53:18+00:00\",\"dateModified\":\"2021-04-14T10:21:49+00:00\",\"description\":\"The FBB filling big-bag station series is Plantech-CST\u2019s modular solution to automatically fill big-bags and to allow their fast removal and replacement by a forklift or a manual pallet truck.\",\"breadcrumb\":{\"@id\":\"https:\/\/www.sy-dry.com\/es\/producto\/big-bags-filling-stations-fbb\/#breadcrumb\"},\"inLanguage\":\"es\",\"potentialAction\":[{\"@type\":\"ReadAction\",\"target\":[\"https:\/\/www.sy-dry.com\/es\/producto\/big-bags-filling-stations-fbb\/\"]}]},{\"@type\":\"ImageObject\",\"inLanguage\":\"es\",\"@id\":\"https:\/\/www.sy-dry.com\/es\/producto\/big-bags-filling-stations-fbb\/#primaryimage\",\"url\":\"https:\/\/www.sy-dry.com\/wp-content\/uploads\/2020\/06\/Riempi-Big-Bag-FBB-1024.jpg\",\"contentUrl\":\"https:\/\/www.sy-dry.com\/wp-content\/uploads\/2020\/06\/Riempi-Big-Bag-FBB-1024.jpg\",\"width\":1024,\"height\":1024},{\"@type\":\"BreadcrumbList\",\"@id\":\"https:\/\/www.sy-dry.com\/es\/producto\/big-bags-filling-stations-fbb\/#breadcrumb\",\"itemListElement\":[{\"@type\":\"ListItem\",\"position\":1,\"name\":\"Home\",\"item\":\"https:\/\/www.sy-dry.com\/es\/simple-corporate\/\"},{\"@type\":\"ListItem\",\"position\":2,\"name\":\"Products\",\"item\":\"https:\/\/www.sy-dry.com\/products\/\"},{\"@type\":\"ListItem\",\"position\":3,\"name\":\"FBB &#8211; Estaciones de llenado de Big Bags\"}]},{\"@type\":\"WebSite\",\"@id\":\"https:\/\/www.sy-dry.com\/es\/#website\",\"url\":\"https:\/\/www.sy-dry.com\/es\/\",\"name\":\"SYDRY\",\"description\":\"\",\"potentialAction\":[{\"@type\":\"SearchAction\",\"target\":{\"@type\":\"EntryPoint\",\"urlTemplate\":\"https:\/\/www.sy-dry.com\/es\/?s={search_term_string}\"},\"query-input\":{\"@type\":\"PropertyValueSpecification\",\"valueRequired\":true,\"valueName\":\"search_term_string\"}}],\"inLanguage\":\"es\"}]}<\/script>\n<!-- \/ Yoast SEO plugin. -->","yoast_head_json":{"title":"FBB - Estaciones de llenado de Big Bags - SYDRY","description":"The FBB filling big-bag station series is Plantech-CST\u2019s modular solution to automatically fill big-bags and to allow their fast removal and replacement by a forklift or a manual pallet truck.","robots":{"index":"index","follow":"follow","max-snippet":"max-snippet:-1","max-image-preview":"max-image-preview:large","max-video-preview":"max-video-preview:-1"},"canonical":"https:\/\/www.sy-dry.com\/es\/producto\/big-bags-filling-stations-fbb\/","og_locale":"es_ES","og_type":"article","og_title":"FBB - Estaciones de llenado de Big Bags - SYDRY","og_description":"The FBB filling big-bag station series is Plantech-CST\u2019s modular solution to automatically fill big-bags and to allow their fast removal and replacement by a forklift or a manual pallet truck.","og_url":"https:\/\/www.sy-dry.com\/es\/producto\/big-bags-filling-stations-fbb\/","og_site_name":"SYDRY","article_modified_time":"2021-04-14T10:21:49+00:00","og_image":[{"width":1024,"height":1024,"url":"https:\/\/www.sy-dry.com\/wp-content\/uploads\/2020\/06\/Riempi-Big-Bag-FBB-1024.jpg","type":"image\/jpeg"}],"twitter_card":"summary_large_image","schema":{"@context":"https:\/\/schema.org","@graph":[{"@type":"WebPage","@id":"https:\/\/www.sy-dry.com\/es\/producto\/big-bags-filling-stations-fbb\/","url":"https:\/\/www.sy-dry.com\/es\/producto\/big-bags-filling-stations-fbb\/","name":"FBB - Estaciones de llenado de Big Bags - SYDRY","isPartOf":{"@id":"https:\/\/www.sy-dry.com\/es\/#website"},"primaryImageOfPage":{"@id":"https:\/\/www.sy-dry.com\/es\/producto\/big-bags-filling-stations-fbb\/#primaryimage"},"image":{"@id":"https:\/\/www.sy-dry.com\/es\/producto\/big-bags-filling-stations-fbb\/#primaryimage"},"thumbnailUrl":"https:\/\/www.sy-dry.com\/wp-content\/uploads\/2020\/06\/Riempi-Big-Bag-FBB-1024.jpg","datePublished":"2020-06-30T20:53:18+00:00","dateModified":"2021-04-14T10:21:49+00:00","description":"The FBB filling big-bag station series is Plantech-CST\u2019s modular solution to automatically fill big-bags and to allow their fast removal and replacement by a forklift or a manual pallet truck.","breadcrumb":{"@id":"https:\/\/www.sy-dry.com\/es\/producto\/big-bags-filling-stations-fbb\/#breadcrumb"},"inLanguage":"es","potentialAction":[{"@type":"ReadAction","target":["https:\/\/www.sy-dry.com\/es\/producto\/big-bags-filling-stations-fbb\/"]}]},{"@type":"ImageObject","inLanguage":"es","@id":"https:\/\/www.sy-dry.com\/es\/producto\/big-bags-filling-stations-fbb\/#primaryimage","url":"https:\/\/www.sy-dry.com\/wp-content\/uploads\/2020\/06\/Riempi-Big-Bag-FBB-1024.jpg","contentUrl":"https:\/\/www.sy-dry.com\/wp-content\/uploads\/2020\/06\/Riempi-Big-Bag-FBB-1024.jpg","width":1024,"height":1024},{"@type":"BreadcrumbList","@id":"https:\/\/www.sy-dry.com\/es\/producto\/big-bags-filling-stations-fbb\/#breadcrumb","itemListElement":[{"@type":"ListItem","position":1,"name":"Home","item":"https:\/\/www.sy-dry.com\/es\/simple-corporate\/"},{"@type":"ListItem","position":2,"name":"Products","item":"https:\/\/www.sy-dry.com\/products\/"},{"@type":"ListItem","position":3,"name":"FBB &#8211; Estaciones de llenado de Big Bags"}]},{"@type":"WebSite","@id":"https:\/\/www.sy-dry.com\/es\/#website","url":"https:\/\/www.sy-dry.com\/es\/","name":"SYDRY","description":"","potentialAction":[{"@type":"SearchAction","target":{"@type":"EntryPoint","urlTemplate":"https:\/\/www.sy-dry.com\/es\/?s={search_term_string}"},"query-input":{"@type":"PropertyValueSpecification","valueRequired":true,"valueName":"search_term_string"}}],"inLanguage":"es"}]}},"_links":{"self":[{"href":"https:\/\/www.sy-dry.com\/es\/wp-json\/wp\/v2\/product\/6448","targetHints":{"allow":["GET"]}}],"collection":[{"href":"https:\/\/www.sy-dry.com\/es\/wp-json\/wp\/v2\/product"}],"about":[{"href":"https:\/\/www.sy-dry.com\/es\/wp-json\/wp\/v2\/types\/product"}],"wp:featuredmedia":[{"embeddable":true,"href":"https:\/\/www.sy-dry.com\/es\/wp-json\/wp\/v2\/media\/6326"}],"wp:attachment":[{"href":"https:\/\/www.sy-dry.com\/es\/wp-json\/wp\/v2\/media?parent=6448"}],"wp:term":[{"taxonomy":"product_brand","embeddable":true,"href":"https:\/\/www.sy-dry.com\/es\/wp-json\/wp\/v2\/product_brand?post=6448"},{"taxonomy":"product_cat","embeddable":true,"href":"https:\/\/www.sy-dry.com\/es\/wp-json\/wp\/v2\/product_cat?post=6448"},{"taxonomy":"product_tag","embeddable":true,"href":"https:\/\/www.sy-dry.com\/es\/wp-json\/wp\/v2\/product_tag?post=6448"}],"curies":[{"name":"wp","href":"https:\/\/api.w.org\/{rel}","templated":true}]}}