{"id":6446,"date":"2020-06-30T22:59:59","date_gmt":"2020-06-30T20:59:59","guid":{"rendered":"https:\/\/syncro-group.com\/plantech-cst\/product\/bx-flat-bottom-extractors\/"},"modified":"2021-04-13T16:34:45","modified_gmt":"2021-04-13T14:34:45","slug":"bx-flat-bottom-extractors","status":"publish","type":"product","link":"https:\/\/www.sy-dry.com\/es\/producto\/bx-flat-bottom-extractors\/","title":{"rendered":"BX &#8211; Extractores de fondo plano"},"content":{"rendered":"<ul class=\"advantages\"><li>ALTA MODULARIDAD - El extractor de fondo plano BX puede instalarse en una gama de diferentes dispositivos de almacenamiento y transporte de Plantech-CST. Los extractores tambi\u00e9n pueden ser adaptados para ser instalados en m\u00e1quinas existentes. Se pueden utilizar diferentes di\u00e1metros en diferentes formas de tolvas (cil\u00edndricas, c\u00f3nicas, c\u00f3nicas inversas), lo que significa que el extractor de fondo plano se puede instalar en silos, contenedores, estaciones de sacos vac\u00edos y big-bags y receptores.<\/li><li>VARIAS APLICACIONES - Dependiendo del tipo de instalaciones y uso, se pueden instalar varios dispositivos de dosificaci\u00f3n y descarga como: -V\u00e1lvulas de descarga -Tornillos dosificadores -V\u00e1lvulas rotativas<\/li><li>INSTALACIONES - El extractor de fondo plano BX se suministra siempre premontado y precableado con cajas de conexi\u00f3n para permitir una instalaci\u00f3n f\u00e1cil y r\u00e1pida.<\/li><li>OPCIONES DISPONIBLES - Como opci\u00f3n, el extractor de fondo plano BX puede ser dise\u00f1ado para altas temperaturas, conforme a ATEX y\/o conforme a la FDA.<\/li><\/ul>\n","protected":false},"excerpt":{"rendered":"<p>La serie de extractores de fondo plano BX es la soluci\u00f3n modular de Plantech-CST para descargar productos que se puentean f\u00e1cilmente y que, en general, no son productos de flujo libre.<br \/>\nEl extractor de fondo plano BX puede instalarse en el fondo de varios dispositivos de almacenamiento, a trav\u00e9s de un agitador de h\u00e9lice accionado por motorreductor instalado en el fondo, ayuda a descargar todo tipo de productos, evitando puentes y bloqueos.<\/p>\n","protected":false},"featured_media":6309,"template":"","meta":{"_acf_changed":false,"_themeisle_gutenberg_block_has_review":false},"product_brand":[],"product_cat":[687],"product_tag":[739,736,737,734,679,689,735,738],"class_list":{"0":"post-6446","1":"product","2":"type-product","3":"status-publish","4":"has-post-thumbnail","6":"product_cat-extraction-es","7":"product_tag-bridging-material-es","8":"product_tag-discharging-powders-es","9":"product_tag-dusty-material-es","10":"product_tag-flat-bottom-extractor-es","11":"product_tag-handling-powders-es","12":"product_tag-not-free-flowing-materials-es","13":"product_tag-powders-extractor-es","14":"product_tag-sticky-material-es","16":"first","17":"instock","18":"shipping-taxable","19":"product-type-simple"},"acf":[],"yoast_head":"<!-- This site is optimized with the Yoast SEO plugin v25.0 - https:\/\/yoast.com\/wordpress\/plugins\/seo\/ -->\n<title>BX - Extractores de fondo plano - SYDRY<\/title>\n<meta name=\"description\" content=\"The BX flat bottom extractor series is a modular solution to discharge products which bridge easily and in general are not free-flowing products.\" \/>\n<meta name=\"robots\" content=\"index, follow, max-snippet:-1, max-image-preview:large, max-video-preview:-1\" \/>\n<link rel=\"canonical\" href=\"https:\/\/www.sy-dry.com\/es\/producto\/bx-flat-bottom-extractors\/\" \/>\n<meta property=\"og:locale\" content=\"es_ES\" \/>\n<meta property=\"og:type\" content=\"article\" \/>\n<meta property=\"og:title\" content=\"BX - Extractores de fondo plano - SYDRY\" \/>\n<meta property=\"og:description\" content=\"The BX flat bottom extractor series is a modular solution to discharge products which bridge easily and in general are not free-flowing products.\" \/>\n<meta property=\"og:url\" content=\"https:\/\/www.sy-dry.com\/es\/producto\/bx-flat-bottom-extractors\/\" \/>\n<meta property=\"og:site_name\" content=\"SYDRY\" \/>\n<meta property=\"article:modified_time\" content=\"2021-04-13T14:34:45+00:00\" \/>\n<meta property=\"og:image\" content=\"https:\/\/www.sy-dry.com\/wp-content\/uploads\/2020\/06\/BX-estrattore-1024.jpg\" \/>\n\t<meta property=\"og:image:width\" content=\"1024\" \/>\n\t<meta property=\"og:image:height\" content=\"1024\" \/>\n\t<meta property=\"og:image:type\" content=\"image\/jpeg\" \/>\n<meta name=\"twitter:card\" content=\"summary_large_image\" \/>\n<script type=\"application\/ld+json\" class=\"yoast-schema-graph\">{\"@context\":\"https:\/\/schema.org\",\"@graph\":[{\"@type\":\"WebPage\",\"@id\":\"https:\/\/www.sy-dry.com\/es\/producto\/bx-flat-bottom-extractors\/\",\"url\":\"https:\/\/www.sy-dry.com\/es\/producto\/bx-flat-bottom-extractors\/\",\"name\":\"BX - Extractores de fondo plano - SYDRY\",\"isPartOf\":{\"@id\":\"https:\/\/www.sy-dry.com\/es\/#website\"},\"primaryImageOfPage\":{\"@id\":\"https:\/\/www.sy-dry.com\/es\/producto\/bx-flat-bottom-extractors\/#primaryimage\"},\"image\":{\"@id\":\"https:\/\/www.sy-dry.com\/es\/producto\/bx-flat-bottom-extractors\/#primaryimage\"},\"thumbnailUrl\":\"https:\/\/www.sy-dry.com\/wp-content\/uploads\/2020\/06\/BX-estrattore-1024.jpg\",\"datePublished\":\"2020-06-30T20:59:59+00:00\",\"dateModified\":\"2021-04-13T14:34:45+00:00\",\"description\":\"The BX flat bottom extractor series is a modular solution to discharge products which bridge easily and in general are not free-flowing products.\",\"breadcrumb\":{\"@id\":\"https:\/\/www.sy-dry.com\/es\/producto\/bx-flat-bottom-extractors\/#breadcrumb\"},\"inLanguage\":\"es\",\"potentialAction\":[{\"@type\":\"ReadAction\",\"target\":[\"https:\/\/www.sy-dry.com\/es\/producto\/bx-flat-bottom-extractors\/\"]}]},{\"@type\":\"ImageObject\",\"inLanguage\":\"es\",\"@id\":\"https:\/\/www.sy-dry.com\/es\/producto\/bx-flat-bottom-extractors\/#primaryimage\",\"url\":\"https:\/\/www.sy-dry.com\/wp-content\/uploads\/2020\/06\/BX-estrattore-1024.jpg\",\"contentUrl\":\"https:\/\/www.sy-dry.com\/wp-content\/uploads\/2020\/06\/BX-estrattore-1024.jpg\",\"width\":1024,\"height\":1024,\"caption\":\"Extraction\"},{\"@type\":\"BreadcrumbList\",\"@id\":\"https:\/\/www.sy-dry.com\/es\/producto\/bx-flat-bottom-extractors\/#breadcrumb\",\"itemListElement\":[{\"@type\":\"ListItem\",\"position\":1,\"name\":\"Home\",\"item\":\"https:\/\/www.sy-dry.com\/es\/simple-corporate\/\"},{\"@type\":\"ListItem\",\"position\":2,\"name\":\"Products\",\"item\":\"https:\/\/www.sy-dry.com\/products\/\"},{\"@type\":\"ListItem\",\"position\":3,\"name\":\"BX &#8211; Extractores de fondo plano\"}]},{\"@type\":\"WebSite\",\"@id\":\"https:\/\/www.sy-dry.com\/es\/#website\",\"url\":\"https:\/\/www.sy-dry.com\/es\/\",\"name\":\"SYDRY\",\"description\":\"\",\"potentialAction\":[{\"@type\":\"SearchAction\",\"target\":{\"@type\":\"EntryPoint\",\"urlTemplate\":\"https:\/\/www.sy-dry.com\/es\/?s={search_term_string}\"},\"query-input\":{\"@type\":\"PropertyValueSpecification\",\"valueRequired\":true,\"valueName\":\"search_term_string\"}}],\"inLanguage\":\"es\"}]}<\/script>\n<!-- \/ Yoast SEO plugin. -->","yoast_head_json":{"title":"BX - Extractores de fondo plano - SYDRY","description":"The BX flat bottom extractor series is a modular solution to discharge products which bridge easily and in general are not free-flowing products.","robots":{"index":"index","follow":"follow","max-snippet":"max-snippet:-1","max-image-preview":"max-image-preview:large","max-video-preview":"max-video-preview:-1"},"canonical":"https:\/\/www.sy-dry.com\/es\/producto\/bx-flat-bottom-extractors\/","og_locale":"es_ES","og_type":"article","og_title":"BX - Extractores de fondo plano - SYDRY","og_description":"The BX flat bottom extractor series is a modular solution to discharge products which bridge easily and in general are not free-flowing products.","og_url":"https:\/\/www.sy-dry.com\/es\/producto\/bx-flat-bottom-extractors\/","og_site_name":"SYDRY","article_modified_time":"2021-04-13T14:34:45+00:00","og_image":[{"width":1024,"height":1024,"url":"https:\/\/www.sy-dry.com\/wp-content\/uploads\/2020\/06\/BX-estrattore-1024.jpg","type":"image\/jpeg"}],"twitter_card":"summary_large_image","schema":{"@context":"https:\/\/schema.org","@graph":[{"@type":"WebPage","@id":"https:\/\/www.sy-dry.com\/es\/producto\/bx-flat-bottom-extractors\/","url":"https:\/\/www.sy-dry.com\/es\/producto\/bx-flat-bottom-extractors\/","name":"BX - Extractores de fondo plano - SYDRY","isPartOf":{"@id":"https:\/\/www.sy-dry.com\/es\/#website"},"primaryImageOfPage":{"@id":"https:\/\/www.sy-dry.com\/es\/producto\/bx-flat-bottom-extractors\/#primaryimage"},"image":{"@id":"https:\/\/www.sy-dry.com\/es\/producto\/bx-flat-bottom-extractors\/#primaryimage"},"thumbnailUrl":"https:\/\/www.sy-dry.com\/wp-content\/uploads\/2020\/06\/BX-estrattore-1024.jpg","datePublished":"2020-06-30T20:59:59+00:00","dateModified":"2021-04-13T14:34:45+00:00","description":"The BX flat bottom extractor series is a modular solution to discharge products which bridge easily and in general are not free-flowing products.","breadcrumb":{"@id":"https:\/\/www.sy-dry.com\/es\/producto\/bx-flat-bottom-extractors\/#breadcrumb"},"inLanguage":"es","potentialAction":[{"@type":"ReadAction","target":["https:\/\/www.sy-dry.com\/es\/producto\/bx-flat-bottom-extractors\/"]}]},{"@type":"ImageObject","inLanguage":"es","@id":"https:\/\/www.sy-dry.com\/es\/producto\/bx-flat-bottom-extractors\/#primaryimage","url":"https:\/\/www.sy-dry.com\/wp-content\/uploads\/2020\/06\/BX-estrattore-1024.jpg","contentUrl":"https:\/\/www.sy-dry.com\/wp-content\/uploads\/2020\/06\/BX-estrattore-1024.jpg","width":1024,"height":1024,"caption":"Extraction"},{"@type":"BreadcrumbList","@id":"https:\/\/www.sy-dry.com\/es\/producto\/bx-flat-bottom-extractors\/#breadcrumb","itemListElement":[{"@type":"ListItem","position":1,"name":"Home","item":"https:\/\/www.sy-dry.com\/es\/simple-corporate\/"},{"@type":"ListItem","position":2,"name":"Products","item":"https:\/\/www.sy-dry.com\/products\/"},{"@type":"ListItem","position":3,"name":"BX &#8211; Extractores de fondo plano"}]},{"@type":"WebSite","@id":"https:\/\/www.sy-dry.com\/es\/#website","url":"https:\/\/www.sy-dry.com\/es\/","name":"SYDRY","description":"","potentialAction":[{"@type":"SearchAction","target":{"@type":"EntryPoint","urlTemplate":"https:\/\/www.sy-dry.com\/es\/?s={search_term_string}"},"query-input":{"@type":"PropertyValueSpecification","valueRequired":true,"valueName":"search_term_string"}}],"inLanguage":"es"}]}},"_links":{"self":[{"href":"https:\/\/www.sy-dry.com\/es\/wp-json\/wp\/v2\/product\/6446","targetHints":{"allow":["GET"]}}],"collection":[{"href":"https:\/\/www.sy-dry.com\/es\/wp-json\/wp\/v2\/product"}],"about":[{"href":"https:\/\/www.sy-dry.com\/es\/wp-json\/wp\/v2\/types\/product"}],"wp:featuredmedia":[{"embeddable":true,"href":"https:\/\/www.sy-dry.com\/es\/wp-json\/wp\/v2\/media\/6309"}],"wp:attachment":[{"href":"https:\/\/www.sy-dry.com\/es\/wp-json\/wp\/v2\/media?parent=6446"}],"wp:term":[{"taxonomy":"product_brand","embeddable":true,"href":"https:\/\/www.sy-dry.com\/es\/wp-json\/wp\/v2\/product_brand?post=6446"},{"taxonomy":"product_cat","embeddable":true,"href":"https:\/\/www.sy-dry.com\/es\/wp-json\/wp\/v2\/product_cat?post=6446"},{"taxonomy":"product_tag","embeddable":true,"href":"https:\/\/www.sy-dry.com\/es\/wp-json\/wp\/v2\/product_tag?post=6446"}],"curies":[{"name":"wp","href":"https:\/\/api.w.org\/{rel}","templated":true}]}}