{"id":6445,"date":"2020-06-30T23:01:56","date_gmt":"2020-06-30T21:01:56","guid":{"rendered":"https:\/\/syncro-group.com\/plantech-cst\/product\/jf-jet-filters\/"},"modified":"2021-04-14T12:53:59","modified_gmt":"2021-04-14T10:53:59","slug":"jf-jet-filters","status":"publish","type":"product","link":"https:\/\/www.sy-dry.com\/es\/producto\/jf-jet-filters\/","title":{"rendered":"JF &#8211; Filtro de chorro"},"content":{"rendered":"<ul class=\"advantages\"><li>DIFERENTES FILTROS Seg\u00fan el tipo de producto y la superficie filtrante necesaria, el filtro JF se dise\u00f1a en diferentes dimensiones y tejidos.<\/li><li>SISTEMA DE AUTOLIMPIEZA El filtro JF est\u00e1 equipado con un tanque de aire comprimido y v\u00e1lvulas de limpieza, los ciclos de limpieza as\u00ed como la intensidad del flujo de aire de limpieza pueden ser controlados por el PLC o por una tarjeta electr\u00f3nica.<\/li><li>AMPLIA GAMA La amplia gama de filtros JF cubre una superficie filtrante de 5 a 80 m2.<\/li><li>F\u00c1CIL OPERACI\u00d3N DE MANTENIMIENTO Durante las operaciones de mantenimiento, los filtros JF se pueden desmontar f\u00e1cilmente a trav\u00e9s de una puerta de f\u00e1cil acceso situada en la parte delantera de la carcasa.<\/li><li>INSTALACIONES El filtro JF se suministra siempre precableado con cajas de conexi\u00f3n para permitir una instalaci\u00f3n f\u00e1cil y r\u00e1pida.<\/li><li>OPCIONES DISPONIBLES Como opci\u00f3n, el filtro JF puede ser dise\u00f1ado para altas temperaturas, conforme a ATEX y\/o conforme a la FDA.<\/li><\/ul>\n","protected":false},"excerpt":{"rendered":"<p>El filtro de <strong>bolsa JF<\/strong> es el sistema de filtraci\u00f3n de Plantech-CST. Los <strong>filtros JF<\/strong> se utilizan principalmente en silos, tolvas y sistemas de transporte por vac\u00edo o presi\u00f3n para separar el polvo del aire.<br \/>\nLos filtros de mangas JF garantizan la correcta filtraci\u00f3n del aire, el material polvoriento es retenido por el filtro y permanece en el contenedor instalado debajo mientras el aire es expulsado. Los filtros de bolsa JF integrados se limpian mediante la pulsaci\u00f3n de aire comprimido.<\/p>\n","protected":false},"featured_media":6285,"template":"","meta":{"_acf_changed":false,"_themeisle_gutenberg_block_has_review":false},"product_brand":[],"product_cat":[724],"product_tag":[732,727,731,728,733,729,725,730,726],"class_list":{"0":"post-6445","1":"product","2":"type-product","3":"status-publish","4":"has-post-thumbnail","6":"product_cat-filters-es","7":"product_tag-air-filtrarion-es","8":"product_tag-bags-filter-es","9":"product_tag-bins-application-es","10":"product_tag-cartridge-filter-es","11":"product_tag-dust-filtration-es","12":"product_tag-filtration-system-es","13":"product_tag-pressure-conveying-es","14":"product_tag-silos-application-es","15":"product_tag-vacuum-conveying-es","17":"first","18":"instock","19":"shipping-taxable","20":"product-type-simple"},"acf":[],"yoast_head":"<!-- This site is optimized with the Yoast SEO plugin v25.0 - https:\/\/yoast.com\/wordpress\/plugins\/seo\/ -->\n<title>JF - Filtro de chorro - SYDRY<\/title>\n<meta name=\"description\" content=\"JF Jet filter is Plantech-CST\u2019s filtration system are mainly used in silos, bins and vacuum or pressure conveying systems to separate the dust from the air.\" \/>\n<meta name=\"robots\" content=\"index, follow, max-snippet:-1, max-image-preview:large, max-video-preview:-1\" \/>\n<link rel=\"canonical\" href=\"https:\/\/www.sy-dry.com\/es\/producto\/jf-jet-filters\/\" \/>\n<meta property=\"og:locale\" content=\"es_ES\" \/>\n<meta property=\"og:type\" content=\"article\" \/>\n<meta property=\"og:title\" content=\"JF - Filtro de chorro - SYDRY\" \/>\n<meta property=\"og:description\" content=\"JF Jet filter is Plantech-CST\u2019s filtration system are mainly used in silos, bins and vacuum or pressure conveying systems to separate the dust from the air.\" \/>\n<meta property=\"og:url\" content=\"https:\/\/www.sy-dry.com\/es\/producto\/jf-jet-filters\/\" \/>\n<meta property=\"og:site_name\" content=\"SYDRY\" \/>\n<meta property=\"article:modified_time\" content=\"2021-04-14T10:53:59+00:00\" \/>\n<meta property=\"og:image\" content=\"https:\/\/www.sy-dry.com\/wp-content\/uploads\/2020\/06\/jf-ridotto.jpg\" \/>\n\t<meta property=\"og:image:width\" content=\"824\" \/>\n\t<meta property=\"og:image:height\" content=\"871\" \/>\n\t<meta property=\"og:image:type\" content=\"image\/jpeg\" \/>\n<meta name=\"twitter:card\" content=\"summary_large_image\" \/>\n<script type=\"application\/ld+json\" class=\"yoast-schema-graph\">{\"@context\":\"https:\/\/schema.org\",\"@graph\":[{\"@type\":\"WebPage\",\"@id\":\"https:\/\/www.sy-dry.com\/es\/producto\/jf-jet-filters\/\",\"url\":\"https:\/\/www.sy-dry.com\/es\/producto\/jf-jet-filters\/\",\"name\":\"JF - Filtro de chorro - SYDRY\",\"isPartOf\":{\"@id\":\"https:\/\/www.sy-dry.com\/es\/#website\"},\"primaryImageOfPage\":{\"@id\":\"https:\/\/www.sy-dry.com\/es\/producto\/jf-jet-filters\/#primaryimage\"},\"image\":{\"@id\":\"https:\/\/www.sy-dry.com\/es\/producto\/jf-jet-filters\/#primaryimage\"},\"thumbnailUrl\":\"https:\/\/www.sy-dry.com\/wp-content\/uploads\/2020\/06\/jf-ridotto.jpg\",\"datePublished\":\"2020-06-30T21:01:56+00:00\",\"dateModified\":\"2021-04-14T10:53:59+00:00\",\"description\":\"JF Jet filter is Plantech-CST\u2019s filtration system are mainly used in silos, bins and vacuum or pressure conveying systems to separate the dust from the air.\",\"breadcrumb\":{\"@id\":\"https:\/\/www.sy-dry.com\/es\/producto\/jf-jet-filters\/#breadcrumb\"},\"inLanguage\":\"es\",\"potentialAction\":[{\"@type\":\"ReadAction\",\"target\":[\"https:\/\/www.sy-dry.com\/es\/producto\/jf-jet-filters\/\"]}]},{\"@type\":\"ImageObject\",\"inLanguage\":\"es\",\"@id\":\"https:\/\/www.sy-dry.com\/es\/producto\/jf-jet-filters\/#primaryimage\",\"url\":\"https:\/\/www.sy-dry.com\/wp-content\/uploads\/2020\/06\/jf-ridotto.jpg\",\"contentUrl\":\"https:\/\/www.sy-dry.com\/wp-content\/uploads\/2020\/06\/jf-ridotto.jpg\",\"width\":824,\"height\":871,\"caption\":\"FILTERS\"},{\"@type\":\"BreadcrumbList\",\"@id\":\"https:\/\/www.sy-dry.com\/es\/producto\/jf-jet-filters\/#breadcrumb\",\"itemListElement\":[{\"@type\":\"ListItem\",\"position\":1,\"name\":\"Home\",\"item\":\"https:\/\/www.sy-dry.com\/es\/simple-corporate\/\"},{\"@type\":\"ListItem\",\"position\":2,\"name\":\"Products\",\"item\":\"https:\/\/www.sy-dry.com\/products\/\"},{\"@type\":\"ListItem\",\"position\":3,\"name\":\"JF &#8211; Filtro de chorro\"}]},{\"@type\":\"WebSite\",\"@id\":\"https:\/\/www.sy-dry.com\/es\/#website\",\"url\":\"https:\/\/www.sy-dry.com\/es\/\",\"name\":\"SYDRY\",\"description\":\"\",\"potentialAction\":[{\"@type\":\"SearchAction\",\"target\":{\"@type\":\"EntryPoint\",\"urlTemplate\":\"https:\/\/www.sy-dry.com\/es\/?s={search_term_string}\"},\"query-input\":{\"@type\":\"PropertyValueSpecification\",\"valueRequired\":true,\"valueName\":\"search_term_string\"}}],\"inLanguage\":\"es\"}]}<\/script>\n<!-- \/ Yoast SEO plugin. -->","yoast_head_json":{"title":"JF - Filtro de chorro - SYDRY","description":"JF Jet filter is Plantech-CST\u2019s filtration system are mainly used in silos, bins and vacuum or pressure conveying systems to separate the dust from the air.","robots":{"index":"index","follow":"follow","max-snippet":"max-snippet:-1","max-image-preview":"max-image-preview:large","max-video-preview":"max-video-preview:-1"},"canonical":"https:\/\/www.sy-dry.com\/es\/producto\/jf-jet-filters\/","og_locale":"es_ES","og_type":"article","og_title":"JF - Filtro de chorro - SYDRY","og_description":"JF Jet filter is Plantech-CST\u2019s filtration system are mainly used in silos, bins and vacuum or pressure conveying systems to separate the dust from the air.","og_url":"https:\/\/www.sy-dry.com\/es\/producto\/jf-jet-filters\/","og_site_name":"SYDRY","article_modified_time":"2021-04-14T10:53:59+00:00","og_image":[{"width":824,"height":871,"url":"https:\/\/www.sy-dry.com\/wp-content\/uploads\/2020\/06\/jf-ridotto.jpg","type":"image\/jpeg"}],"twitter_card":"summary_large_image","schema":{"@context":"https:\/\/schema.org","@graph":[{"@type":"WebPage","@id":"https:\/\/www.sy-dry.com\/es\/producto\/jf-jet-filters\/","url":"https:\/\/www.sy-dry.com\/es\/producto\/jf-jet-filters\/","name":"JF - Filtro de chorro - SYDRY","isPartOf":{"@id":"https:\/\/www.sy-dry.com\/es\/#website"},"primaryImageOfPage":{"@id":"https:\/\/www.sy-dry.com\/es\/producto\/jf-jet-filters\/#primaryimage"},"image":{"@id":"https:\/\/www.sy-dry.com\/es\/producto\/jf-jet-filters\/#primaryimage"},"thumbnailUrl":"https:\/\/www.sy-dry.com\/wp-content\/uploads\/2020\/06\/jf-ridotto.jpg","datePublished":"2020-06-30T21:01:56+00:00","dateModified":"2021-04-14T10:53:59+00:00","description":"JF Jet filter is Plantech-CST\u2019s filtration system are mainly used in silos, bins and vacuum or pressure conveying systems to separate the dust from the air.","breadcrumb":{"@id":"https:\/\/www.sy-dry.com\/es\/producto\/jf-jet-filters\/#breadcrumb"},"inLanguage":"es","potentialAction":[{"@type":"ReadAction","target":["https:\/\/www.sy-dry.com\/es\/producto\/jf-jet-filters\/"]}]},{"@type":"ImageObject","inLanguage":"es","@id":"https:\/\/www.sy-dry.com\/es\/producto\/jf-jet-filters\/#primaryimage","url":"https:\/\/www.sy-dry.com\/wp-content\/uploads\/2020\/06\/jf-ridotto.jpg","contentUrl":"https:\/\/www.sy-dry.com\/wp-content\/uploads\/2020\/06\/jf-ridotto.jpg","width":824,"height":871,"caption":"FILTERS"},{"@type":"BreadcrumbList","@id":"https:\/\/www.sy-dry.com\/es\/producto\/jf-jet-filters\/#breadcrumb","itemListElement":[{"@type":"ListItem","position":1,"name":"Home","item":"https:\/\/www.sy-dry.com\/es\/simple-corporate\/"},{"@type":"ListItem","position":2,"name":"Products","item":"https:\/\/www.sy-dry.com\/products\/"},{"@type":"ListItem","position":3,"name":"JF &#8211; Filtro de chorro"}]},{"@type":"WebSite","@id":"https:\/\/www.sy-dry.com\/es\/#website","url":"https:\/\/www.sy-dry.com\/es\/","name":"SYDRY","description":"","potentialAction":[{"@type":"SearchAction","target":{"@type":"EntryPoint","urlTemplate":"https:\/\/www.sy-dry.com\/es\/?s={search_term_string}"},"query-input":{"@type":"PropertyValueSpecification","valueRequired":true,"valueName":"search_term_string"}}],"inLanguage":"es"}]}},"_links":{"self":[{"href":"https:\/\/www.sy-dry.com\/es\/wp-json\/wp\/v2\/product\/6445","targetHints":{"allow":["GET"]}}],"collection":[{"href":"https:\/\/www.sy-dry.com\/es\/wp-json\/wp\/v2\/product"}],"about":[{"href":"https:\/\/www.sy-dry.com\/es\/wp-json\/wp\/v2\/types\/product"}],"wp:featuredmedia":[{"embeddable":true,"href":"https:\/\/www.sy-dry.com\/es\/wp-json\/wp\/v2\/media\/6285"}],"wp:attachment":[{"href":"https:\/\/www.sy-dry.com\/es\/wp-json\/wp\/v2\/media?parent=6445"}],"wp:term":[{"taxonomy":"product_brand","embeddable":true,"href":"https:\/\/www.sy-dry.com\/es\/wp-json\/wp\/v2\/product_brand?post=6445"},{"taxonomy":"product_cat","embeddable":true,"href":"https:\/\/www.sy-dry.com\/es\/wp-json\/wp\/v2\/product_cat?post=6445"},{"taxonomy":"product_tag","embeddable":true,"href":"https:\/\/www.sy-dry.com\/es\/wp-json\/wp\/v2\/product_tag?post=6445"}],"curies":[{"name":"wp","href":"https:\/\/api.w.org\/{rel}","templated":true}]}}