{"id":6441,"date":"2020-07-06T14:32:52","date_gmt":"2020-07-06T12:32:52","guid":{"rendered":"https:\/\/syncro-group.com\/plantech-cst\/product\/c-one-g-single-screw-feeding-unit\/"},"modified":"2021-04-13T18:20:21","modified_gmt":"2021-04-13T16:20:21","slug":"c-one-g-single-screw-feeding-unit","status":"publish","type":"product","link":"https:\/\/www.sy-dry.com\/es\/producto\/c-one-g-single-screw-feeding-unit\/","title":{"rendered":"C-one-G"},"content":{"rendered":"<ul class=\"advantages\"><li>ALTO RENDIMIENTO - C-ONE-G puede garantizar una alta precisi\u00f3n en la alimentaci\u00f3n (+\/- 0,5%) en un rango de 1:20.<\/li><li>AMPLIA GAMA DE MODELOS - La amplia gama de diferentes unidades de dosificaci\u00f3n permite al usuario alimentar desde 0,2 hasta 22.800 dm3\/h.<\/li><li>DISE\u00d1O MODULAR - El dise\u00f1o permite la posibilidad de cambiar el material y la tasa de alimentaci\u00f3n simplemente cambiando el tornillo y la salida de descarga.<\/li><li>TOLVAS MODULARES - Varias formas y tama\u00f1os de tolvas est\u00e1ndar pueden combinarse perfectamente con varias extensiones de medici\u00f3n elegidas en relaci\u00f3n con el caudal, con el fin de satisfacer diferentes necesidades de dosificaci\u00f3n<\/li><li>SISTEMA DE PESO - Las unidades gravim\u00e9tricas C-ONE-G pueden instalarse en una b\u00e1scula de plataforma o en un bastidor de b\u00e1scula de dise\u00f1o especial para mantener el equipo m\u00e1s compacto.<\/li><li>INSTALACI\u00d3N - C-ONE-G se suministra siempre precableado con cajas de conexi\u00f3n para permitir una instalaci\u00f3n f\u00e1cil y r\u00e1pida. Los alimentadores C-ONE-G pueden instalarse en un bastidor independiente o en un bastidor modular de estaci\u00f3n de dosificaci\u00f3n multicomponente C-MULTY que est\u00e1 disponible en varias configuraciones: DS-4, DS-6 y DS-8, de 2 a 8 unidades de alimentaci\u00f3n.<\/li><li>SISTEMA DE CONTROL & INDUSTRIA 4.0 - El sistema de control del alimentador puede gestionar desde un solo alimentador hasta varios alimentadores y l\u00edneas de producci\u00f3n. El PLC se suministra con el protocolo OPC\/UA integrado, lo que hace que cada m\u00e1quina sea modular y est\u00e9 preparada para la industria 4.0.<\/li><li>HMI - El sistema de control de alimentaci\u00f3n est\u00e1 equipado con una pantalla t\u00e1ctil HMI de f\u00e1cil uso (7\"-9\"-15\").<\/li><li>OPTIONS AVAILABLE - As an option, C-ONE-G can be designed for high temperatures, ATEX compliant and\/or FDA compliant.<\/li><\/ul>\n","protected":false},"excerpt":{"rendered":"<p>El <strong>C-ONE-G<\/strong> es una unidad de alimentaci\u00f3n de un solo tornillo dise\u00f1ada en diferentes tama\u00f1os para alimentar gr\u00e1nulos o productos de flujo libre y est\u00e1 disponible en versiones <strong>volum\u00e9tricas o gravim\u00e9tricas<\/strong>. En los m\u00f3dulos de p\u00e9rdida de peso, se instala una c\u00e9lula de carga anal\u00f3gica para garantizar una alta precisi\u00f3n de pesaje.<\/p>\n<p>Un \u00fanico motor con transmisi\u00f3n directa acciona el <strong>tornillo de alimentaci\u00f3n<\/strong>. Las diferentes configuraciones de los tornillos permiten al usuario alimentar cualquier tipo de caudal con precisi\u00f3n y consistencia.<\/p>\n","protected":false},"featured_media":6442,"template":"","meta":{"_acf_changed":false,"_themeisle_gutenberg_block_has_review":false},"product_brand":[],"product_cat":[691],"product_tag":[711,723,720,677,704,692,688,710,722,721,703],"class_list":{"0":"post-6441","1":"product","2":"type-product","3":"status-publish","4":"has-post-thumbnail","6":"product_cat-dosing-and-mixing-es","7":"product_tag-atex-es","8":"product_tag-easy-flow-products-es","9":"product_tag-flake-dosing-es","10":"product_tag-granule-and-pellet-dosing-es","11":"product_tag-gravimetric-dosing-unit-es","12":"product_tag-loss-in-weight-dosing-system-es","13":"product_tag-plantech-cst-es","14":"product_tag-powder-dosing-es","15":"product_tag-single-screw-feeder-es","16":"product_tag-single-screw-feeding-unit-es","17":"product_tag-volumetric-dosing-unit-es","19":"first","20":"instock","21":"shipping-taxable","22":"product-type-simple"},"acf":[],"yoast_head":"<!-- This site is optimized with the Yoast SEO plugin v25.0 - https:\/\/yoast.com\/wordpress\/plugins\/seo\/ -->\n<title>C-one-G - SYDRY<\/title>\n<meta name=\"description\" content=\"C-ONE-G is a single screw feeding unit for granules, or free flowing products and is available in volumetric or gravimetric versions.\" \/>\n<meta name=\"robots\" content=\"index, follow, max-snippet:-1, max-image-preview:large, max-video-preview:-1\" \/>\n<link rel=\"canonical\" href=\"https:\/\/www.sy-dry.com\/es\/producto\/c-one-g-single-screw-feeding-unit\/\" \/>\n<meta property=\"og:locale\" content=\"es_ES\" \/>\n<meta property=\"og:type\" content=\"article\" \/>\n<meta property=\"og:title\" content=\"C-one-G - SYDRY\" \/>\n<meta property=\"og:description\" content=\"C-ONE-G is a single screw feeding unit for granules, or free flowing products and is available in volumetric or gravimetric versions.\" \/>\n<meta property=\"og:url\" content=\"https:\/\/www.sy-dry.com\/es\/producto\/c-one-g-single-screw-feeding-unit\/\" \/>\n<meta property=\"og:site_name\" content=\"SYDRY\" \/>\n<meta property=\"article:modified_time\" content=\"2021-04-13T16:20:21+00:00\" \/>\n<meta property=\"og:image\" content=\"https:\/\/www.sy-dry.com\/wp-content\/uploads\/2014\/08\/c-one.jpg\" \/>\n\t<meta property=\"og:image:width\" content=\"1000\" \/>\n\t<meta property=\"og:image:height\" content=\"772\" \/>\n\t<meta property=\"og:image:type\" content=\"image\/jpeg\" \/>\n<meta name=\"twitter:card\" content=\"summary_large_image\" \/>\n<script type=\"application\/ld+json\" class=\"yoast-schema-graph\">{\"@context\":\"https:\/\/schema.org\",\"@graph\":[{\"@type\":\"WebPage\",\"@id\":\"https:\/\/www.sy-dry.com\/es\/producto\/c-one-g-single-screw-feeding-unit\/\",\"url\":\"https:\/\/www.sy-dry.com\/es\/producto\/c-one-g-single-screw-feeding-unit\/\",\"name\":\"C-one-G - SYDRY\",\"isPartOf\":{\"@id\":\"https:\/\/www.sy-dry.com\/es\/#website\"},\"primaryImageOfPage\":{\"@id\":\"https:\/\/www.sy-dry.com\/es\/producto\/c-one-g-single-screw-feeding-unit\/#primaryimage\"},\"image\":{\"@id\":\"https:\/\/www.sy-dry.com\/es\/producto\/c-one-g-single-screw-feeding-unit\/#primaryimage\"},\"thumbnailUrl\":\"https:\/\/www.sy-dry.com\/wp-content\/uploads\/2014\/08\/c-one.jpg\",\"datePublished\":\"2020-07-06T12:32:52+00:00\",\"dateModified\":\"2021-04-13T16:20:21+00:00\",\"description\":\"C-ONE-G is a single screw feeding unit for granules, or free flowing products and is available in volumetric or gravimetric versions.\",\"breadcrumb\":{\"@id\":\"https:\/\/www.sy-dry.com\/es\/producto\/c-one-g-single-screw-feeding-unit\/#breadcrumb\"},\"inLanguage\":\"es\",\"potentialAction\":[{\"@type\":\"ReadAction\",\"target\":[\"https:\/\/www.sy-dry.com\/es\/producto\/c-one-g-single-screw-feeding-unit\/\"]}]},{\"@type\":\"ImageObject\",\"inLanguage\":\"es\",\"@id\":\"https:\/\/www.sy-dry.com\/es\/producto\/c-one-g-single-screw-feeding-unit\/#primaryimage\",\"url\":\"https:\/\/www.sy-dry.com\/wp-content\/uploads\/2014\/08\/c-one.jpg\",\"contentUrl\":\"https:\/\/www.sy-dry.com\/wp-content\/uploads\/2014\/08\/c-one.jpg\",\"width\":1000,\"height\":772},{\"@type\":\"BreadcrumbList\",\"@id\":\"https:\/\/www.sy-dry.com\/es\/producto\/c-one-g-single-screw-feeding-unit\/#breadcrumb\",\"itemListElement\":[{\"@type\":\"ListItem\",\"position\":1,\"name\":\"Home\",\"item\":\"https:\/\/www.sy-dry.com\/es\/simple-corporate\/\"},{\"@type\":\"ListItem\",\"position\":2,\"name\":\"Products\",\"item\":\"https:\/\/www.sy-dry.com\/products\/\"},{\"@type\":\"ListItem\",\"position\":3,\"name\":\"C-one-G\"}]},{\"@type\":\"WebSite\",\"@id\":\"https:\/\/www.sy-dry.com\/es\/#website\",\"url\":\"https:\/\/www.sy-dry.com\/es\/\",\"name\":\"SYDRY\",\"description\":\"\",\"potentialAction\":[{\"@type\":\"SearchAction\",\"target\":{\"@type\":\"EntryPoint\",\"urlTemplate\":\"https:\/\/www.sy-dry.com\/es\/?s={search_term_string}\"},\"query-input\":{\"@type\":\"PropertyValueSpecification\",\"valueRequired\":true,\"valueName\":\"search_term_string\"}}],\"inLanguage\":\"es\"}]}<\/script>\n<!-- \/ Yoast SEO plugin. -->","yoast_head_json":{"title":"C-one-G - SYDRY","description":"C-ONE-G is a single screw feeding unit for granules, or free flowing products and is available in volumetric or gravimetric versions.","robots":{"index":"index","follow":"follow","max-snippet":"max-snippet:-1","max-image-preview":"max-image-preview:large","max-video-preview":"max-video-preview:-1"},"canonical":"https:\/\/www.sy-dry.com\/es\/producto\/c-one-g-single-screw-feeding-unit\/","og_locale":"es_ES","og_type":"article","og_title":"C-one-G - SYDRY","og_description":"C-ONE-G is a single screw feeding unit for granules, or free flowing products and is available in volumetric or gravimetric versions.","og_url":"https:\/\/www.sy-dry.com\/es\/producto\/c-one-g-single-screw-feeding-unit\/","og_site_name":"SYDRY","article_modified_time":"2021-04-13T16:20:21+00:00","og_image":[{"width":1000,"height":772,"url":"https:\/\/www.sy-dry.com\/wp-content\/uploads\/2014\/08\/c-one.jpg","type":"image\/jpeg"}],"twitter_card":"summary_large_image","schema":{"@context":"https:\/\/schema.org","@graph":[{"@type":"WebPage","@id":"https:\/\/www.sy-dry.com\/es\/producto\/c-one-g-single-screw-feeding-unit\/","url":"https:\/\/www.sy-dry.com\/es\/producto\/c-one-g-single-screw-feeding-unit\/","name":"C-one-G - SYDRY","isPartOf":{"@id":"https:\/\/www.sy-dry.com\/es\/#website"},"primaryImageOfPage":{"@id":"https:\/\/www.sy-dry.com\/es\/producto\/c-one-g-single-screw-feeding-unit\/#primaryimage"},"image":{"@id":"https:\/\/www.sy-dry.com\/es\/producto\/c-one-g-single-screw-feeding-unit\/#primaryimage"},"thumbnailUrl":"https:\/\/www.sy-dry.com\/wp-content\/uploads\/2014\/08\/c-one.jpg","datePublished":"2020-07-06T12:32:52+00:00","dateModified":"2021-04-13T16:20:21+00:00","description":"C-ONE-G is a single screw feeding unit for granules, or free flowing products and is available in volumetric or gravimetric versions.","breadcrumb":{"@id":"https:\/\/www.sy-dry.com\/es\/producto\/c-one-g-single-screw-feeding-unit\/#breadcrumb"},"inLanguage":"es","potentialAction":[{"@type":"ReadAction","target":["https:\/\/www.sy-dry.com\/es\/producto\/c-one-g-single-screw-feeding-unit\/"]}]},{"@type":"ImageObject","inLanguage":"es","@id":"https:\/\/www.sy-dry.com\/es\/producto\/c-one-g-single-screw-feeding-unit\/#primaryimage","url":"https:\/\/www.sy-dry.com\/wp-content\/uploads\/2014\/08\/c-one.jpg","contentUrl":"https:\/\/www.sy-dry.com\/wp-content\/uploads\/2014\/08\/c-one.jpg","width":1000,"height":772},{"@type":"BreadcrumbList","@id":"https:\/\/www.sy-dry.com\/es\/producto\/c-one-g-single-screw-feeding-unit\/#breadcrumb","itemListElement":[{"@type":"ListItem","position":1,"name":"Home","item":"https:\/\/www.sy-dry.com\/es\/simple-corporate\/"},{"@type":"ListItem","position":2,"name":"Products","item":"https:\/\/www.sy-dry.com\/products\/"},{"@type":"ListItem","position":3,"name":"C-one-G"}]},{"@type":"WebSite","@id":"https:\/\/www.sy-dry.com\/es\/#website","url":"https:\/\/www.sy-dry.com\/es\/","name":"SYDRY","description":"","potentialAction":[{"@type":"SearchAction","target":{"@type":"EntryPoint","urlTemplate":"https:\/\/www.sy-dry.com\/es\/?s={search_term_string}"},"query-input":{"@type":"PropertyValueSpecification","valueRequired":true,"valueName":"search_term_string"}}],"inLanguage":"es"}]}},"_links":{"self":[{"href":"https:\/\/www.sy-dry.com\/es\/wp-json\/wp\/v2\/product\/6441","targetHints":{"allow":["GET"]}}],"collection":[{"href":"https:\/\/www.sy-dry.com\/es\/wp-json\/wp\/v2\/product"}],"about":[{"href":"https:\/\/www.sy-dry.com\/es\/wp-json\/wp\/v2\/types\/product"}],"wp:featuredmedia":[{"embeddable":true,"href":"https:\/\/www.sy-dry.com\/es\/wp-json\/wp\/v2\/media\/6442"}],"wp:attachment":[{"href":"https:\/\/www.sy-dry.com\/es\/wp-json\/wp\/v2\/media?parent=6441"}],"wp:term":[{"taxonomy":"product_brand","embeddable":true,"href":"https:\/\/www.sy-dry.com\/es\/wp-json\/wp\/v2\/product_brand?post=6441"},{"taxonomy":"product_cat","embeddable":true,"href":"https:\/\/www.sy-dry.com\/es\/wp-json\/wp\/v2\/product_cat?post=6441"},{"taxonomy":"product_tag","embeddable":true,"href":"https:\/\/www.sy-dry.com\/es\/wp-json\/wp\/v2\/product_tag?post=6441"}],"curies":[{"name":"wp","href":"https:\/\/api.w.org\/{rel}","templated":true}]}}