{"id":6432,"date":"2020-07-06T16:30:06","date_gmt":"2020-07-06T14:30:06","guid":{"rendered":"https:\/\/syncro-group.com\/plantech-cst\/product\/c-lyquid-dosing-station-for-lyquid\/"},"modified":"2021-04-13T17:16:46","modified_gmt":"2021-04-13T15:16:46","slug":"c-lyquid-dosing-station-for-lyquid","status":"publish","type":"product","link":"https:\/\/www.sy-dry.com\/es\/producto\/c-lyquid-dosing-station-for-lyquid\/","title":{"rendered":"C-LYQUID"},"content":{"rendered":"<ul class=\"advantages\"><li>ALTO RENDIMIENTO - C-LYQUID puede garantizar una alta precisi\u00f3n en la alimentaci\u00f3n (+\/- 0,5%) en un rango de 1:10.<\/li><li>MODO BATCH O CONTINUO - La estaci\u00f3n de dosificaci\u00f3n C-LYQUID puede trabajar en modo continuo o batch, es la soluci\u00f3n perfecta para alimentar cualquier tipo de aditivos tanto en extrusoras continuas como en mezcladoras batch.<\/li><li>AMPLIA GAMA DE BOMBAS - La estaci\u00f3n de dosificaci\u00f3n C-LYQUID, dependiendo de las caracter\u00edsticas del producto, puede equiparse con una variedad de bombas de dosificaci\u00f3n diferentes, como bombas de engranajes, bombas perist\u00e1lticas, bombas de pistones y bombas de diafragma.<\/li><li>SISTEMA DE CALENTAMIENTO O REFRIGERACI\u00d3N - La estaci\u00f3n de dosificaci\u00f3n C-LYQUID puede suministrarse calentada o refrigerada mediante mangueras el\u00e9ctricas o el doble encamisado de las tolvas y la circulaci\u00f3n de agua\/aceite calentado o refrigerado. Para mantener la temperatura homog\u00e9nea tambi\u00e9n se puede instalar con un agitador en la tolva.<\/li><li>BOMBA DE TRANSFERENCIA - Como opci\u00f3n, la unidad de dosificaci\u00f3n C-LYQUID puede suministrarse con una bomba adicional para transferir el l\u00edquido desde el almacenamiento (tambor, silos, etc.) al alimentador.<\/li><li>SISTEMA DE PESO - Las unidades gravim\u00e9tricas C-LYQUID pueden instalarse sobre c\u00e9lulas de carga. Caracter\u00edsticas de la c\u00e9lula de carga anal\u00f3gica: Resoluci\u00f3n: 1:8388608 (\u00b1 23 bit) Precisi\u00f3n: \u00b1 0,03%.<\/li><li>INSTALACIONES - C-LYQUID se suministra siempre precableado con cajas de conexi\u00f3n para permitir una instalaci\u00f3n f\u00e1cil y r\u00e1pida. Los alimentadores C-LYQUID pueden instalarse en un bastidor independiente o en un bastidor modular de estaci\u00f3n de dosificaci\u00f3n multicomponente C-MULTY que est\u00e1 disponible en varias configuraciones: DS-4, DS-6 y DS-8, de 2 a 8 unidades de alimentaci\u00f3n.<\/li><li>SISTEMA DE CONTROL & INDUSTRIA 4.0 - El sistema de control del alimentador puede gestionar desde un solo alimentador hasta varios alimentadores y l\u00edneas de producci\u00f3n. El PLC se suministra con el protocolo OPC\/UA integrado, lo que hace que cada m\u00e1quina sea modular y est\u00e9 preparada para la industria 4.0.<\/li><li>HMI - El sistema de control de alimentaci\u00f3n est\u00e1 equipado con una pantalla t\u00e1ctil HMI de f\u00e1cil uso (7\"-9\"-15\").<\/li><li>OPCIONES DISPONIBLES - Como opci\u00f3n, el alimentador C-LYQUID puede ser dise\u00f1ado conforme a ATEX y\/o conforme a la FDA<\/li><\/ul>\n","protected":false},"excerpt":{"rendered":"<p><strong>C-LYQUID<\/strong> es la unidad de alimentaci\u00f3n de <strong>Plantech-CST<\/strong> dise\u00f1ada en diferentes tama\u00f1os para <strong>alimentar l\u00edquidos de diversas viscosidades y est\u00e1 disponible<\/strong> en versiones volum\u00e9tricas o <strong>gravim\u00e9tricas.<\/strong> En los m\u00f3dulos de p\u00e9rdida de peso se instala una c\u00e9lula de carga anal\u00f3gica para garantizar una alta precisi\u00f3n de pesaje.<\/p>\n","protected":false},"featured_media":6438,"template":"","meta":{"_acf_changed":false,"_themeisle_gutenberg_block_has_review":false},"product_brand":[],"product_cat":[691],"product_tag":[706,700,707,705,704,708,709,692,703],"class_list":{"0":"post-6432","1":"product","2":"type-product","3":"status-publish","4":"has-post-thumbnail","6":"product_cat-dosing-and-mixing-es","7":"product_tag-analogue-load-cell-es","8":"product_tag-dosing-station-for-liquid-es","9":"product_tag-dosing-system-for-high-low-viscous-liquid-es","10":"product_tag-feeding-unit-es","11":"product_tag-gravimetric-dosing-unit-es","12":"product_tag-liquid-additive-dosing-unit-es","13":"product_tag-liquid-plasticizer-dosing-unit-es","14":"product_tag-loss-in-weight-dosing-system-es","15":"product_tag-volumetric-dosing-unit-es","17":"first","18":"instock","19":"shipping-taxable","20":"product-type-simple"},"acf":[],"yoast_head":"<!-- This site is optimized with the Yoast SEO plugin v25.0 - https:\/\/yoast.com\/wordpress\/plugins\/seo\/ -->\n<title>C-LYQUID - SYDRY<\/title>\n<meta name=\"description\" content=\"C-LYQUID is Plantech-CST\u2019s feeding unit for liquids of various viscosities and is available in volumetric or gravimetric versions.\" \/>\n<meta name=\"robots\" content=\"index, follow, max-snippet:-1, max-image-preview:large, max-video-preview:-1\" \/>\n<link rel=\"canonical\" href=\"https:\/\/www.sy-dry.com\/es\/producto\/c-lyquid-dosing-station-for-lyquid\/\" \/>\n<meta property=\"og:locale\" content=\"es_ES\" \/>\n<meta property=\"og:type\" content=\"article\" \/>\n<meta property=\"og:title\" content=\"C-LYQUID - SYDRY\" \/>\n<meta property=\"og:description\" content=\"C-LYQUID is Plantech-CST\u2019s feeding unit for liquids of various viscosities and is available in volumetric or gravimetric versions.\" \/>\n<meta property=\"og:url\" content=\"https:\/\/www.sy-dry.com\/es\/producto\/c-lyquid-dosing-station-for-lyquid\/\" \/>\n<meta property=\"og:site_name\" content=\"SYDRY\" \/>\n<meta property=\"article:modified_time\" content=\"2021-04-13T15:16:46+00:00\" \/>\n<meta property=\"og:image\" content=\"https:\/\/www.sy-dry.com\/wp-content\/uploads\/2020\/07\/C-LYQUID-1024.jpg\" \/>\n\t<meta property=\"og:image:width\" content=\"1024\" \/>\n\t<meta property=\"og:image:height\" content=\"1024\" \/>\n\t<meta property=\"og:image:type\" content=\"image\/jpeg\" \/>\n<meta name=\"twitter:card\" content=\"summary_large_image\" \/>\n<script type=\"application\/ld+json\" class=\"yoast-schema-graph\">{\"@context\":\"https:\/\/schema.org\",\"@graph\":[{\"@type\":\"WebPage\",\"@id\":\"https:\/\/www.sy-dry.com\/es\/producto\/c-lyquid-dosing-station-for-lyquid\/\",\"url\":\"https:\/\/www.sy-dry.com\/es\/producto\/c-lyquid-dosing-station-for-lyquid\/\",\"name\":\"C-LYQUID - SYDRY\",\"isPartOf\":{\"@id\":\"https:\/\/www.sy-dry.com\/es\/#website\"},\"primaryImageOfPage\":{\"@id\":\"https:\/\/www.sy-dry.com\/es\/producto\/c-lyquid-dosing-station-for-lyquid\/#primaryimage\"},\"image\":{\"@id\":\"https:\/\/www.sy-dry.com\/es\/producto\/c-lyquid-dosing-station-for-lyquid\/#primaryimage\"},\"thumbnailUrl\":\"https:\/\/www.sy-dry.com\/wp-content\/uploads\/2020\/07\/C-LYQUID-1024.jpg\",\"datePublished\":\"2020-07-06T14:30:06+00:00\",\"dateModified\":\"2021-04-13T15:16:46+00:00\",\"description\":\"C-LYQUID is Plantech-CST\u2019s feeding unit for liquids of various viscosities and is available in volumetric or gravimetric versions.\",\"breadcrumb\":{\"@id\":\"https:\/\/www.sy-dry.com\/es\/producto\/c-lyquid-dosing-station-for-lyquid\/#breadcrumb\"},\"inLanguage\":\"es\",\"potentialAction\":[{\"@type\":\"ReadAction\",\"target\":[\"https:\/\/www.sy-dry.com\/es\/producto\/c-lyquid-dosing-station-for-lyquid\/\"]}]},{\"@type\":\"ImageObject\",\"inLanguage\":\"es\",\"@id\":\"https:\/\/www.sy-dry.com\/es\/producto\/c-lyquid-dosing-station-for-lyquid\/#primaryimage\",\"url\":\"https:\/\/www.sy-dry.com\/wp-content\/uploads\/2020\/07\/C-LYQUID-1024.jpg\",\"contentUrl\":\"https:\/\/www.sy-dry.com\/wp-content\/uploads\/2020\/07\/C-LYQUID-1024.jpg\",\"width\":1024,\"height\":1024,\"caption\":\"Dosing System\"},{\"@type\":\"BreadcrumbList\",\"@id\":\"https:\/\/www.sy-dry.com\/es\/producto\/c-lyquid-dosing-station-for-lyquid\/#breadcrumb\",\"itemListElement\":[{\"@type\":\"ListItem\",\"position\":1,\"name\":\"Home\",\"item\":\"https:\/\/www.sy-dry.com\/es\/simple-corporate\/\"},{\"@type\":\"ListItem\",\"position\":2,\"name\":\"Products\",\"item\":\"https:\/\/www.sy-dry.com\/products\/\"},{\"@type\":\"ListItem\",\"position\":3,\"name\":\"C-LYQUID\"}]},{\"@type\":\"WebSite\",\"@id\":\"https:\/\/www.sy-dry.com\/es\/#website\",\"url\":\"https:\/\/www.sy-dry.com\/es\/\",\"name\":\"SYDRY\",\"description\":\"\",\"potentialAction\":[{\"@type\":\"SearchAction\",\"target\":{\"@type\":\"EntryPoint\",\"urlTemplate\":\"https:\/\/www.sy-dry.com\/es\/?s={search_term_string}\"},\"query-input\":{\"@type\":\"PropertyValueSpecification\",\"valueRequired\":true,\"valueName\":\"search_term_string\"}}],\"inLanguage\":\"es\"}]}<\/script>\n<!-- \/ Yoast SEO plugin. -->","yoast_head_json":{"title":"C-LYQUID - SYDRY","description":"C-LYQUID is Plantech-CST\u2019s feeding unit for liquids of various viscosities and is available in volumetric or gravimetric versions.","robots":{"index":"index","follow":"follow","max-snippet":"max-snippet:-1","max-image-preview":"max-image-preview:large","max-video-preview":"max-video-preview:-1"},"canonical":"https:\/\/www.sy-dry.com\/es\/producto\/c-lyquid-dosing-station-for-lyquid\/","og_locale":"es_ES","og_type":"article","og_title":"C-LYQUID - SYDRY","og_description":"C-LYQUID is Plantech-CST\u2019s feeding unit for liquids of various viscosities and is available in volumetric or gravimetric versions.","og_url":"https:\/\/www.sy-dry.com\/es\/producto\/c-lyquid-dosing-station-for-lyquid\/","og_site_name":"SYDRY","article_modified_time":"2021-04-13T15:16:46+00:00","og_image":[{"width":1024,"height":1024,"url":"https:\/\/www.sy-dry.com\/wp-content\/uploads\/2020\/07\/C-LYQUID-1024.jpg","type":"image\/jpeg"}],"twitter_card":"summary_large_image","schema":{"@context":"https:\/\/schema.org","@graph":[{"@type":"WebPage","@id":"https:\/\/www.sy-dry.com\/es\/producto\/c-lyquid-dosing-station-for-lyquid\/","url":"https:\/\/www.sy-dry.com\/es\/producto\/c-lyquid-dosing-station-for-lyquid\/","name":"C-LYQUID - SYDRY","isPartOf":{"@id":"https:\/\/www.sy-dry.com\/es\/#website"},"primaryImageOfPage":{"@id":"https:\/\/www.sy-dry.com\/es\/producto\/c-lyquid-dosing-station-for-lyquid\/#primaryimage"},"image":{"@id":"https:\/\/www.sy-dry.com\/es\/producto\/c-lyquid-dosing-station-for-lyquid\/#primaryimage"},"thumbnailUrl":"https:\/\/www.sy-dry.com\/wp-content\/uploads\/2020\/07\/C-LYQUID-1024.jpg","datePublished":"2020-07-06T14:30:06+00:00","dateModified":"2021-04-13T15:16:46+00:00","description":"C-LYQUID is Plantech-CST\u2019s feeding unit for liquids of various viscosities and is available in volumetric or gravimetric versions.","breadcrumb":{"@id":"https:\/\/www.sy-dry.com\/es\/producto\/c-lyquid-dosing-station-for-lyquid\/#breadcrumb"},"inLanguage":"es","potentialAction":[{"@type":"ReadAction","target":["https:\/\/www.sy-dry.com\/es\/producto\/c-lyquid-dosing-station-for-lyquid\/"]}]},{"@type":"ImageObject","inLanguage":"es","@id":"https:\/\/www.sy-dry.com\/es\/producto\/c-lyquid-dosing-station-for-lyquid\/#primaryimage","url":"https:\/\/www.sy-dry.com\/wp-content\/uploads\/2020\/07\/C-LYQUID-1024.jpg","contentUrl":"https:\/\/www.sy-dry.com\/wp-content\/uploads\/2020\/07\/C-LYQUID-1024.jpg","width":1024,"height":1024,"caption":"Dosing System"},{"@type":"BreadcrumbList","@id":"https:\/\/www.sy-dry.com\/es\/producto\/c-lyquid-dosing-station-for-lyquid\/#breadcrumb","itemListElement":[{"@type":"ListItem","position":1,"name":"Home","item":"https:\/\/www.sy-dry.com\/es\/simple-corporate\/"},{"@type":"ListItem","position":2,"name":"Products","item":"https:\/\/www.sy-dry.com\/products\/"},{"@type":"ListItem","position":3,"name":"C-LYQUID"}]},{"@type":"WebSite","@id":"https:\/\/www.sy-dry.com\/es\/#website","url":"https:\/\/www.sy-dry.com\/es\/","name":"SYDRY","description":"","potentialAction":[{"@type":"SearchAction","target":{"@type":"EntryPoint","urlTemplate":"https:\/\/www.sy-dry.com\/es\/?s={search_term_string}"},"query-input":{"@type":"PropertyValueSpecification","valueRequired":true,"valueName":"search_term_string"}}],"inLanguage":"es"}]}},"_links":{"self":[{"href":"https:\/\/www.sy-dry.com\/es\/wp-json\/wp\/v2\/product\/6432","targetHints":{"allow":["GET"]}}],"collection":[{"href":"https:\/\/www.sy-dry.com\/es\/wp-json\/wp\/v2\/product"}],"about":[{"href":"https:\/\/www.sy-dry.com\/es\/wp-json\/wp\/v2\/types\/product"}],"wp:featuredmedia":[{"embeddable":true,"href":"https:\/\/www.sy-dry.com\/es\/wp-json\/wp\/v2\/media\/6438"}],"wp:attachment":[{"href":"https:\/\/www.sy-dry.com\/es\/wp-json\/wp\/v2\/media?parent=6432"}],"wp:term":[{"taxonomy":"product_brand","embeddable":true,"href":"https:\/\/www.sy-dry.com\/es\/wp-json\/wp\/v2\/product_brand?post=6432"},{"taxonomy":"product_cat","embeddable":true,"href":"https:\/\/www.sy-dry.com\/es\/wp-json\/wp\/v2\/product_cat?post=6432"},{"taxonomy":"product_tag","embeddable":true,"href":"https:\/\/www.sy-dry.com\/es\/wp-json\/wp\/v2\/product_tag?post=6432"}],"curies":[{"name":"wp","href":"https:\/\/api.w.org\/{rel}","templated":true}]}}