{"id":6430,"date":"2020-07-06T17:12:57","date_gmt":"2020-07-06T15:12:57","guid":{"rendered":"https:\/\/syncro-group.com\/plantech-cst\/product\/c-dynamix-feeding-blending-station\/"},"modified":"2021-04-13T16:43:13","modified_gmt":"2021-04-13T14:43:13","slug":"c-dynamix-feeding-blending-station","status":"publish","type":"product","link":"https:\/\/www.sy-dry.com\/es\/producto\/c-dynamix-feeding-blending-station\/","title":{"rendered":"C-DYNAMIX"},"content":{"rendered":"<ul class=\"advantages\"><li>ALTO RENDIMIENTO C-DYNAMIX - garantiza una alta precisi\u00f3n en la alimentaci\u00f3n (+\/- 5%) en un rango de 1:10. Se puede dise\u00f1ar en varios tama\u00f1os desde 100 a 1000 kg\/h<\/li><li>MODULARIDAD - Gracias a su dise\u00f1o modular, C-DYNAMIX, en sus diferentes versiones, puede alimentar hasta 6 componentes s\u00f3lidos y 3 l\u00edquidos.<\/li><li>HMI - El sistema de control C-DYNAMIX est\u00e1 equipado con una pantalla t\u00e1ctil HMI de f\u00e1cil manejo (7\"-9\"-15\").<\/li><li>PLC & INDUSTRY 4.0 - La C-DYNAMIX dispone de un PLC con protocolo UPC\/UA integrado. Esta soluci\u00f3n hace que cada m\u00e1quina sea modular y est\u00e9 preparada para la industria 4.0.<\/li><li>INTERFAZ DE EXTRUSI\u00d3N - C-DYNAMIX se suministra con una interfaz de extrusi\u00f3n completa con 2 sensores de nivel para controlar el rendimiento de la extrusi\u00f3n.<\/li><li>OPCIONES DISPONIBLES - Como opci\u00f3n, C-DYNAMIX puede suministrarse conforme a ATEX y con un dise\u00f1o a prueba de polvo.<\/li><li>BENEFICIOS: - Alta dispersi\u00f3n - Reticulaci\u00f3n constante - Alta repetibilidad - Cambios de receta sobre la marcha - No requiere calibraci\u00f3n en caso de cambios de productos - Ahorro de materia prima del 5 al 10% - R\u00e1pido retorno de la inversi\u00f3n - Reducci\u00f3n de la cantidad de residuos - R\u00e1pida puesta en marcha - Dise\u00f1o compacto - Bajo consumo de nitr\u00f3geno - Posibilidad de instalar el equipo en extrusoras nuevas o existentes<\/li><\/ul>\n","protected":false},"excerpt":{"rendered":"<p>La estaci\u00f3n de dosificaci\u00f3n y mezcla <strong>C-DYNAMIX<\/strong> de PLANTECH-CST es una estaci\u00f3n modular de alimentaci\u00f3n y mezcla gravim\u00e9trica continua de varios componentes. La estaci\u00f3n de dosificaci\u00f3n puede personalizarse completamente en funci\u00f3n de la receta y el proceso del cliente. Se pueden combinar diferentes unidades de dosificaci\u00f3n, para componentes s\u00f3lidos o l\u00edquidos, y alimentar los productos en un mezclador continuo. El sistema puede suministrarse como un sistema completo para el transporte de polvos y l\u00edquidos.<\/p>\n","protected":false},"featured_media":6228,"template":"","meta":{"_acf_changed":false,"_themeisle_gutenberg_block_has_review":false},"product_brand":[],"product_cat":[691],"product_tag":[697,695,702,700,701,699,696,693,692,694,698],"class_list":{"0":"post-6430","1":"product","2":"type-product","3":"status-publish","4":"has-post-thumbnail","6":"product_cat-dosing-and-mixing-es","7":"product_tag-continuous-blender-es","8":"product_tag-continuous-feeder-es","9":"product_tag-continuous-mixer-es","10":"product_tag-dosing-station-for-liquid-es","11":"product_tag-dosing-system-for-solid-material-es","12":"product_tag-full-screw-extrusion-system-es","13":"product_tag-gravimetric-feeder-es","14":"product_tag-loss-in-weight-es","15":"product_tag-loss-in-weight-dosing-system-es","16":"product_tag-multi-component-dosing-unit-es","17":"product_tag-starve-feed-extrusion-es","19":"first","20":"instock","21":"shipping-taxable","22":"product-type-simple"},"acf":[],"yoast_head":"<!-- This site is optimized with the Yoast SEO plugin v25.0 - https:\/\/yoast.com\/wordpress\/plugins\/seo\/ -->\n<title>C-DYNAMIX - SYDRY<\/title>\n<meta name=\"description\" content=\"PLANTECH-CST dosing and blending station C-DYNAMIX is a modular multi component continuous gravimetric feeding and blending station.\" \/>\n<meta name=\"robots\" content=\"index, follow, max-snippet:-1, max-image-preview:large, max-video-preview:-1\" \/>\n<link rel=\"canonical\" href=\"https:\/\/www.sy-dry.com\/es\/producto\/c-dynamix-feeding-blending-station\/\" \/>\n<meta property=\"og:locale\" content=\"es_ES\" \/>\n<meta property=\"og:type\" content=\"article\" \/>\n<meta property=\"og:title\" content=\"C-DYNAMIX - SYDRY\" \/>\n<meta property=\"og:description\" content=\"PLANTECH-CST dosing and blending station C-DYNAMIX is a modular multi component continuous gravimetric feeding and blending station.\" \/>\n<meta property=\"og:url\" content=\"https:\/\/www.sy-dry.com\/es\/producto\/c-dynamix-feeding-blending-station\/\" \/>\n<meta property=\"og:site_name\" content=\"SYDRY\" \/>\n<meta property=\"article:modified_time\" content=\"2021-04-13T14:43:13+00:00\" \/>\n<meta property=\"og:image\" content=\"https:\/\/www.sy-dry.com\/wp-content\/uploads\/2020\/07\/Dosatore-per-liquidi-tiger-Kannone.93.png\" \/>\n\t<meta property=\"og:image:width\" content=\"2300\" \/>\n\t<meta property=\"og:image:height\" content=\"1042\" \/>\n\t<meta property=\"og:image:type\" content=\"image\/png\" \/>\n<meta name=\"twitter:card\" content=\"summary_large_image\" \/>\n<script type=\"application\/ld+json\" class=\"yoast-schema-graph\">{\"@context\":\"https:\/\/schema.org\",\"@graph\":[{\"@type\":\"WebPage\",\"@id\":\"https:\/\/www.sy-dry.com\/es\/producto\/c-dynamix-feeding-blending-station\/\",\"url\":\"https:\/\/www.sy-dry.com\/es\/producto\/c-dynamix-feeding-blending-station\/\",\"name\":\"C-DYNAMIX - SYDRY\",\"isPartOf\":{\"@id\":\"https:\/\/www.sy-dry.com\/es\/#website\"},\"primaryImageOfPage\":{\"@id\":\"https:\/\/www.sy-dry.com\/es\/producto\/c-dynamix-feeding-blending-station\/#primaryimage\"},\"image\":{\"@id\":\"https:\/\/www.sy-dry.com\/es\/producto\/c-dynamix-feeding-blending-station\/#primaryimage\"},\"thumbnailUrl\":\"https:\/\/www.sy-dry.com\/wp-content\/uploads\/2020\/07\/Dosatore-per-liquidi-tiger-Kannone.93.png\",\"datePublished\":\"2020-07-06T15:12:57+00:00\",\"dateModified\":\"2021-04-13T14:43:13+00:00\",\"description\":\"PLANTECH-CST dosing and blending station C-DYNAMIX is a modular multi component continuous gravimetric feeding and blending station.\",\"breadcrumb\":{\"@id\":\"https:\/\/www.sy-dry.com\/es\/producto\/c-dynamix-feeding-blending-station\/#breadcrumb\"},\"inLanguage\":\"es\",\"potentialAction\":[{\"@type\":\"ReadAction\",\"target\":[\"https:\/\/www.sy-dry.com\/es\/producto\/c-dynamix-feeding-blending-station\/\"]}]},{\"@type\":\"ImageObject\",\"inLanguage\":\"es\",\"@id\":\"https:\/\/www.sy-dry.com\/es\/producto\/c-dynamix-feeding-blending-station\/#primaryimage\",\"url\":\"https:\/\/www.sy-dry.com\/wp-content\/uploads\/2020\/07\/Dosatore-per-liquidi-tiger-Kannone.93.png\",\"contentUrl\":\"https:\/\/www.sy-dry.com\/wp-content\/uploads\/2020\/07\/Dosatore-per-liquidi-tiger-Kannone.93.png\",\"width\":2300,\"height\":1042},{\"@type\":\"BreadcrumbList\",\"@id\":\"https:\/\/www.sy-dry.com\/es\/producto\/c-dynamix-feeding-blending-station\/#breadcrumb\",\"itemListElement\":[{\"@type\":\"ListItem\",\"position\":1,\"name\":\"Home\",\"item\":\"https:\/\/www.sy-dry.com\/es\/simple-corporate\/\"},{\"@type\":\"ListItem\",\"position\":2,\"name\":\"Products\",\"item\":\"https:\/\/www.sy-dry.com\/products\/\"},{\"@type\":\"ListItem\",\"position\":3,\"name\":\"C-DYNAMIX\"}]},{\"@type\":\"WebSite\",\"@id\":\"https:\/\/www.sy-dry.com\/es\/#website\",\"url\":\"https:\/\/www.sy-dry.com\/es\/\",\"name\":\"SYDRY\",\"description\":\"\",\"potentialAction\":[{\"@type\":\"SearchAction\",\"target\":{\"@type\":\"EntryPoint\",\"urlTemplate\":\"https:\/\/www.sy-dry.com\/es\/?s={search_term_string}\"},\"query-input\":{\"@type\":\"PropertyValueSpecification\",\"valueRequired\":true,\"valueName\":\"search_term_string\"}}],\"inLanguage\":\"es\"}]}<\/script>\n<!-- \/ Yoast SEO plugin. -->","yoast_head_json":{"title":"C-DYNAMIX - SYDRY","description":"PLANTECH-CST dosing and blending station C-DYNAMIX is a modular multi component continuous gravimetric feeding and blending station.","robots":{"index":"index","follow":"follow","max-snippet":"max-snippet:-1","max-image-preview":"max-image-preview:large","max-video-preview":"max-video-preview:-1"},"canonical":"https:\/\/www.sy-dry.com\/es\/producto\/c-dynamix-feeding-blending-station\/","og_locale":"es_ES","og_type":"article","og_title":"C-DYNAMIX - SYDRY","og_description":"PLANTECH-CST dosing and blending station C-DYNAMIX is a modular multi component continuous gravimetric feeding and blending station.","og_url":"https:\/\/www.sy-dry.com\/es\/producto\/c-dynamix-feeding-blending-station\/","og_site_name":"SYDRY","article_modified_time":"2021-04-13T14:43:13+00:00","og_image":[{"width":2300,"height":1042,"url":"https:\/\/www.sy-dry.com\/wp-content\/uploads\/2020\/07\/Dosatore-per-liquidi-tiger-Kannone.93.png","type":"image\/png"}],"twitter_card":"summary_large_image","schema":{"@context":"https:\/\/schema.org","@graph":[{"@type":"WebPage","@id":"https:\/\/www.sy-dry.com\/es\/producto\/c-dynamix-feeding-blending-station\/","url":"https:\/\/www.sy-dry.com\/es\/producto\/c-dynamix-feeding-blending-station\/","name":"C-DYNAMIX - SYDRY","isPartOf":{"@id":"https:\/\/www.sy-dry.com\/es\/#website"},"primaryImageOfPage":{"@id":"https:\/\/www.sy-dry.com\/es\/producto\/c-dynamix-feeding-blending-station\/#primaryimage"},"image":{"@id":"https:\/\/www.sy-dry.com\/es\/producto\/c-dynamix-feeding-blending-station\/#primaryimage"},"thumbnailUrl":"https:\/\/www.sy-dry.com\/wp-content\/uploads\/2020\/07\/Dosatore-per-liquidi-tiger-Kannone.93.png","datePublished":"2020-07-06T15:12:57+00:00","dateModified":"2021-04-13T14:43:13+00:00","description":"PLANTECH-CST dosing and blending station C-DYNAMIX is a modular multi component continuous gravimetric feeding and blending station.","breadcrumb":{"@id":"https:\/\/www.sy-dry.com\/es\/producto\/c-dynamix-feeding-blending-station\/#breadcrumb"},"inLanguage":"es","potentialAction":[{"@type":"ReadAction","target":["https:\/\/www.sy-dry.com\/es\/producto\/c-dynamix-feeding-blending-station\/"]}]},{"@type":"ImageObject","inLanguage":"es","@id":"https:\/\/www.sy-dry.com\/es\/producto\/c-dynamix-feeding-blending-station\/#primaryimage","url":"https:\/\/www.sy-dry.com\/wp-content\/uploads\/2020\/07\/Dosatore-per-liquidi-tiger-Kannone.93.png","contentUrl":"https:\/\/www.sy-dry.com\/wp-content\/uploads\/2020\/07\/Dosatore-per-liquidi-tiger-Kannone.93.png","width":2300,"height":1042},{"@type":"BreadcrumbList","@id":"https:\/\/www.sy-dry.com\/es\/producto\/c-dynamix-feeding-blending-station\/#breadcrumb","itemListElement":[{"@type":"ListItem","position":1,"name":"Home","item":"https:\/\/www.sy-dry.com\/es\/simple-corporate\/"},{"@type":"ListItem","position":2,"name":"Products","item":"https:\/\/www.sy-dry.com\/products\/"},{"@type":"ListItem","position":3,"name":"C-DYNAMIX"}]},{"@type":"WebSite","@id":"https:\/\/www.sy-dry.com\/es\/#website","url":"https:\/\/www.sy-dry.com\/es\/","name":"SYDRY","description":"","potentialAction":[{"@type":"SearchAction","target":{"@type":"EntryPoint","urlTemplate":"https:\/\/www.sy-dry.com\/es\/?s={search_term_string}"},"query-input":{"@type":"PropertyValueSpecification","valueRequired":true,"valueName":"search_term_string"}}],"inLanguage":"es"}]}},"_links":{"self":[{"href":"https:\/\/www.sy-dry.com\/es\/wp-json\/wp\/v2\/product\/6430","targetHints":{"allow":["GET"]}}],"collection":[{"href":"https:\/\/www.sy-dry.com\/es\/wp-json\/wp\/v2\/product"}],"about":[{"href":"https:\/\/www.sy-dry.com\/es\/wp-json\/wp\/v2\/types\/product"}],"wp:featuredmedia":[{"embeddable":true,"href":"https:\/\/www.sy-dry.com\/es\/wp-json\/wp\/v2\/media\/6228"}],"wp:attachment":[{"href":"https:\/\/www.sy-dry.com\/es\/wp-json\/wp\/v2\/media?parent=6430"}],"wp:term":[{"taxonomy":"product_brand","embeddable":true,"href":"https:\/\/www.sy-dry.com\/es\/wp-json\/wp\/v2\/product_brand?post=6430"},{"taxonomy":"product_cat","embeddable":true,"href":"https:\/\/www.sy-dry.com\/es\/wp-json\/wp\/v2\/product_cat?post=6430"},{"taxonomy":"product_tag","embeddable":true,"href":"https:\/\/www.sy-dry.com\/es\/wp-json\/wp\/v2\/product_tag?post=6430"}],"curies":[{"name":"wp","href":"https:\/\/api.w.org\/{rel}","templated":true}]}}