{"id":6429,"date":"2020-07-07T10:50:49","date_gmt":"2020-07-07T08:50:49","guid":{"rendered":"https:\/\/syncro-group.com\/plantech-cst\/product\/lump-breaker\/"},"modified":"2021-04-14T12:58:37","modified_gmt":"2021-04-14T10:58:37","slug":"lump-breaker","status":"publish","type":"product","link":"https:\/\/www.sy-dry.com\/es\/producto\/lump-breaker\/","title":{"rendered":"LBK &#8211; Lump Breaker"},"content":{"rendered":"<ul class=\"advantages\"><li>INSTALACIONES - El peque\u00f1o tama\u00f1o del triturador de grumos LBK permite instalarlo en l\u00edneas existentes o en sistemas nuevos. Tambi\u00e9n puede utilizarse para descargar productos de filtros, mezcladores u otros equipos de proceso. El disyuntor LBK es f\u00e1cil de instalar y puede fijarse en la brida superior o inferior.<\/li><li>OPCIONES DISPONIBLES - El rompe grumos LBK est\u00e1 disponible en diferentes versiones: - Acero al carbono pintado; - Acero inoxidable AISI304; - Acero inoxidable AISI316. Como opci\u00f3n, el rompedor de protuberancias LBK puede dise\u00f1arse para aplicaciones de altas temperaturas y puede ser compatible con ATEX y\/o FDA.<\/li><\/ul>\n","protected":false},"excerpt":{"rendered":"<p>El <strong>rompedor de grumos LBK<\/strong> es una m\u00e1quina compacta y robusta dise\u00f1ada para <strong>romper el producto descargado de las tolvas<\/strong>, que se ha agrupado pero que se desmenuza f\u00e1cilmente.<br \/>\nEl rompedor de grumos LBK es una m\u00e1quina vers\u00e1til que puede utilizarse en diferentes campos industriales como el qu\u00edmico, el alimentario y el del pl\u00e1stico. Consta de un cuerpo rectangular con brida superior e inferior, un eje giratorio con cuchillas integradas, una rejilla superior para retener las part\u00edculas m\u00e1s grandes y un motorreductor para accionar el eje. Debido a la rotaci\u00f3n de las cuchillas, el producto aglomerado es triturado, la unidad tambi\u00e9n est\u00e1 equipada con una puerta frontal para facilitar la inspecci\u00f3n y la limpieza.<\/p>\n","protected":false},"featured_media":6224,"template":"","meta":{"_acf_changed":false,"_themeisle_gutenberg_block_has_review":false},"product_brand":[],"product_cat":[687],"product_tag":[690,689,688],"class_list":{"0":"post-6429","1":"product","2":"type-product","3":"status-publish","4":"has-post-thumbnail","6":"product_cat-extraction-es","7":"product_tag-lump-breaker-es","8":"product_tag-not-free-flowing-materials-es","9":"product_tag-plantech-cst-es","11":"first","12":"instock","13":"shipping-taxable","14":"product-type-simple"},"acf":[],"yoast_head":"<!-- This site is optimized with the Yoast SEO plugin v25.0 - https:\/\/yoast.com\/wordpress\/plugins\/seo\/ -->\n<title>LBK - Lump Breaker - SYDRY<\/title>\n<meta name=\"description\" content=\"The lump breaker LBK is a compact and robust machine engineered to break product discharged from hoppers, that have clumped together.\" \/>\n<meta name=\"robots\" content=\"index, follow, max-snippet:-1, max-image-preview:large, max-video-preview:-1\" \/>\n<link rel=\"canonical\" href=\"https:\/\/www.sy-dry.com\/es\/producto\/lump-breaker\/\" \/>\n<meta property=\"og:locale\" content=\"es_ES\" \/>\n<meta property=\"og:type\" content=\"article\" \/>\n<meta property=\"og:title\" content=\"LBK - Lump Breaker - SYDRY\" \/>\n<meta property=\"og:description\" content=\"The lump breaker LBK is a compact and robust machine engineered to break product discharged from hoppers, that have clumped together.\" \/>\n<meta property=\"og:url\" content=\"https:\/\/www.sy-dry.com\/es\/producto\/lump-breaker\/\" \/>\n<meta property=\"og:site_name\" content=\"SYDRY\" \/>\n<meta property=\"article:modified_time\" content=\"2021-04-14T10:58:37+00:00\" \/>\n<meta property=\"og:image\" content=\"https:\/\/www.sy-dry.com\/wp-content\/uploads\/2020\/07\/LBK-Rompigrumi-1024.jpg\" \/>\n\t<meta property=\"og:image:width\" content=\"1024\" \/>\n\t<meta property=\"og:image:height\" content=\"1024\" \/>\n\t<meta property=\"og:image:type\" content=\"image\/jpeg\" \/>\n<meta name=\"twitter:card\" content=\"summary_large_image\" \/>\n<script type=\"application\/ld+json\" class=\"yoast-schema-graph\">{\"@context\":\"https:\/\/schema.org\",\"@graph\":[{\"@type\":\"WebPage\",\"@id\":\"https:\/\/www.sy-dry.com\/es\/producto\/lump-breaker\/\",\"url\":\"https:\/\/www.sy-dry.com\/es\/producto\/lump-breaker\/\",\"name\":\"LBK - Lump Breaker - SYDRY\",\"isPartOf\":{\"@id\":\"https:\/\/www.sy-dry.com\/es\/#website\"},\"primaryImageOfPage\":{\"@id\":\"https:\/\/www.sy-dry.com\/es\/producto\/lump-breaker\/#primaryimage\"},\"image\":{\"@id\":\"https:\/\/www.sy-dry.com\/es\/producto\/lump-breaker\/#primaryimage\"},\"thumbnailUrl\":\"https:\/\/www.sy-dry.com\/wp-content\/uploads\/2020\/07\/LBK-Rompigrumi-1024.jpg\",\"datePublished\":\"2020-07-07T08:50:49+00:00\",\"dateModified\":\"2021-04-14T10:58:37+00:00\",\"description\":\"The lump breaker LBK is a compact and robust machine engineered to break product discharged from hoppers, that have clumped together.\",\"breadcrumb\":{\"@id\":\"https:\/\/www.sy-dry.com\/es\/producto\/lump-breaker\/#breadcrumb\"},\"inLanguage\":\"es\",\"potentialAction\":[{\"@type\":\"ReadAction\",\"target\":[\"https:\/\/www.sy-dry.com\/es\/producto\/lump-breaker\/\"]}]},{\"@type\":\"ImageObject\",\"inLanguage\":\"es\",\"@id\":\"https:\/\/www.sy-dry.com\/es\/producto\/lump-breaker\/#primaryimage\",\"url\":\"https:\/\/www.sy-dry.com\/wp-content\/uploads\/2020\/07\/LBK-Rompigrumi-1024.jpg\",\"contentUrl\":\"https:\/\/www.sy-dry.com\/wp-content\/uploads\/2020\/07\/LBK-Rompigrumi-1024.jpg\",\"width\":1024,\"height\":1024,\"caption\":\"Extraction\"},{\"@type\":\"BreadcrumbList\",\"@id\":\"https:\/\/www.sy-dry.com\/es\/producto\/lump-breaker\/#breadcrumb\",\"itemListElement\":[{\"@type\":\"ListItem\",\"position\":1,\"name\":\"Home\",\"item\":\"https:\/\/www.sy-dry.com\/es\/simple-corporate\/\"},{\"@type\":\"ListItem\",\"position\":2,\"name\":\"Products\",\"item\":\"https:\/\/www.sy-dry.com\/products\/\"},{\"@type\":\"ListItem\",\"position\":3,\"name\":\"LBK &#8211; Lump Breaker\"}]},{\"@type\":\"WebSite\",\"@id\":\"https:\/\/www.sy-dry.com\/es\/#website\",\"url\":\"https:\/\/www.sy-dry.com\/es\/\",\"name\":\"SYDRY\",\"description\":\"\",\"potentialAction\":[{\"@type\":\"SearchAction\",\"target\":{\"@type\":\"EntryPoint\",\"urlTemplate\":\"https:\/\/www.sy-dry.com\/es\/?s={search_term_string}\"},\"query-input\":{\"@type\":\"PropertyValueSpecification\",\"valueRequired\":true,\"valueName\":\"search_term_string\"}}],\"inLanguage\":\"es\"}]}<\/script>\n<!-- \/ Yoast SEO plugin. -->","yoast_head_json":{"title":"LBK - Lump Breaker - SYDRY","description":"The lump breaker LBK is a compact and robust machine engineered to break product discharged from hoppers, that have clumped together.","robots":{"index":"index","follow":"follow","max-snippet":"max-snippet:-1","max-image-preview":"max-image-preview:large","max-video-preview":"max-video-preview:-1"},"canonical":"https:\/\/www.sy-dry.com\/es\/producto\/lump-breaker\/","og_locale":"es_ES","og_type":"article","og_title":"LBK - Lump Breaker - SYDRY","og_description":"The lump breaker LBK is a compact and robust machine engineered to break product discharged from hoppers, that have clumped together.","og_url":"https:\/\/www.sy-dry.com\/es\/producto\/lump-breaker\/","og_site_name":"SYDRY","article_modified_time":"2021-04-14T10:58:37+00:00","og_image":[{"width":1024,"height":1024,"url":"https:\/\/www.sy-dry.com\/wp-content\/uploads\/2020\/07\/LBK-Rompigrumi-1024.jpg","type":"image\/jpeg"}],"twitter_card":"summary_large_image","schema":{"@context":"https:\/\/schema.org","@graph":[{"@type":"WebPage","@id":"https:\/\/www.sy-dry.com\/es\/producto\/lump-breaker\/","url":"https:\/\/www.sy-dry.com\/es\/producto\/lump-breaker\/","name":"LBK - Lump Breaker - SYDRY","isPartOf":{"@id":"https:\/\/www.sy-dry.com\/es\/#website"},"primaryImageOfPage":{"@id":"https:\/\/www.sy-dry.com\/es\/producto\/lump-breaker\/#primaryimage"},"image":{"@id":"https:\/\/www.sy-dry.com\/es\/producto\/lump-breaker\/#primaryimage"},"thumbnailUrl":"https:\/\/www.sy-dry.com\/wp-content\/uploads\/2020\/07\/LBK-Rompigrumi-1024.jpg","datePublished":"2020-07-07T08:50:49+00:00","dateModified":"2021-04-14T10:58:37+00:00","description":"The lump breaker LBK is a compact and robust machine engineered to break product discharged from hoppers, that have clumped together.","breadcrumb":{"@id":"https:\/\/www.sy-dry.com\/es\/producto\/lump-breaker\/#breadcrumb"},"inLanguage":"es","potentialAction":[{"@type":"ReadAction","target":["https:\/\/www.sy-dry.com\/es\/producto\/lump-breaker\/"]}]},{"@type":"ImageObject","inLanguage":"es","@id":"https:\/\/www.sy-dry.com\/es\/producto\/lump-breaker\/#primaryimage","url":"https:\/\/www.sy-dry.com\/wp-content\/uploads\/2020\/07\/LBK-Rompigrumi-1024.jpg","contentUrl":"https:\/\/www.sy-dry.com\/wp-content\/uploads\/2020\/07\/LBK-Rompigrumi-1024.jpg","width":1024,"height":1024,"caption":"Extraction"},{"@type":"BreadcrumbList","@id":"https:\/\/www.sy-dry.com\/es\/producto\/lump-breaker\/#breadcrumb","itemListElement":[{"@type":"ListItem","position":1,"name":"Home","item":"https:\/\/www.sy-dry.com\/es\/simple-corporate\/"},{"@type":"ListItem","position":2,"name":"Products","item":"https:\/\/www.sy-dry.com\/products\/"},{"@type":"ListItem","position":3,"name":"LBK &#8211; Lump Breaker"}]},{"@type":"WebSite","@id":"https:\/\/www.sy-dry.com\/es\/#website","url":"https:\/\/www.sy-dry.com\/es\/","name":"SYDRY","description":"","potentialAction":[{"@type":"SearchAction","target":{"@type":"EntryPoint","urlTemplate":"https:\/\/www.sy-dry.com\/es\/?s={search_term_string}"},"query-input":{"@type":"PropertyValueSpecification","valueRequired":true,"valueName":"search_term_string"}}],"inLanguage":"es"}]}},"_links":{"self":[{"href":"https:\/\/www.sy-dry.com\/es\/wp-json\/wp\/v2\/product\/6429","targetHints":{"allow":["GET"]}}],"collection":[{"href":"https:\/\/www.sy-dry.com\/es\/wp-json\/wp\/v2\/product"}],"about":[{"href":"https:\/\/www.sy-dry.com\/es\/wp-json\/wp\/v2\/types\/product"}],"wp:featuredmedia":[{"embeddable":true,"href":"https:\/\/www.sy-dry.com\/es\/wp-json\/wp\/v2\/media\/6224"}],"wp:attachment":[{"href":"https:\/\/www.sy-dry.com\/es\/wp-json\/wp\/v2\/media?parent=6429"}],"wp:term":[{"taxonomy":"product_brand","embeddable":true,"href":"https:\/\/www.sy-dry.com\/es\/wp-json\/wp\/v2\/product_brand?post=6429"},{"taxonomy":"product_cat","embeddable":true,"href":"https:\/\/www.sy-dry.com\/es\/wp-json\/wp\/v2\/product_cat?post=6429"},{"taxonomy":"product_tag","embeddable":true,"href":"https:\/\/www.sy-dry.com\/es\/wp-json\/wp\/v2\/product_tag?post=6429"}],"curies":[{"name":"wp","href":"https:\/\/api.w.org\/{rel}","templated":true}]}}