{"id":6428,"date":"2020-07-07T12:08:52","date_gmt":"2020-07-07T10:08:52","guid":{"rendered":"https:\/\/syncro-group.com\/plantech-cst\/product\/df-dense-phase\/"},"modified":"2021-04-14T12:00:34","modified_gmt":"2021-04-14T10:00:34","slug":"df-dense-phase","status":"publish","type":"product","link":"https:\/\/www.sy-dry.com\/es\/producto\/df-dense-phase\/","title":{"rendered":"DF &#8211; Fase densa"},"content":{"rendered":"<ul class=\"advantages\"><li>DIFERENTES CAPACIDADES DE TOLVA PRESURIZADA - La modularidad de los equipos de Plantech-CST permite al usuario utilizar diferentes capacidades de tolva est\u00e1ndar (de 24 a 2000L) y para diferentes rendimientos (de 100 a 30000 Kg\/h).<\/li><li>SISTEMA DE CONTROL E INDUSTRIA 4.0 - El sistema de control de transporte puede gestionar desde un solo receptor hasta varios receptores y l\u00edneas de producci\u00f3n. El PLC se suministra con el protocolo OPC\/UA integrado, lo que hace que cada m\u00e1quina sea modular y est\u00e9 preparada para la industria 4.0.<\/li><li>HMI - El sistema de control de transporte est\u00e1 equipado con una pantalla t\u00e1ctil HMI de f\u00e1cil uso (7\"-9\"-15\").<\/li><li>INSTALACIONES - Los equipos se suministran siempre precableados con cajas de conexi\u00f3n para permitir una instalaci\u00f3n f\u00e1cil y r\u00e1pida.<\/li><li>OPCIONES DISPONIBLES - Como opci\u00f3n se puede dise\u00f1ar para altas temperaturas, cumplir con ATEX y\/o cumplir con la FDA.<\/li><\/ul>\n","protected":false},"excerpt":{"rendered":"<p>El transporte <strong>neum\u00e1tico en fase densa DF<\/strong> es adecuado <strong>para manipular productos a granel como pellets, polvos y remolidos<\/strong>, es la mejor manera de <strong>transportar mezclas<\/strong>, <strong>productos abrasivos y quebradizos<\/strong>. Las principales caracter\u00edsticas son la <strong>baja velocidad de transporte (5-10 m\/s)<\/strong> y la peque\u00f1a cantidad de aire utilizada para mover grandes cantidades de producto.<\/p>\n<p>Un recipiente presurizado mueve el producto mediante aire comprimido en la l\u00ednea de transporte. En paralelo a las tuber\u00edas de producto, se instalan inyectores de aire adicionales para mantener constante la velocidad de transporte y reducir la fricci\u00f3n del producto. De este modo, se pueden transportar grandes cantidades de producto a largas distancias manteniendo las caracter\u00edsticas originales.<\/p>\n","protected":false},"featured_media":6219,"template":"","meta":{"_acf_changed":false,"_themeisle_gutenberg_block_has_review":false},"product_brand":[],"product_cat":[676],"product_tag":[682,685,684,683,686,680,677,679,681,678],"class_list":{"0":"post-6428","1":"product","2":"type-product","3":"status-publish","4":"has-post-thumbnail","6":"product_cat-dense-phase-conveying-es","7":"product_tag-bulk-product-handling-es","8":"product_tag-conveying-abrasive-products-es","9":"product_tag-conveying-fragile-products-es","10":"product_tag-conveying-over-long-distances-es","11":"product_tag-conveying-pre-mixed-products-es","12":"product_tag-dense-phase-pneumatic-conveying-es","13":"product_tag-granule-and-pellet-dosing-es","14":"product_tag-handling-powders-es","15":"product_tag-pneumatic-transport-low-speed-es","16":"product_tag-regrind-dosing-es","18":"first","19":"instock","20":"shipping-taxable","21":"product-type-simple"},"acf":[],"yoast_head":"<!-- This site is optimized with the Yoast SEO plugin v25.0 - https:\/\/yoast.com\/wordpress\/plugins\/seo\/ -->\n<title>DF - Fase densa - SYDRY<\/title>\n<meta name=\"description\" content=\"DF dense phase pneumatic conveying is suitable to handle bulk products (pellets, powders and regrinds) and to transport blend, abrasive,breakable products.\" \/>\n<meta name=\"robots\" content=\"index, follow, max-snippet:-1, max-image-preview:large, max-video-preview:-1\" \/>\n<link rel=\"canonical\" href=\"https:\/\/www.sy-dry.com\/es\/producto\/df-dense-phase\/\" \/>\n<meta property=\"og:locale\" content=\"es_ES\" \/>\n<meta property=\"og:type\" content=\"article\" \/>\n<meta property=\"og:title\" content=\"DF - Fase densa - SYDRY\" \/>\n<meta property=\"og:description\" content=\"DF dense phase pneumatic conveying is suitable to handle bulk products (pellets, powders and regrinds) and to transport blend, abrasive,breakable products.\" \/>\n<meta property=\"og:url\" content=\"https:\/\/www.sy-dry.com\/es\/producto\/df-dense-phase\/\" \/>\n<meta property=\"og:site_name\" content=\"SYDRY\" \/>\n<meta property=\"article:modified_time\" content=\"2021-04-14T10:00:34+00:00\" \/>\n<meta property=\"og:image\" content=\"https:\/\/www.sy-dry.com\/wp-content\/uploads\/2020\/07\/DF-fase-densa-1024.jpg\" \/>\n\t<meta property=\"og:image:width\" content=\"1024\" \/>\n\t<meta property=\"og:image:height\" content=\"1024\" \/>\n\t<meta property=\"og:image:type\" content=\"image\/jpeg\" \/>\n<meta name=\"twitter:card\" content=\"summary_large_image\" \/>\n<script type=\"application\/ld+json\" class=\"yoast-schema-graph\">{\"@context\":\"https:\/\/schema.org\",\"@graph\":[{\"@type\":\"WebPage\",\"@id\":\"https:\/\/www.sy-dry.com\/es\/producto\/df-dense-phase\/\",\"url\":\"https:\/\/www.sy-dry.com\/es\/producto\/df-dense-phase\/\",\"name\":\"DF - Fase densa - SYDRY\",\"isPartOf\":{\"@id\":\"https:\/\/www.sy-dry.com\/es\/#website\"},\"primaryImageOfPage\":{\"@id\":\"https:\/\/www.sy-dry.com\/es\/producto\/df-dense-phase\/#primaryimage\"},\"image\":{\"@id\":\"https:\/\/www.sy-dry.com\/es\/producto\/df-dense-phase\/#primaryimage\"},\"thumbnailUrl\":\"https:\/\/www.sy-dry.com\/wp-content\/uploads\/2020\/07\/DF-fase-densa-1024.jpg\",\"datePublished\":\"2020-07-07T10:08:52+00:00\",\"dateModified\":\"2021-04-14T10:00:34+00:00\",\"description\":\"DF dense phase pneumatic conveying is suitable to handle bulk products (pellets, powders and regrinds) and to transport blend, abrasive,breakable products.\",\"breadcrumb\":{\"@id\":\"https:\/\/www.sy-dry.com\/es\/producto\/df-dense-phase\/#breadcrumb\"},\"inLanguage\":\"es\",\"potentialAction\":[{\"@type\":\"ReadAction\",\"target\":[\"https:\/\/www.sy-dry.com\/es\/producto\/df-dense-phase\/\"]}]},{\"@type\":\"ImageObject\",\"inLanguage\":\"es\",\"@id\":\"https:\/\/www.sy-dry.com\/es\/producto\/df-dense-phase\/#primaryimage\",\"url\":\"https:\/\/www.sy-dry.com\/wp-content\/uploads\/2020\/07\/DF-fase-densa-1024.jpg\",\"contentUrl\":\"https:\/\/www.sy-dry.com\/wp-content\/uploads\/2020\/07\/DF-fase-densa-1024.jpg\",\"width\":1024,\"height\":1024,\"caption\":\"Conveying\"},{\"@type\":\"BreadcrumbList\",\"@id\":\"https:\/\/www.sy-dry.com\/es\/producto\/df-dense-phase\/#breadcrumb\",\"itemListElement\":[{\"@type\":\"ListItem\",\"position\":1,\"name\":\"Home\",\"item\":\"https:\/\/www.sy-dry.com\/es\/simple-corporate\/\"},{\"@type\":\"ListItem\",\"position\":2,\"name\":\"Products\",\"item\":\"https:\/\/www.sy-dry.com\/products\/\"},{\"@type\":\"ListItem\",\"position\":3,\"name\":\"DF &#8211; Fase densa\"}]},{\"@type\":\"WebSite\",\"@id\":\"https:\/\/www.sy-dry.com\/es\/#website\",\"url\":\"https:\/\/www.sy-dry.com\/es\/\",\"name\":\"SYDRY\",\"description\":\"\",\"potentialAction\":[{\"@type\":\"SearchAction\",\"target\":{\"@type\":\"EntryPoint\",\"urlTemplate\":\"https:\/\/www.sy-dry.com\/es\/?s={search_term_string}\"},\"query-input\":{\"@type\":\"PropertyValueSpecification\",\"valueRequired\":true,\"valueName\":\"search_term_string\"}}],\"inLanguage\":\"es\"}]}<\/script>\n<!-- \/ Yoast SEO plugin. -->","yoast_head_json":{"title":"DF - Fase densa - SYDRY","description":"DF dense phase pneumatic conveying is suitable to handle bulk products (pellets, powders and regrinds) and to transport blend, abrasive,breakable products.","robots":{"index":"index","follow":"follow","max-snippet":"max-snippet:-1","max-image-preview":"max-image-preview:large","max-video-preview":"max-video-preview:-1"},"canonical":"https:\/\/www.sy-dry.com\/es\/producto\/df-dense-phase\/","og_locale":"es_ES","og_type":"article","og_title":"DF - Fase densa - SYDRY","og_description":"DF dense phase pneumatic conveying is suitable to handle bulk products (pellets, powders and regrinds) and to transport blend, abrasive,breakable products.","og_url":"https:\/\/www.sy-dry.com\/es\/producto\/df-dense-phase\/","og_site_name":"SYDRY","article_modified_time":"2021-04-14T10:00:34+00:00","og_image":[{"width":1024,"height":1024,"url":"https:\/\/www.sy-dry.com\/wp-content\/uploads\/2020\/07\/DF-fase-densa-1024.jpg","type":"image\/jpeg"}],"twitter_card":"summary_large_image","schema":{"@context":"https:\/\/schema.org","@graph":[{"@type":"WebPage","@id":"https:\/\/www.sy-dry.com\/es\/producto\/df-dense-phase\/","url":"https:\/\/www.sy-dry.com\/es\/producto\/df-dense-phase\/","name":"DF - Fase densa - SYDRY","isPartOf":{"@id":"https:\/\/www.sy-dry.com\/es\/#website"},"primaryImageOfPage":{"@id":"https:\/\/www.sy-dry.com\/es\/producto\/df-dense-phase\/#primaryimage"},"image":{"@id":"https:\/\/www.sy-dry.com\/es\/producto\/df-dense-phase\/#primaryimage"},"thumbnailUrl":"https:\/\/www.sy-dry.com\/wp-content\/uploads\/2020\/07\/DF-fase-densa-1024.jpg","datePublished":"2020-07-07T10:08:52+00:00","dateModified":"2021-04-14T10:00:34+00:00","description":"DF dense phase pneumatic conveying is suitable to handle bulk products (pellets, powders and regrinds) and to transport blend, abrasive,breakable products.","breadcrumb":{"@id":"https:\/\/www.sy-dry.com\/es\/producto\/df-dense-phase\/#breadcrumb"},"inLanguage":"es","potentialAction":[{"@type":"ReadAction","target":["https:\/\/www.sy-dry.com\/es\/producto\/df-dense-phase\/"]}]},{"@type":"ImageObject","inLanguage":"es","@id":"https:\/\/www.sy-dry.com\/es\/producto\/df-dense-phase\/#primaryimage","url":"https:\/\/www.sy-dry.com\/wp-content\/uploads\/2020\/07\/DF-fase-densa-1024.jpg","contentUrl":"https:\/\/www.sy-dry.com\/wp-content\/uploads\/2020\/07\/DF-fase-densa-1024.jpg","width":1024,"height":1024,"caption":"Conveying"},{"@type":"BreadcrumbList","@id":"https:\/\/www.sy-dry.com\/es\/producto\/df-dense-phase\/#breadcrumb","itemListElement":[{"@type":"ListItem","position":1,"name":"Home","item":"https:\/\/www.sy-dry.com\/es\/simple-corporate\/"},{"@type":"ListItem","position":2,"name":"Products","item":"https:\/\/www.sy-dry.com\/products\/"},{"@type":"ListItem","position":3,"name":"DF &#8211; Fase densa"}]},{"@type":"WebSite","@id":"https:\/\/www.sy-dry.com\/es\/#website","url":"https:\/\/www.sy-dry.com\/es\/","name":"SYDRY","description":"","potentialAction":[{"@type":"SearchAction","target":{"@type":"EntryPoint","urlTemplate":"https:\/\/www.sy-dry.com\/es\/?s={search_term_string}"},"query-input":{"@type":"PropertyValueSpecification","valueRequired":true,"valueName":"search_term_string"}}],"inLanguage":"es"}]}},"_links":{"self":[{"href":"https:\/\/www.sy-dry.com\/es\/wp-json\/wp\/v2\/product\/6428","targetHints":{"allow":["GET"]}}],"collection":[{"href":"https:\/\/www.sy-dry.com\/es\/wp-json\/wp\/v2\/product"}],"about":[{"href":"https:\/\/www.sy-dry.com\/es\/wp-json\/wp\/v2\/types\/product"}],"wp:featuredmedia":[{"embeddable":true,"href":"https:\/\/www.sy-dry.com\/es\/wp-json\/wp\/v2\/media\/6219"}],"wp:attachment":[{"href":"https:\/\/www.sy-dry.com\/es\/wp-json\/wp\/v2\/media?parent=6428"}],"wp:term":[{"taxonomy":"product_brand","embeddable":true,"href":"https:\/\/www.sy-dry.com\/es\/wp-json\/wp\/v2\/product_brand?post=6428"},{"taxonomy":"product_cat","embeddable":true,"href":"https:\/\/www.sy-dry.com\/es\/wp-json\/wp\/v2\/product_cat?post=6428"},{"taxonomy":"product_tag","embeddable":true,"href":"https:\/\/www.sy-dry.com\/es\/wp-json\/wp\/v2\/product_tag?post=6428"}],"curies":[{"name":"wp","href":"https:\/\/api.w.org\/{rel}","templated":true}]}}