{"id":6427,"date":"2020-10-20T14:56:28","date_gmt":"2020-10-20T12:56:28","guid":{"rendered":"https:\/\/syncro-group.com\/plantech-cst\/product\/supervisory-system-for-plants\/"},"modified":"2021-04-14T13:05:44","modified_gmt":"2021-04-14T11:05:44","slug":"supervisory-system-for-plants","status":"publish","type":"product","link":"https:\/\/www.sy-dry.com\/es\/producto\/supervisory-system-for-plants\/","title":{"rendered":"Sistema de supervisi\u00f3n para plantas"},"content":{"rendered":"<ul class=\"advantages\"><li>INDUSTRY 4.0 & IoT - El sistema de supervisi\u00f3n de PLANTECH-CST, al igual que todas las m\u00e1quinas de PLANTECH-CST, integra OPC-UA que permite intercambiar informaci\u00f3n de forma f\u00e1cil y segura entre diversas plataformas de m\u00faltiples proveedores a coste cero. Gracias a la tecnolog\u00eda OPC, se ahorran costes de ingenier\u00eda al intercambiar datos de proceso entre las m\u00e1quinas controladas por la supervisi\u00f3n y otras m\u00e1quinas de proceso, adem\u00e1s de permitir una f\u00e1cil comunicaci\u00f3n entre un software de gesti\u00f3n de clientes como MRP, ERP o CRM.<\/li><li>TAMA\u00d1O DE HMI - Amplia gama de HMI de pantalla t\u00e1ctil disponibles: 7\u201d \u2013 12\u201d - 15\u201d - 21\u201d.<\/li><li>PANEL-OEM - Disponible tambi\u00e9n en versi\u00f3n PANEL para ser instalado en el armario de control del OEM para una perfecta integraci\u00f3n.<\/li><\/ul>\n","protected":false},"excerpt":{"rendered":"<p><strong>PLANTECH-CST<\/strong> es capaz de proporcionar <strong>sistemas completos de control y supervisi\u00f3n<\/strong> para l\u00edneas de producci\u00f3n llave en mano, incluyendo la supervisi\u00f3n del almacenamiento, el transporte a presi\u00f3n y al vac\u00edo, el transporte en fase densa, los sistemas de dosificaci\u00f3n por lotes y los procesos de automatizaci\u00f3n industrial m\u00e1s generales. El sistema de supervisi\u00f3n de Plantech est\u00e1 dise\u00f1ado con un alto nivel de modularidad.<\/p>\n<p>Basado en la tecnolog\u00eda industrial de B&amp;R o Siemens PLC, es una soluci\u00f3n de \u00faltima generaci\u00f3n para <strong>gestionar completamente las producciones industriales<\/strong> con una interfaz de operador amigable que tambi\u00e9n permite un f\u00e1cil acceso desde smartphones y tabletas garantizando que el cliente pueda mantener continuamente su negocio bajo control.<\/p>\n","protected":false},"featured_media":6270,"template":"","meta":{"_acf_changed":false,"_themeisle_gutenberg_block_has_review":false},"product_brand":[],"product_cat":[311],"product_tag":[],"class_list":{"0":"post-6427","1":"product","2":"type-product","3":"status-publish","4":"has-post-thumbnail","6":"product_cat-pet","8":"first","9":"instock","10":"shipping-taxable","11":"product-type-simple"},"acf":[],"yoast_head":"<!-- This site is optimized with the Yoast SEO plugin v25.0 - https:\/\/yoast.com\/wordpress\/plugins\/seo\/ -->\n<title>Sistema de supervisi\u00f3n para plantas - SYDRY<\/title>\n<meta name=\"description\" content=\"Supervisory systems for turn-key production lines,pressure and vacuum conveying, and more general industrial automation processes\" \/>\n<meta name=\"robots\" content=\"index, follow, max-snippet:-1, max-image-preview:large, max-video-preview:-1\" \/>\n<link rel=\"canonical\" href=\"https:\/\/www.sy-dry.com\/es\/producto\/supervisory-system-for-plants\/\" \/>\n<meta property=\"og:locale\" content=\"es_ES\" \/>\n<meta property=\"og:type\" content=\"article\" \/>\n<meta property=\"og:title\" content=\"Sistema de supervisi\u00f3n para plantas - SYDRY\" \/>\n<meta property=\"og:description\" content=\"Supervisory systems for turn-key production lines,pressure and vacuum conveying, and more general industrial automation processes\" \/>\n<meta property=\"og:url\" content=\"https:\/\/www.sy-dry.com\/es\/producto\/supervisory-system-for-plants\/\" \/>\n<meta property=\"og:site_name\" content=\"SYDRY\" \/>\n<meta property=\"article:modified_time\" content=\"2021-04-14T11:05:44+00:00\" \/>\n<meta property=\"og:image\" content=\"https:\/\/www.sy-dry.com\/wp-content\/uploads\/2020\/06\/RENDER-ARMADIO-PLANTECH-CST.jpg\" \/>\n\t<meta property=\"og:image:width\" content=\"1024\" \/>\n\t<meta property=\"og:image:height\" content=\"1024\" \/>\n\t<meta property=\"og:image:type\" content=\"image\/jpeg\" \/>\n<meta name=\"twitter:card\" content=\"summary_large_image\" \/>\n<script type=\"application\/ld+json\" class=\"yoast-schema-graph\">{\"@context\":\"https:\/\/schema.org\",\"@graph\":[{\"@type\":\"WebPage\",\"@id\":\"https:\/\/www.sy-dry.com\/es\/producto\/supervisory-system-for-plants\/\",\"url\":\"https:\/\/www.sy-dry.com\/es\/producto\/supervisory-system-for-plants\/\",\"name\":\"Sistema de supervisi\u00f3n para plantas - SYDRY\",\"isPartOf\":{\"@id\":\"https:\/\/www.sy-dry.com\/es\/#website\"},\"primaryImageOfPage\":{\"@id\":\"https:\/\/www.sy-dry.com\/es\/producto\/supervisory-system-for-plants\/#primaryimage\"},\"image\":{\"@id\":\"https:\/\/www.sy-dry.com\/es\/producto\/supervisory-system-for-plants\/#primaryimage\"},\"thumbnailUrl\":\"https:\/\/www.sy-dry.com\/wp-content\/uploads\/2020\/06\/RENDER-ARMADIO-PLANTECH-CST.jpg\",\"datePublished\":\"2020-10-20T12:56:28+00:00\",\"dateModified\":\"2021-04-14T11:05:44+00:00\",\"description\":\"Supervisory systems for turn-key production lines,pressure and vacuum conveying, and more general industrial automation processes\",\"breadcrumb\":{\"@id\":\"https:\/\/www.sy-dry.com\/es\/producto\/supervisory-system-for-plants\/#breadcrumb\"},\"inLanguage\":\"es\",\"potentialAction\":[{\"@type\":\"ReadAction\",\"target\":[\"https:\/\/www.sy-dry.com\/es\/producto\/supervisory-system-for-plants\/\"]}]},{\"@type\":\"ImageObject\",\"inLanguage\":\"es\",\"@id\":\"https:\/\/www.sy-dry.com\/es\/producto\/supervisory-system-for-plants\/#primaryimage\",\"url\":\"https:\/\/www.sy-dry.com\/wp-content\/uploads\/2020\/06\/RENDER-ARMADIO-PLANTECH-CST.jpg\",\"contentUrl\":\"https:\/\/www.sy-dry.com\/wp-content\/uploads\/2020\/06\/RENDER-ARMADIO-PLANTECH-CST.jpg\",\"width\":1024,\"height\":1024},{\"@type\":\"BreadcrumbList\",\"@id\":\"https:\/\/www.sy-dry.com\/es\/producto\/supervisory-system-for-plants\/#breadcrumb\",\"itemListElement\":[{\"@type\":\"ListItem\",\"position\":1,\"name\":\"Home\",\"item\":\"https:\/\/www.sy-dry.com\/es\/simple-corporate\/\"},{\"@type\":\"ListItem\",\"position\":2,\"name\":\"Products\",\"item\":\"https:\/\/www.sy-dry.com\/products\/\"},{\"@type\":\"ListItem\",\"position\":3,\"name\":\"Sistema de supervisi\u00f3n para plantas\"}]},{\"@type\":\"WebSite\",\"@id\":\"https:\/\/www.sy-dry.com\/es\/#website\",\"url\":\"https:\/\/www.sy-dry.com\/es\/\",\"name\":\"SYDRY\",\"description\":\"\",\"potentialAction\":[{\"@type\":\"SearchAction\",\"target\":{\"@type\":\"EntryPoint\",\"urlTemplate\":\"https:\/\/www.sy-dry.com\/es\/?s={search_term_string}\"},\"query-input\":{\"@type\":\"PropertyValueSpecification\",\"valueRequired\":true,\"valueName\":\"search_term_string\"}}],\"inLanguage\":\"es\"}]}<\/script>\n<!-- \/ Yoast SEO plugin. -->","yoast_head_json":{"title":"Sistema de supervisi\u00f3n para plantas - SYDRY","description":"Supervisory systems for turn-key production lines,pressure and vacuum conveying, and more general industrial automation processes","robots":{"index":"index","follow":"follow","max-snippet":"max-snippet:-1","max-image-preview":"max-image-preview:large","max-video-preview":"max-video-preview:-1"},"canonical":"https:\/\/www.sy-dry.com\/es\/producto\/supervisory-system-for-plants\/","og_locale":"es_ES","og_type":"article","og_title":"Sistema de supervisi\u00f3n para plantas - SYDRY","og_description":"Supervisory systems for turn-key production lines,pressure and vacuum conveying, and more general industrial automation processes","og_url":"https:\/\/www.sy-dry.com\/es\/producto\/supervisory-system-for-plants\/","og_site_name":"SYDRY","article_modified_time":"2021-04-14T11:05:44+00:00","og_image":[{"width":1024,"height":1024,"url":"https:\/\/www.sy-dry.com\/wp-content\/uploads\/2020\/06\/RENDER-ARMADIO-PLANTECH-CST.jpg","type":"image\/jpeg"}],"twitter_card":"summary_large_image","schema":{"@context":"https:\/\/schema.org","@graph":[{"@type":"WebPage","@id":"https:\/\/www.sy-dry.com\/es\/producto\/supervisory-system-for-plants\/","url":"https:\/\/www.sy-dry.com\/es\/producto\/supervisory-system-for-plants\/","name":"Sistema de supervisi\u00f3n para plantas - SYDRY","isPartOf":{"@id":"https:\/\/www.sy-dry.com\/es\/#website"},"primaryImageOfPage":{"@id":"https:\/\/www.sy-dry.com\/es\/producto\/supervisory-system-for-plants\/#primaryimage"},"image":{"@id":"https:\/\/www.sy-dry.com\/es\/producto\/supervisory-system-for-plants\/#primaryimage"},"thumbnailUrl":"https:\/\/www.sy-dry.com\/wp-content\/uploads\/2020\/06\/RENDER-ARMADIO-PLANTECH-CST.jpg","datePublished":"2020-10-20T12:56:28+00:00","dateModified":"2021-04-14T11:05:44+00:00","description":"Supervisory systems for turn-key production lines,pressure and vacuum conveying, and more general industrial automation processes","breadcrumb":{"@id":"https:\/\/www.sy-dry.com\/es\/producto\/supervisory-system-for-plants\/#breadcrumb"},"inLanguage":"es","potentialAction":[{"@type":"ReadAction","target":["https:\/\/www.sy-dry.com\/es\/producto\/supervisory-system-for-plants\/"]}]},{"@type":"ImageObject","inLanguage":"es","@id":"https:\/\/www.sy-dry.com\/es\/producto\/supervisory-system-for-plants\/#primaryimage","url":"https:\/\/www.sy-dry.com\/wp-content\/uploads\/2020\/06\/RENDER-ARMADIO-PLANTECH-CST.jpg","contentUrl":"https:\/\/www.sy-dry.com\/wp-content\/uploads\/2020\/06\/RENDER-ARMADIO-PLANTECH-CST.jpg","width":1024,"height":1024},{"@type":"BreadcrumbList","@id":"https:\/\/www.sy-dry.com\/es\/producto\/supervisory-system-for-plants\/#breadcrumb","itemListElement":[{"@type":"ListItem","position":1,"name":"Home","item":"https:\/\/www.sy-dry.com\/es\/simple-corporate\/"},{"@type":"ListItem","position":2,"name":"Products","item":"https:\/\/www.sy-dry.com\/products\/"},{"@type":"ListItem","position":3,"name":"Sistema de supervisi\u00f3n para plantas"}]},{"@type":"WebSite","@id":"https:\/\/www.sy-dry.com\/es\/#website","url":"https:\/\/www.sy-dry.com\/es\/","name":"SYDRY","description":"","potentialAction":[{"@type":"SearchAction","target":{"@type":"EntryPoint","urlTemplate":"https:\/\/www.sy-dry.com\/es\/?s={search_term_string}"},"query-input":{"@type":"PropertyValueSpecification","valueRequired":true,"valueName":"search_term_string"}}],"inLanguage":"es"}]}},"_links":{"self":[{"href":"https:\/\/www.sy-dry.com\/es\/wp-json\/wp\/v2\/product\/6427","targetHints":{"allow":["GET"]}}],"collection":[{"href":"https:\/\/www.sy-dry.com\/es\/wp-json\/wp\/v2\/product"}],"about":[{"href":"https:\/\/www.sy-dry.com\/es\/wp-json\/wp\/v2\/types\/product"}],"wp:featuredmedia":[{"embeddable":true,"href":"https:\/\/www.sy-dry.com\/es\/wp-json\/wp\/v2\/media\/6270"}],"wp:attachment":[{"href":"https:\/\/www.sy-dry.com\/es\/wp-json\/wp\/v2\/media?parent=6427"}],"wp:term":[{"taxonomy":"product_brand","embeddable":true,"href":"https:\/\/www.sy-dry.com\/es\/wp-json\/wp\/v2\/product_brand?post=6427"},{"taxonomy":"product_cat","embeddable":true,"href":"https:\/\/www.sy-dry.com\/es\/wp-json\/wp\/v2\/product_cat?post=6427"},{"taxonomy":"product_tag","embeddable":true,"href":"https:\/\/www.sy-dry.com\/es\/wp-json\/wp\/v2\/product_tag?post=6427"}],"curies":[{"name":"wp","href":"https:\/\/api.w.org\/{rel}","templated":true}]}}