{"id":6038,"date":"2020-06-08T11:46:31","date_gmt":"2020-06-08T09:46:31","guid":{"rendered":"https:\/\/syncro-group.com\/plantech-cst\/our-message\/"},"modified":"2021-08-17T18:24:40","modified_gmt":"2021-08-17T16:24:40","slug":"our-message","status":"publish","type":"page","link":"https:\/\/www.sy-dry.com\/es\/our-message\/","title":{"rendered":"Our Message"},"content":{"rendered":"\n  <div class=\"banner has-hover has-parallax\" id=\"banner-88803475\">\n          <div class=\"banner-inner fill\">\n        <div class=\"banner-bg fill\" data-parallax=\"-3\" data-parallax-container=\".banner\" data-parallax-background>\n            <div class=\"bg fill bg-fill \"><\/div>\n                                    \n                    <\/div>\n\t\t\n        <div class=\"banner-layers container\">\n            <div class=\"fill banner-link\"><\/div>            \n   <div id=\"text-box-170843666\" class=\"text-box banner-layer text-box-square x5 md-x5 lg-x5 y50 md-y50 lg-y50 res-text\">\n                                <div class=\"text-box-content text dark\">\n              \n              <div class=\"text-inner text-left\">\n                  \n<div class=\"main_slider_text_container\">\n<h3 class=\"uppercase\" style=\"text-align: center;\"><strong>MENSAJE DEL DIRECTOR GENERAL<\/strong><\/h3>\n<blockquote>\n<p style=\"text-align: center;\">UN L\u00cdDER ES UN<\/p>\n<p style=\"text-align: center;\">DISTRIBUIDOR DE ESPERANZA<\/p>\n<\/blockquote>\n<\/div>\n              <\/div>\n           <\/div>\n                            \n<style>\n#text-box-170843666 .text-box-content {\n  background-color: rgba(255, 251, 251, 0.12);\n  font-size: 100%;\n}\n#text-box-170843666 {\n  width: 31%;\n}\n<\/style>\n    <\/div>\n \n        <\/div>\n      <\/div>\n\n            \n<style>\n#banner-88803475 {\n  padding-top: 350px;\n}\n#banner-88803475 .bg.bg-loaded {\n  background-image: url(https:\/\/www.sy-dry.com\/wp-content\/uploads\/2020\/07\/Barchette-specchio-16500-azzurro.jpg);\n}\n#banner-88803475 .bg {\n  background-position: 100% 100%;\n}\n#banner-88803475 .ux-shape-divider--top svg {\n  height: 150px;\n  --divider-top-width: 100%;\n}\n#banner-88803475 .ux-shape-divider--bottom svg {\n  height: 150px;\n  --divider-width: 100%;\n}\n<\/style>\n  <\/div>\n\n\n<div class=\"row\"  id=\"row-430283154\">\n\n\t<div id=\"col-1807016225\" class=\"col small-12 large-12\"  >\n\t\t\t\t<div class=\"col-inner\"  >\n\t\t\t\n\t\t\t\n<p class=\"lead\">El\u00a0<strong>Grupo Syncro<\/strong>\u00a0aspira a diferenciarse de otros proveedores trabajando en colaboraci\u00f3n con sus clientes para desarrollar soluciones y procesos a medida dedicados a sus necesidades.<\/p>\n<p class=\"lead\"><img loading=\"lazy\" decoding=\"async\" class=\"wp-image-7265 size-medium alignleft\" src=\"https:\/\/syncro-group.com\/syncro-dry\/wp-content\/uploads\/2021\/08\/caccia-402x400.jpg\" alt=\"\" width=\"402\" height=\"400\" srcset=\"https:\/\/www.sy-dry.com\/wp-content\/uploads\/2021\/08\/caccia-402x400.jpg 402w, https:\/\/www.sy-dry.com\/wp-content\/uploads\/2021\/08\/caccia-804x800.jpg 804w, https:\/\/www.sy-dry.com\/wp-content\/uploads\/2021\/08\/caccia-768x765.jpg 768w, https:\/\/www.sy-dry.com\/wp-content\/uploads\/2021\/08\/caccia-1536x1529.jpg 1536w, https:\/\/www.sy-dry.com\/wp-content\/uploads\/2021\/08\/caccia-2048x2039.jpg 2048w, https:\/\/www.sy-dry.com\/wp-content\/uploads\/2021\/08\/caccia-475x473.jpg 475w, https:\/\/www.sy-dry.com\/wp-content\/uploads\/2021\/08\/caccia-100x100.jpg 100w\" sizes=\"auto, (max-width: 402px) 100vw, 402px\" \/><\/p>\n<p class=\"lead\">Al entender las necesidades de cada cliente, podemos adaptar nuestra oferta para proporcionarles una soluci\u00f3n personalizada que se ajuste exactamente a sus requisitos y les ayude a alcanzar sus objetivos.<\/p>\n<p class=\"lead\"><strong>El \u00e9xito de nuestros clientes es nuestro \u00e9xito.<\/strong><\/p>\n<p class=\"lead\">El Grupo Syncro se inspira en el Tigre. Los tigres eval\u00faan, planifican, son pacientes y elaboran una estrategia exitosa para alcanzar su objetivo.<\/p>\n<p class=\"lead\">El tigre es fuerte, preserva, nunca se rinde, as\u00ed es exactamente como la familia Syncro act\u00faa cada d\u00eda, trabajando duro para encontrar la soluci\u00f3n m\u00e1s adecuada y mejor para nuestros clientes.<\/p>\n<p class=\"lead\">Esto se ha personificado durante la actual crisis de Covid-19, al unirse como una familia, al adoptar pr\u00e1cticas fuera de lo normal para beneficiar a todos, la familia Syncro ha mostrado el verdadero esp\u00edritu del TYger.<\/p>\n<p class=\"lead\">Tambi\u00e9n forma parte del ADN de nuestra empresa nuestra consideraci\u00f3n por el medio ambiente, la sostenibilidad est\u00e1 en el coraz\u00f3n de todo lo que dise\u00f1amos y de cada uno de los productos que creamos. Al examinar el impacto de cada producto en el medio ambiente, c\u00f3mo encaja con la econom\u00eda circular y c\u00f3mo su uso puede ahorrar recursos, mantenemos el medio ambiente en la vanguardia de nuestros pensamientos.<\/p>\n<p class=\"lead\"><strong>La visi\u00f3n del Grupo Syncro es no solo utilizar nuestra tecnolog\u00eda para mejorar el rendimiento de los productos, los \u00edndices de producci\u00f3n y la rentabilidad, sino tener un objetivo m\u00e1s elevado, queremos que nuestros clientes mejoren su experiencia y calidad de vida, al simplificar la vida laboral de nuestros clientes, les permitimos dedicar m\u00e1s tiempo a las cosas que importan en su vida, como la familia.<\/strong><\/p>\n<p><img loading=\"lazy\" decoding=\"async\" class=\" wp-image-6041 alignright\" src=\"https:\/\/syncro-group.com\/syncro-dry\/wp-content\/uploads\/2020\/12\/firma-Caccia-553x400.png\" alt=\"\" width=\"256\" height=\"185\" srcset=\"https:\/\/www.sy-dry.com\/wp-content\/uploads\/2020\/12\/firma-Caccia-553x400.png 553w, https:\/\/www.sy-dry.com\/wp-content\/uploads\/2020\/12\/firma-Caccia-1105x800.png 1105w, https:\/\/www.sy-dry.com\/wp-content\/uploads\/2020\/12\/firma-Caccia-768x556.png 768w, https:\/\/www.sy-dry.com\/wp-content\/uploads\/2020\/12\/firma-Caccia-1536x1112.png 1536w, https:\/\/www.sy-dry.com\/wp-content\/uploads\/2020\/12\/firma-Caccia-2048x1482.png 2048w, https:\/\/www.sy-dry.com\/wp-content\/uploads\/2020\/12\/firma-Caccia-475x344.png 475w\" sizes=\"auto, (max-width: 256px) 100vw, 256px\" \/><\/p>\n\t\t<\/div>\n\t\t\t\t\t<\/div>\n\n\t\n<\/div>\n","protected":false},"excerpt":{"rendered":"","protected":false},"author":1,"featured_media":0,"parent":0,"menu_order":0,"comment_status":"closed","ping_status":"closed","template":"page-blank.php","meta":{"_acf_changed":false,"_themeisle_gutenberg_block_has_review":false,"footnotes":""},"class_list":["post-6038","page","type-page","status-publish","hentry"],"acf":[],"yoast_head":"<!-- This site is optimized with the Yoast SEO plugin v25.0 - https:\/\/yoast.com\/wordpress\/plugins\/seo\/ -->\n<title>Our Message - SYDRY<\/title>\n<meta name=\"robots\" content=\"index, follow, max-snippet:-1, max-image-preview:large, max-video-preview:-1\" \/>\n<link rel=\"canonical\" href=\"https:\/\/www.sy-dry.com\/es\/our-message\/\" \/>\n<meta property=\"og:locale\" content=\"es_ES\" \/>\n<meta property=\"og:type\" content=\"article\" \/>\n<meta property=\"og:title\" content=\"Our Message - SYDRY\" \/>\n<meta property=\"og:url\" content=\"https:\/\/www.sy-dry.com\/es\/our-message\/\" \/>\n<meta property=\"og:site_name\" content=\"SYDRY\" \/>\n<meta property=\"article:modified_time\" content=\"2021-08-17T16:24:40+00:00\" \/>\n<meta property=\"og:image\" content=\"https:\/\/syncro-group.com\/syncro-dry\/wp-content\/uploads\/2021\/08\/caccia-402x400.jpg\" \/>\n<meta name=\"twitter:card\" content=\"summary_large_image\" \/>\n<meta name=\"twitter:label1\" content=\"Tiempo de lectura\" \/>\n\t<meta name=\"twitter:data1\" content=\"2 minutos\" \/>\n<script type=\"application\/ld+json\" class=\"yoast-schema-graph\">{\"@context\":\"https:\/\/schema.org\",\"@graph\":[{\"@type\":\"WebPage\",\"@id\":\"https:\/\/www.sy-dry.com\/es\/our-message\/\",\"url\":\"https:\/\/www.sy-dry.com\/es\/our-message\/\",\"name\":\"Our Message - SYDRY\",\"isPartOf\":{\"@id\":\"https:\/\/www.sy-dry.com\/es\/#website\"},\"primaryImageOfPage\":{\"@id\":\"https:\/\/www.sy-dry.com\/es\/our-message\/#primaryimage\"},\"image\":{\"@id\":\"https:\/\/www.sy-dry.com\/es\/our-message\/#primaryimage\"},\"thumbnailUrl\":\"https:\/\/syncro-group.com\/syncro-dry\/wp-content\/uploads\/2021\/08\/caccia-402x400.jpg\",\"datePublished\":\"2020-06-08T09:46:31+00:00\",\"dateModified\":\"2021-08-17T16:24:40+00:00\",\"breadcrumb\":{\"@id\":\"https:\/\/www.sy-dry.com\/es\/our-message\/#breadcrumb\"},\"inLanguage\":\"es\",\"potentialAction\":[{\"@type\":\"ReadAction\",\"target\":[\"https:\/\/www.sy-dry.com\/es\/our-message\/\"]}]},{\"@type\":\"ImageObject\",\"inLanguage\":\"es\",\"@id\":\"https:\/\/www.sy-dry.com\/es\/our-message\/#primaryimage\",\"url\":\"https:\/\/syncro-group.com\/syncro-dry\/wp-content\/uploads\/2021\/08\/caccia-402x400.jpg\",\"contentUrl\":\"https:\/\/syncro-group.com\/syncro-dry\/wp-content\/uploads\/2021\/08\/caccia-402x400.jpg\"},{\"@type\":\"BreadcrumbList\",\"@id\":\"https:\/\/www.sy-dry.com\/es\/our-message\/#breadcrumb\",\"itemListElement\":[{\"@type\":\"ListItem\",\"position\":1,\"name\":\"Home\",\"item\":\"https:\/\/www.sy-dry.com\/es\/simple-corporate\/\"},{\"@type\":\"ListItem\",\"position\":2,\"name\":\"Our Message\"}]},{\"@type\":\"WebSite\",\"@id\":\"https:\/\/www.sy-dry.com\/es\/#website\",\"url\":\"https:\/\/www.sy-dry.com\/es\/\",\"name\":\"SYDRY\",\"description\":\"\",\"potentialAction\":[{\"@type\":\"SearchAction\",\"target\":{\"@type\":\"EntryPoint\",\"urlTemplate\":\"https:\/\/www.sy-dry.com\/es\/?s={search_term_string}\"},\"query-input\":{\"@type\":\"PropertyValueSpecification\",\"valueRequired\":true,\"valueName\":\"search_term_string\"}}],\"inLanguage\":\"es\"}]}<\/script>\n<!-- \/ Yoast SEO plugin. -->","yoast_head_json":{"title":"Our Message - SYDRY","robots":{"index":"index","follow":"follow","max-snippet":"max-snippet:-1","max-image-preview":"max-image-preview:large","max-video-preview":"max-video-preview:-1"},"canonical":"https:\/\/www.sy-dry.com\/es\/our-message\/","og_locale":"es_ES","og_type":"article","og_title":"Our Message - SYDRY","og_url":"https:\/\/www.sy-dry.com\/es\/our-message\/","og_site_name":"SYDRY","article_modified_time":"2021-08-17T16:24:40+00:00","og_image":[{"url":"https:\/\/syncro-group.com\/syncro-dry\/wp-content\/uploads\/2021\/08\/caccia-402x400.jpg","type":"","width":"","height":""}],"twitter_card":"summary_large_image","twitter_misc":{"Tiempo de lectura":"2 minutos"},"schema":{"@context":"https:\/\/schema.org","@graph":[{"@type":"WebPage","@id":"https:\/\/www.sy-dry.com\/es\/our-message\/","url":"https:\/\/www.sy-dry.com\/es\/our-message\/","name":"Our Message - SYDRY","isPartOf":{"@id":"https:\/\/www.sy-dry.com\/es\/#website"},"primaryImageOfPage":{"@id":"https:\/\/www.sy-dry.com\/es\/our-message\/#primaryimage"},"image":{"@id":"https:\/\/www.sy-dry.com\/es\/our-message\/#primaryimage"},"thumbnailUrl":"https:\/\/syncro-group.com\/syncro-dry\/wp-content\/uploads\/2021\/08\/caccia-402x400.jpg","datePublished":"2020-06-08T09:46:31+00:00","dateModified":"2021-08-17T16:24:40+00:00","breadcrumb":{"@id":"https:\/\/www.sy-dry.com\/es\/our-message\/#breadcrumb"},"inLanguage":"es","potentialAction":[{"@type":"ReadAction","target":["https:\/\/www.sy-dry.com\/es\/our-message\/"]}]},{"@type":"ImageObject","inLanguage":"es","@id":"https:\/\/www.sy-dry.com\/es\/our-message\/#primaryimage","url":"https:\/\/syncro-group.com\/syncro-dry\/wp-content\/uploads\/2021\/08\/caccia-402x400.jpg","contentUrl":"https:\/\/syncro-group.com\/syncro-dry\/wp-content\/uploads\/2021\/08\/caccia-402x400.jpg"},{"@type":"BreadcrumbList","@id":"https:\/\/www.sy-dry.com\/es\/our-message\/#breadcrumb","itemListElement":[{"@type":"ListItem","position":1,"name":"Home","item":"https:\/\/www.sy-dry.com\/es\/simple-corporate\/"},{"@type":"ListItem","position":2,"name":"Our Message"}]},{"@type":"WebSite","@id":"https:\/\/www.sy-dry.com\/es\/#website","url":"https:\/\/www.sy-dry.com\/es\/","name":"SYDRY","description":"","potentialAction":[{"@type":"SearchAction","target":{"@type":"EntryPoint","urlTemplate":"https:\/\/www.sy-dry.com\/es\/?s={search_term_string}"},"query-input":{"@type":"PropertyValueSpecification","valueRequired":true,"valueName":"search_term_string"}}],"inLanguage":"es"}]}},"_links":{"self":[{"href":"https:\/\/www.sy-dry.com\/es\/wp-json\/wp\/v2\/pages\/6038","targetHints":{"allow":["GET"]}}],"collection":[{"href":"https:\/\/www.sy-dry.com\/es\/wp-json\/wp\/v2\/pages"}],"about":[{"href":"https:\/\/www.sy-dry.com\/es\/wp-json\/wp\/v2\/types\/page"}],"author":[{"embeddable":true,"href":"https:\/\/www.sy-dry.com\/es\/wp-json\/wp\/v2\/users\/1"}],"replies":[{"embeddable":true,"href":"https:\/\/www.sy-dry.com\/es\/wp-json\/wp\/v2\/comments?post=6038"}],"version-history":[{"count":0,"href":"https:\/\/www.sy-dry.com\/es\/wp-json\/wp\/v2\/pages\/6038\/revisions"}],"wp:attachment":[{"href":"https:\/\/www.sy-dry.com\/es\/wp-json\/wp\/v2\/media?parent=6038"}],"curies":[{"name":"wp","href":"https:\/\/api.w.org\/{rel}","templated":true}]}}