{"id":6025,"date":"2020-06-08T11:32:08","date_gmt":"2020-06-08T09:32:08","guid":{"rendered":"https:\/\/syncro-group.com\/plantech-cst\/greenology\/"},"modified":"2021-04-12T13:18:06","modified_gmt":"2021-04-12T11:18:06","slug":"greenology","status":"publish","type":"page","link":"https:\/\/www.sy-dry.com\/es\/greenology\/","title":{"rendered":"Greenology"},"content":{"rendered":"\n  <div class=\"banner has-hover has-parallax\" id=\"banner-61719721\">\n          <div class=\"banner-inner fill\">\n        <div class=\"banner-bg fill\" data-parallax=\"-3\" data-parallax-container=\".banner\" data-parallax-background>\n            <div class=\"bg fill bg-fill \"><\/div>\n                                    \n                    <\/div>\n\t\t\n        <div class=\"banner-layers container\">\n            <div class=\"fill banner-link\"><\/div>            \n   <div id=\"text-box-1938308685\" class=\"text-box banner-layer text-box-circle x75 md-x75 lg-x75 y50 md-y50 lg-y50 res-text\">\n                                <div class=\"text-box-content text dark\">\n              \n              <div class=\"text-inner text-center\">\n                  \n<div class=\"main_slider_text_container\">\n<p><strong>REDUCIR<\/strong><\/p>\n<p><strong>REUTILIZAR<\/strong><\/p>\n<p><strong>RECICLAR<\/strong><\/p>\n<\/div>\n              <\/div>\n           <\/div>\n                            \n<style>\n#text-box-1938308685 .text-box-content {\n  background-color: rgba(109, 206, 73, 0.72);\n  font-size: 135%;\n}\n#text-box-1938308685 {\n  width: 23%;\n}\n<\/style>\n    <\/div>\n \n        <\/div>\n      <\/div>\n\n            \n<style>\n#banner-61719721 {\n  padding-top: 350px;\n}\n#banner-61719721 .bg.bg-loaded {\n  background-image: url(https:\/\/www.sy-dry.com\/wp-content\/uploads\/2020\/07\/greenology_2-01-1400x391.jpg);\n}\n#banner-61719721 .bg {\n  background-position: 65% 85%;\n}\n#banner-61719721 .ux-shape-divider--top svg {\n  height: 150px;\n  --divider-top-width: 100%;\n}\n#banner-61719721 .ux-shape-divider--bottom svg {\n  height: 150px;\n  --divider-width: 100%;\n}\n<\/style>\n  <\/div>\n\n\n<div class=\"row\"  id=\"row-1543327909\">\n\n\t<div id=\"col-1996776707\" class=\"col small-12 large-12\"  >\n\t\t\t\t<div class=\"col-inner\"  >\n\t\t\t\n\t\t\t\n<p class=\"lead\">La\u00a0<strong>econom\u00eda circular<\/strong>\u00a0representa un modelo alternativo y m\u00e1s\u00a0<strong>sostenible<\/strong>\u00a0a la econom\u00eda lineal tradicional.<\/p>\n<p class=\"lead\">Un modelo lineal sigue el camino de fabricar, usar y luego desechar. En cambio, en una\u00a0<strong>econom\u00eda circular<\/strong>, mantenemos los recursos en uso durante el mayor tiempo posible, extraemos el\u00a0<strong>m\u00e1ximo valor<\/strong>\u00a0de ellos mientras est\u00e1n en uso, y luego\u00a0<strong>recuperamos<\/strong>\u00a0y\u00a0<strong>regeneramos<\/strong>\u00a0los productos y materiales al final de su vida \u00fatil, en esencia utilizamos las tres R:\u00a0<strong>REDUCIR, REUTILIZAR, RECICLAR<\/strong>.<\/p>\n<p class=\"lead\">En la pr\u00e1ctica, implica reducir los residuos al m\u00ednimo, cuando un producto llega al final de su vida \u00fatil, sus materiales se mantienen dentro de la econom\u00eda siempre que sea posible. Estos pueden ser utilizados productivamente\u00a0<strong>una y otra vez<\/strong>, creando as\u00ed m\u00e1s valor al dar al\u00a0<strong>material de desecho<\/strong>\u00a0un uso\u00a0<strong>secundario<\/strong>\u00a0en la\u00a0<strong>vida<\/strong>.<\/p>\n<p class=\"lead\">Las caracter\u00edsticas \u00fanicas de los pl\u00e1sticos les permiten desempe\u00f1ar un papel importante en el camino hacia un futuro m\u00e1s sostenible y eficiente en cuanto a recursos. Los pl\u00e1sticos ligeros, vers\u00e1tiles y duraderos\u00a0<strong>pueden ayudar<\/strong>\u00a0a ahorrar\u00a0<strong>recursos<\/strong>\u00a0clave, como la energ\u00eda y el agua, en sectores estrat\u00e9gicos como el de los envases, la construcci\u00f3n, la automoci\u00f3n y las energ\u00edas renovables, por nombrar s\u00f3lo algunos. Adem\u00e1s, las aplicaciones de los pl\u00e1sticos en los envases pueden ayudar a reducir el\u00a0<strong>desperdicio de alimentos<\/strong>. Sin embargo, para mejorar la circularidad de los pl\u00e1sticos, es esencial asegurarse de que cada vez m\u00e1s\u00a0<strong>residuos pl\u00e1sticos se recuperen y no acaben en el vertedero o en el medio ambiente<\/strong>.<\/p>\n<p class=\"lead\">El\u00a0<strong>Grupo Syncro<\/strong>\u00a0es siempre sensible a las cuestiones medioambientales y trabaja por un uso\u00a0<strong>sostenible<\/strong>\u00a0y\u00a0<strong>circular<\/strong>\u00a0de las\u00a0<strong>materias primas<\/strong>\u00a0y la\u00a0<strong>energ\u00eda<\/strong>, parte de ese Grupo es\u00a0<strong>Plasmac<\/strong>\u00a0un proveedor de maquinaria para el reciclaje de pl\u00e1sticos y\u00a0<strong>Plasmac<\/strong>\u00a0puede ayudar a sus clientes a transformar sus residuos industriales en las materias primas para hacer objetos \u00fatiles con un uso\u00a0<strong>secundario en la vida<\/strong>.<\/p>\n<p class=\"lead\"><strong>Plasmac<\/strong>\u00a0lleva m\u00e1s de 25 a\u00f1os en la\u00a0<strong>industria del reciclaje<\/strong>\u00a0y forma parte del Grupo EREMA, el mayor proveedor de maquinaria de reciclaje del mundo, y del\u00a0<strong>Grupo de empresas Syncro<\/strong>.<\/p>\n\t\t<\/div>\n\t\t\t\t\t<\/div>\n\n\t\n<\/div>\n","protected":false},"excerpt":{"rendered":"","protected":false},"author":1,"featured_media":0,"parent":0,"menu_order":0,"comment_status":"closed","ping_status":"closed","template":"page-blank.php","meta":{"_acf_changed":false,"_themeisle_gutenberg_block_has_review":false,"footnotes":""},"class_list":["post-6025","page","type-page","status-publish","hentry"],"acf":[],"yoast_head":"<!-- This site is optimized with the Yoast SEO plugin v25.0 - https:\/\/yoast.com\/wordpress\/plugins\/seo\/ -->\n<title>Greenology - SYDRY<\/title>\n<meta name=\"robots\" content=\"index, follow, max-snippet:-1, max-image-preview:large, max-video-preview:-1\" \/>\n<link rel=\"canonical\" href=\"https:\/\/www.sy-dry.com\/es\/greenology\/\" \/>\n<meta property=\"og:locale\" content=\"es_ES\" \/>\n<meta property=\"og:type\" content=\"article\" \/>\n<meta property=\"og:title\" content=\"Greenology - SYDRY\" \/>\n<meta property=\"og:url\" content=\"https:\/\/www.sy-dry.com\/es\/greenology\/\" \/>\n<meta property=\"og:site_name\" content=\"SYDRY\" \/>\n<meta property=\"article:modified_time\" content=\"2021-04-12T11:18:06+00:00\" \/>\n<meta name=\"twitter:card\" content=\"summary_large_image\" \/>\n<meta name=\"twitter:label1\" content=\"Tiempo de lectura\" \/>\n\t<meta name=\"twitter:data1\" content=\"2 minutos\" \/>\n<script type=\"application\/ld+json\" class=\"yoast-schema-graph\">{\"@context\":\"https:\/\/schema.org\",\"@graph\":[{\"@type\":\"WebPage\",\"@id\":\"https:\/\/www.sy-dry.com\/es\/greenology\/\",\"url\":\"https:\/\/www.sy-dry.com\/es\/greenology\/\",\"name\":\"Greenology - SYDRY\",\"isPartOf\":{\"@id\":\"https:\/\/www.sy-dry.com\/es\/#website\"},\"datePublished\":\"2020-06-08T09:32:08+00:00\",\"dateModified\":\"2021-04-12T11:18:06+00:00\",\"breadcrumb\":{\"@id\":\"https:\/\/www.sy-dry.com\/es\/greenology\/#breadcrumb\"},\"inLanguage\":\"es\",\"potentialAction\":[{\"@type\":\"ReadAction\",\"target\":[\"https:\/\/www.sy-dry.com\/es\/greenology\/\"]}]},{\"@type\":\"BreadcrumbList\",\"@id\":\"https:\/\/www.sy-dry.com\/es\/greenology\/#breadcrumb\",\"itemListElement\":[{\"@type\":\"ListItem\",\"position\":1,\"name\":\"Home\",\"item\":\"https:\/\/www.sy-dry.com\/es\/simple-corporate\/\"},{\"@type\":\"ListItem\",\"position\":2,\"name\":\"Greenology\"}]},{\"@type\":\"WebSite\",\"@id\":\"https:\/\/www.sy-dry.com\/es\/#website\",\"url\":\"https:\/\/www.sy-dry.com\/es\/\",\"name\":\"SYDRY\",\"description\":\"\",\"potentialAction\":[{\"@type\":\"SearchAction\",\"target\":{\"@type\":\"EntryPoint\",\"urlTemplate\":\"https:\/\/www.sy-dry.com\/es\/?s={search_term_string}\"},\"query-input\":{\"@type\":\"PropertyValueSpecification\",\"valueRequired\":true,\"valueName\":\"search_term_string\"}}],\"inLanguage\":\"es\"}]}<\/script>\n<!-- \/ Yoast SEO plugin. -->","yoast_head_json":{"title":"Greenology - SYDRY","robots":{"index":"index","follow":"follow","max-snippet":"max-snippet:-1","max-image-preview":"max-image-preview:large","max-video-preview":"max-video-preview:-1"},"canonical":"https:\/\/www.sy-dry.com\/es\/greenology\/","og_locale":"es_ES","og_type":"article","og_title":"Greenology - SYDRY","og_url":"https:\/\/www.sy-dry.com\/es\/greenology\/","og_site_name":"SYDRY","article_modified_time":"2021-04-12T11:18:06+00:00","twitter_card":"summary_large_image","twitter_misc":{"Tiempo de lectura":"2 minutos"},"schema":{"@context":"https:\/\/schema.org","@graph":[{"@type":"WebPage","@id":"https:\/\/www.sy-dry.com\/es\/greenology\/","url":"https:\/\/www.sy-dry.com\/es\/greenology\/","name":"Greenology - SYDRY","isPartOf":{"@id":"https:\/\/www.sy-dry.com\/es\/#website"},"datePublished":"2020-06-08T09:32:08+00:00","dateModified":"2021-04-12T11:18:06+00:00","breadcrumb":{"@id":"https:\/\/www.sy-dry.com\/es\/greenology\/#breadcrumb"},"inLanguage":"es","potentialAction":[{"@type":"ReadAction","target":["https:\/\/www.sy-dry.com\/es\/greenology\/"]}]},{"@type":"BreadcrumbList","@id":"https:\/\/www.sy-dry.com\/es\/greenology\/#breadcrumb","itemListElement":[{"@type":"ListItem","position":1,"name":"Home","item":"https:\/\/www.sy-dry.com\/es\/simple-corporate\/"},{"@type":"ListItem","position":2,"name":"Greenology"}]},{"@type":"WebSite","@id":"https:\/\/www.sy-dry.com\/es\/#website","url":"https:\/\/www.sy-dry.com\/es\/","name":"SYDRY","description":"","potentialAction":[{"@type":"SearchAction","target":{"@type":"EntryPoint","urlTemplate":"https:\/\/www.sy-dry.com\/es\/?s={search_term_string}"},"query-input":{"@type":"PropertyValueSpecification","valueRequired":true,"valueName":"search_term_string"}}],"inLanguage":"es"}]}},"_links":{"self":[{"href":"https:\/\/www.sy-dry.com\/es\/wp-json\/wp\/v2\/pages\/6025","targetHints":{"allow":["GET"]}}],"collection":[{"href":"https:\/\/www.sy-dry.com\/es\/wp-json\/wp\/v2\/pages"}],"about":[{"href":"https:\/\/www.sy-dry.com\/es\/wp-json\/wp\/v2\/types\/page"}],"author":[{"embeddable":true,"href":"https:\/\/www.sy-dry.com\/es\/wp-json\/wp\/v2\/users\/1"}],"replies":[{"embeddable":true,"href":"https:\/\/www.sy-dry.com\/es\/wp-json\/wp\/v2\/comments?post=6025"}],"version-history":[{"count":0,"href":"https:\/\/www.sy-dry.com\/es\/wp-json\/wp\/v2\/pages\/6025\/revisions"}],"wp:attachment":[{"href":"https:\/\/www.sy-dry.com\/es\/wp-json\/wp\/v2\/media?parent=6025"}],"curies":[{"name":"wp","href":"https:\/\/api.w.org\/{rel}","templated":true}]}}